{"id":9886,"date":"2015-09-06T20:17:00","date_gmt":"2015-09-06T23:17:00","guid":{"rendered":"http:\/\/categero.org.br\/?page_id=9886"},"modified":"2018-09-17T16:25:47","modified_gmt":"2018-09-17T19:25:47","slug":"porto-alegrers-praca-santo-antonio-de-categero-no-bairro-restinga","status":"publish","type":"page","link":"https:\/\/categero.org.br\/antigo\/?page_id=9886","title":{"rendered":"Pra\u00e7a Santo Ant\u00f4nio de Categer\u00f3, no Bairro Restinga, Porto Alegre\/RS"},"content":{"rendered":"<p style=\"text-align: center;\"><strong>Santo Ant\u00f4nio de Categer\u00f3 \u00e9 uma pra\u00e7a<br \/>\nno Bairro Restinga em Porto Alegre<\/strong><\/p>\n<p style=\"text-align: right;\">A pra\u00e7a, e seu em torno, poder\u00e1 at\u00e9, constituir um espa\u00e7o<br \/>\nem mem\u00f3ria aos Santos negros do Catolicismo Brasileiro quinhentista.<br \/>\nEvoca a chegada das devo\u00e7\u00f5es de Santo Ant\u00f4nio de Categer\u00f3 (jesu\u00edtas-1590);<br \/>\nSanta Efig\u00eania e Santo Elesb\u00e3o (carmelitas-1594)<br \/>\ne de S\u00e3o Benedito (franciscanos-1639) .<br \/>\nPara isso, est\u00e3o sendo trabalhadas as denomina\u00e7\u00f5es de pra\u00e7a<br \/>\ncont\u00edgua e abaixo, a pra\u00e7a de Categer\u00f3, para Ssnta Efig\u00eania,<br \/>\ne da rua, acima a pra\u00e7a de Categer\u00f3, para Santo Elesb\u00e3o.<\/p>\n<p style=\"text-align: right;\"><em><strong>VEJA MAIS &nbsp; &nbsp; <a href=\"http:\/\/categero.org.br\/?p=9901\" target=\"_blank\" rel=\"noopener noreferrer\">&nbsp;Not\u00edcias &nbsp;desta Pra\u00e7a em nosso Portal<\/a><\/strong><\/em>&nbsp;<a href=\"http:\/\/categero.org.br\/wp-content\/uploads\/2015\/09\/1.-Carlos-Nedel.jpg\"><br \/>\n<\/a><\/p>\n<div id=\"attachment_12701\" style=\"width: 509px\" class=\"wp-caption aligncenter\"><img loading=\"lazy\" decoding=\"async\" aria-describedby=\"caption-attachment-12701\" width=\"499\" height=\"887\" class=\"wp-image-12701\" alt=\"\" src=\"http:\/\/categero.org.br\/wp-content\/uploads\/2015\/09\/IMG-20160426-WA0003.jpg\" srcset=\"https:\/\/categero.org.br\/antigo\/wp-content\/uploads\/2015\/09\/IMG-20160426-WA0003.jpg 720w, https:\/\/categero.org.br\/antigo\/wp-content\/uploads\/2015\/09\/IMG-20160426-WA0003-169x300.jpg 169w, https:\/\/categero.org.br\/antigo\/wp-content\/uploads\/2015\/09\/IMG-20160426-WA0003-576x1024.jpg 576w, https:\/\/categero.org.br\/antigo\/wp-content\/uploads\/2015\/09\/IMG-20160426-WA0003-495x880.jpg 495w\" sizes=\"auto, (max-width: 499px) 100vw, 499px\" \/><p id=\"caption-attachment-12701\" class=\"wp-caption-text\">Imagem em tamanho natural, criada pelo artista ga\u00facho Ars\u00eanio John, que aguarda as autoriza\u00e7\u00f5es para sua implanta\u00e7\u00e3o nesta pra\u00e7a<\/p><\/div>\n<p style=\"text-align: right;\"><em><strong>VEJA MAIS &nbsp; &nbsp; &nbsp;<a href=\"http:\/\/categero.org.br\/?p=9901\" target=\"_blank\" rel=\"noopener noreferrer\">Not\u00edcias &nbsp;desta Pra\u00e7a em nosso Portal<\/a><\/strong><\/em><\/p>\n<h5>&nbsp;<\/h5>\n<h3 style=\"text-align: center;\">&nbsp;O&nbsp;Santo na pra\u00e7a<\/h3>\n<h5 style=\"text-align: left; padding-left: 120px;\">&nbsp;O&nbsp;Santo na pra\u00e7a&#8230; \u00e9 um templo a c\u00e9u aberto<\/h5>\n<h5 style=\"padding-left: 120px;\">A pra\u00e7a, como uma banda em desfile, simboliza a alegria&#8230;<\/h5>\n<h5 style=\"text-align: justify; padding-left: 120px;\">Local de encontros &nbsp;&#8211; &nbsp;principal&nbsp; \u00e0s crian\u00e7as:<\/h5>\n<h5 style=\"text-align: justify; padding-left: 120px;\">&#8220;Deixai vir a mim os pequeninos&#8221; &#8211; &nbsp;em todos os templos<\/h5>\n<h5 style=\"text-align: justify; padding-left: 120px;\">Este Categer\u00f3, veio da vizinha &nbsp;N\u00aa S\u00aa do Desterro,<\/h5>\n<h5 style=\"text-align: justify; padding-left: 120px;\">mas, tendo como fonte, S\u00e3o Paulo Capital.<\/h5>\n<h5 style=\"text-align: justify; padding-left: 120px;\">Vem da Matriz&nbsp;de Nossa Senhora do \u00d3&#8230;<\/h5>\n<h5>&nbsp;<\/h5>\n<h5 style=\"text-align: justify; padding-left: 120px;\">Ent\u00e3o&#8230; para as crian\u00e7as da Restinga:<\/h5>\n<h5 style=\"text-align: justify; padding-left: 120px;\">Eis a pra\u00e7a Santo Ant\u00f4nio de Categer\u00f3.<\/h5>\n<h5 style=\"text-align: justify; padding-left: 120px;\">&#8211; Eis um templo a c\u00e9u aberto<\/h5>\n<h5 style=\"text-align: justify; padding-left: 120px;\">&#8211; para encontros e reflex\u00f5es,<\/h5>\n<h5 style=\"text-align: justify; padding-left: 120px;\">pois, sempre que dois, se reunirem em seu nome,<\/h5>\n<h5 style=\"text-align: justify; padding-left: 120px;\">Cristo estar\u00e1 entre eles e, nesse templo a c\u00e9u aberto,<\/h5>\n<h5 style=\"text-align: justify; padding-left: 120px;\">estar\u00e1 junto \u00e0 imagem,&nbsp;em tamanho natural,<\/h5>\n<h5 style=\"text-align: justify; padding-left: 120px;\">do Beato Santo Ant\u00f4nio de Categer\u00f3.<\/h5>\n<h5 style=\"text-align: justify; padding-left: 120px;\">.<\/h5>\n<p><em>Nossos agradecimentos aos diversos p\u00e1rocos, <i><span style=\"margin: 0px; color: #333333; line-height: 107%; font-family: 'Georgia',serif; font-size: 11pt;\">da igreja de Nossa Senhora da Miseric\u00f3rdia, do bairro Restinga<\/span>, com que trabalhamos neste projeto, por seus apoios,<\/i> para que o Beato Ant\u00f4nio de Categer\u00f3,&nbsp; fosse institu\u00eddo pelo poder p\u00fablico municipal, como&nbsp;<i> Padroeiro dessa pra\u00e7a.&nbsp;<\/i> Ao nosso beato que j\u00e1 est\u00e1 consagrado Padroeiro da C\u00e1ritas Diocesana, da cidade de Noto, na It\u00e1lia e, desta pra\u00e7a, envidamos esfor\u00e7os para seja consagrado Padroeiro da Seguran\u00e7a P\u00fablica brasileira. Em especial, nossos agradecimentos, aos<span style=\"margin: 0px; color: #333333; line-height: 107%; font-family: 'Georgia',serif; font-size: 11pt;\"><i> Pe. Gilson Bertamoni<\/i><\/span> e, Pe. &nbsp;An\u00e9sio Ferla.<\/em><\/p>\n<p style=\"padding-left: 120px; text-align: center;\">Beato Santo Ant\u00f4nio de Categer\u00f3: &nbsp;Rogai por n\u00f3s&#8230;.<\/p>\n<p style=\"padding-left: 120px; text-align: center;\">.<\/p>\n<p style=\"text-align: right;\">&nbsp;<em><strong>VEJA MAIS &nbsp; &nbsp; &nbsp;<a href=\"http:\/\/categero.org.br\/?p=9901\" target=\"_blank\" rel=\"noopener noreferrer\">Not\u00edcias &nbsp;desta Pra\u00e7a em nosso Portal<\/a><\/strong><\/em><\/p>\n<p>&nbsp;<\/p>\n<p><img loading=\"lazy\" decoding=\"async\" width=\"482\" height=\"198\" class=\"aligncenter size-full wp-image-12702\" alt=\"\" src=\"http:\/\/categero.org.br\/wp-content\/uploads\/2015\/09\/Banner-Img-Nova.jpg\" srcset=\"https:\/\/categero.org.br\/antigo\/wp-content\/uploads\/2015\/09\/Banner-Img-Nova.jpg 482w, https:\/\/categero.org.br\/antigo\/wp-content\/uploads\/2015\/09\/Banner-Img-Nova-300x123.jpg 300w\" sizes=\"auto, (max-width: 482px) 100vw, 482px\" \/><\/p>\n<p style=\"text-align: right;\"><em><strong>VEJA MAIS &nbsp; &nbsp; &nbsp;<a href=\"http:\/\/categero.org.br\/?p=9901\" target=\"_blank\" rel=\"noopener noreferrer\">Not\u00edcias &nbsp;desta Pra\u00e7a em nosso Portal<\/a><\/strong><\/em><\/p>\n","protected":false},"excerpt":{"rendered":"<p>Santo Ant\u00f4nio de Categer\u00f3 \u00e9 uma pra\u00e7a no Bairro Restinga em Porto Alegre A pra\u00e7a, e seu em torno, poder\u00e1 at\u00e9, constituir um espa\u00e7o em mem\u00f3ria aos Santos negros do Catolicismo Brasileiro quinhentista. Evoca a chegada das devo\u00e7\u00f5es de Santo Ant\u00f4nio de Categer\u00f3 (jesu\u00edtas-1590); Santa Efig\u00eania e Santo Elesb\u00e3o (carmelitas-1594) e de S\u00e3o Benedito (franciscanos-1639) [&hellip;]<\/p>\n","protected":false},"author":1,"featured_media":9889,"parent":12333,"menu_order":0,"comment_status":"closed","ping_status":"closed","template":"","meta":{"ngg_post_thumbnail":0,"footnotes":""},"class_list":["post-9886","page","type-page","status-publish","has-post-thumbnail","hentry"],"_links":{"self":[{"href":"https:\/\/categero.org.br\/antigo\/index.php?rest_route=\/wp\/v2\/pages\/9886","targetHints":{"allow":["GET"]}}],"collection":[{"href":"https:\/\/categero.org.br\/antigo\/index.php?rest_route=\/wp\/v2\/pages"}],"about":[{"href":"https:\/\/categero.org.br\/antigo\/index.php?rest_route=\/wp\/v2\/types\/page"}],"author":[{"embeddable":true,"href":"https:\/\/categero.org.br\/antigo\/index.php?rest_route=\/wp\/v2\/users\/1"}],"replies":[{"embeddable":true,"href":"https:\/\/categero.org.br\/antigo\/index.php?rest_route=%2Fwp%2Fv2%2Fcomments&post=9886"}],"version-history":[{"count":30,"href":"https:\/\/categero.org.br\/antigo\/index.php?rest_route=\/wp\/v2\/pages\/9886\/revisions"}],"predecessor-version":[{"id":13265,"href":"https:\/\/categero.org.br\/antigo\/index.php?rest_route=\/wp\/v2\/pages\/9886\/revisions\/13265"}],"up":[{"embeddable":true,"href":"https:\/\/categero.org.br\/antigo\/index.php?rest_route=\/wp\/v2\/pages\/12333"}],"wp:featuredmedia":[{"embeddable":true,"href":"https:\/\/categero.org.br\/antigo\/index.php?rest_route=\/wp\/v2\/media\/9889"}],"wp:attachment":[{"href":"https:\/\/categero.org.br\/antigo\/index.php?rest_route=%2Fwp%2Fv2%2Fmedia&parent=9886"}],"curies":[{"name":"wp","href":"https:\/\/api.w.org\/{rel}","templated":true}]}}