{"id":9801,"date":"2015-09-03T21:12:05","date_gmt":"2015-09-04T00:12:05","guid":{"rendered":"http:\/\/categero.org.br\/?page_id=9801"},"modified":"2017-01-20T18:56:29","modified_gmt":"2017-01-20T21:56:29","slug":"spsao-paulo-igreja-matriz-de-na-sa-da-expectacao-do-o","status":"publish","type":"page","link":"https:\/\/categero.org.br\/antigo\/?page_id=9801","title":{"rendered":"SP\/S\u00e3o Paulo \u2013 Igreja Matriz de N\u00aa S\u00aa da Expecta\u00e7\u00e3o do \u00d3"},"content":{"rendered":"<p style=\"text-align: center;\"><b>Igreja do \u00d3, na regi\u00e3o Episcopal da Brasil\u00e2ndia, na Capital paulista<\/b><\/p>\n<p style=\"text-align: right;\"><em><strong>VEJA \u00a0 \u00a0 <a href=\"http:\/\/categero.org.br\/?p=11441\" target=\"_blank\">\u00a0Not\u00edcias \u00a0de Categer\u00f3 nesta Matriz em nosso Portal<\/a><\/strong><\/em><\/p>\n<p><a href=\"http:\/\/categero.org.br\/wp-content\/uploads\/2015\/09\/Dois-Categ-\u00d3.jpg\"><img loading=\"lazy\" decoding=\"async\" class=\"wp-image-9805 size-full aligncenter\" src=\"http:\/\/categero.org.br\/wp-content\/uploads\/2015\/09\/Dois-Categ-\u00d3.jpg\" alt=\"Dois Categ \u00d3\" width=\"500\" height=\"340\" srcset=\"https:\/\/categero.org.br\/antigo\/wp-content\/uploads\/2015\/09\/Dois-Categ-\u00d3.jpg 500w, https:\/\/categero.org.br\/antigo\/wp-content\/uploads\/2015\/09\/Dois-Categ-\u00d3-300x204.jpg 300w, https:\/\/categero.org.br\/antigo\/wp-content\/uploads\/2015\/09\/Dois-Categ-\u00d3-495x336.jpg 495w, https:\/\/categero.org.br\/antigo\/wp-content\/uploads\/2015\/09\/Dois-Categ-\u00d3-75x50.jpg 75w, https:\/\/categero.org.br\/antigo\/wp-content\/uploads\/2015\/09\/Dois-Categ-\u00d3-50x35.jpg 50w\" sizes=\"auto, (max-width: 500px) 100vw, 500px\" \/><\/a><\/p>\n<p style=\"text-align: justify;\"><img loading=\"lazy\" decoding=\"async\" class=\"wp-image-11433 alignleft\" src=\"http:\/\/categero.org.br\/wp-content\/uploads\/2017\/01\/Missa-em-18-01-17-no-\u00d3-2.jpg\" alt=\"Missa em 18-01-17 no \u00d3 2\" width=\"218\" height=\"363\" srcset=\"https:\/\/categero.org.br\/antigo\/wp-content\/uploads\/2017\/01\/Missa-em-18-01-17-no-\u00d3-2.jpg 576w, https:\/\/categero.org.br\/antigo\/wp-content\/uploads\/2017\/01\/Missa-em-18-01-17-no-\u00d3-2-180x300.jpg 180w, https:\/\/categero.org.br\/antigo\/wp-content\/uploads\/2017\/01\/Missa-em-18-01-17-no-\u00d3-2-495x825.jpg 495w\" sizes=\"auto, (max-width: 218px) 100vw, 218px\" \/>Acima e \u00e0 esquerda, imagem tradicional do \u00d3, com recente restaura\u00e7\u00e3o, em Minas Gerais, em mar\u00e7o de 2014. Imagem de 1,30m de altura. Faltam dados de sua entroniza\u00e7\u00e3o nesta Matriz.<\/p>\n<p style=\"text-align: justify;\">A imagem da direita e acima, a segunda imagem da igreja, em barro cozido, com 80 cm de altura, usada em situa\u00e7\u00f5es especiais, como quando da restaura\u00e7\u00e3o da principal. estando guardada na Sacristia.<\/p>\n<p style=\"text-align: justify;\">A imagem da esquerda parece ter sido uma nova aquisi\u00e7\u00e3o da igreja a ser confirmada.<\/p>\n<p style=\"text-align: justify;\">Abaixo foto do nicho, com as rel\u00edquias do Beato Ant\u00f3nio de Categer\u00f3, em uma pequena capela interna, na lateral esquerda do altar, ao fundo.<\/p>\n<p>&nbsp;<\/p>\n<div id=\"attachment_8930\" style=\"width: 310px\" class=\"wp-caption aligncenter\"><a href=\"http:\/\/categero.org.br\/wp-content\/uploads\/2014\/03\/Baner-Reliquia.jpg\"><img loading=\"lazy\" decoding=\"async\" aria-describedby=\"caption-attachment-8930\" class=\"wp-image-8930 size-medium\" src=\"http:\/\/categero.org.br\/wp-content\/uploads\/2014\/03\/Baner-Reliquia-300x149.jpg\" alt=\"Baner Reliquia\" width=\"300\" height=\"149\" srcset=\"https:\/\/categero.org.br\/antigo\/wp-content\/uploads\/2014\/03\/Baner-Reliquia-300x149.jpg 300w, https:\/\/categero.org.br\/antigo\/wp-content\/uploads\/2014\/03\/Baner-Reliquia.jpg 397w\" sizes=\"auto, (max-width: 300px) 100vw, 300px\" \/><\/a><p id=\"caption-attachment-8930\" class=\"wp-caption-text\">Rel\u00edquia do Beato em exposi\u00e7\u00e3o nesta Matriz<\/p><\/div>\n<p style=\"text-align: right;\"><em><strong>VEJA \u00a0 \u00a0 <a href=\"http:\/\/categero.org.br\/?p=11441\" target=\"_blank\">\u00a0Not\u00edcias \u00a0de Categer\u00f3 nesta Matriz em nosso Portal<\/a><\/strong><\/em><\/p>\n<p>&nbsp;<\/p>\n<p>P\u00e1roco: \u00a0Pe \u00a0Carlos Alves Ribeiro \u00a0\/\u00a0Di\u00e1cono Permanente: Di\u00e1c. Benedito Camargo<\/p>\n<p>Secretaria: Cilene (11) 3932-1702 ou 3931-1898 \u2013 Email: \u00a0\u00a0<a href=\"http:\/\/categero.org.br\/par.n.sra.o@uol.com.br\">par.n.sra.o@uol.com.br<\/a><\/p>\n<p>Links para igreja relatada (ambos atualmente, fora do ar):<br \/>\n<a href=\"http:\/\/www.nossasenhoradoo.com.br\/catigero.html\">http:\/\/www.nossasenhoradoo.com.br\/catigero.html<\/a>\u00a0(Hist\u00f3ria do Beato no Site da Matriz do \u00d3)<br \/>\n<a href=\"http:\/\/www.nossasenhoradoo.com.br\/catigero.html\">http:\/\/www.nossasenhoradoo.com.br\/<\/a>\u00a0 (Site da Matriz de N\u00aa S\u00aa do \u00d3)<\/p>\n<p><a href=\"http:\/\/categero.org.br\/wp-content\/uploads\/2014\/11\/N-S-do-O.jpg\"><img loading=\"lazy\" decoding=\"async\" class=\"aligncenter size-full wp-image-9784\" src=\"http:\/\/categero.org.br\/wp-content\/uploads\/2014\/11\/N-S-do-O.jpg\" alt=\"N S do O\" width=\"397\" height=\"198\" srcset=\"https:\/\/categero.org.br\/antigo\/wp-content\/uploads\/2014\/11\/N-S-do-O.jpg 397w, https:\/\/categero.org.br\/antigo\/wp-content\/uploads\/2014\/11\/N-S-do-O-300x149.jpg 300w\" sizes=\"auto, (max-width: 397px) 100vw, 397px\" \/><\/a><\/p>\n","protected":false},"excerpt":{"rendered":"<p>Igreja do \u00d3, na regi\u00e3o Episcopal da Brasil\u00e2ndia, na Capital paulista VEJA \u00a0 \u00a0 \u00a0Not\u00edcias \u00a0de Categer\u00f3 nesta Matriz em nosso Portal Acima e \u00e0 esquerda, imagem tradicional do \u00d3, com recente restaura\u00e7\u00e3o, em Minas Gerais, em mar\u00e7o de 2014. Imagem de 1,30m de altura. Faltam dados de sua entroniza\u00e7\u00e3o nesta Matriz. A imagem da [&hellip;]<\/p>\n","protected":false},"author":1,"featured_media":11446,"parent":8867,"menu_order":0,"comment_status":"closed","ping_status":"closed","template":"","meta":{"ngg_post_thumbnail":0,"footnotes":""},"class_list":["post-9801","page","type-page","status-publish","has-post-thumbnail","hentry"],"_links":{"self":[{"href":"https:\/\/categero.org.br\/antigo\/index.php?rest_route=\/wp\/v2\/pages\/9801","targetHints":{"allow":["GET"]}}],"collection":[{"href":"https:\/\/categero.org.br\/antigo\/index.php?rest_route=\/wp\/v2\/pages"}],"about":[{"href":"https:\/\/categero.org.br\/antigo\/index.php?rest_route=\/wp\/v2\/types\/page"}],"author":[{"embeddable":true,"href":"https:\/\/categero.org.br\/antigo\/index.php?rest_route=\/wp\/v2\/users\/1"}],"replies":[{"embeddable":true,"href":"https:\/\/categero.org.br\/antigo\/index.php?rest_route=%2Fwp%2Fv2%2Fcomments&post=9801"}],"version-history":[{"count":17,"href":"https:\/\/categero.org.br\/antigo\/index.php?rest_route=\/wp\/v2\/pages\/9801\/revisions"}],"predecessor-version":[{"id":11475,"href":"https:\/\/categero.org.br\/antigo\/index.php?rest_route=\/wp\/v2\/pages\/9801\/revisions\/11475"}],"up":[{"embeddable":true,"href":"https:\/\/categero.org.br\/antigo\/index.php?rest_route=\/wp\/v2\/pages\/8867"}],"wp:featuredmedia":[{"embeddable":true,"href":"https:\/\/categero.org.br\/antigo\/index.php?rest_route=\/wp\/v2\/media\/11446"}],"wp:attachment":[{"href":"https:\/\/categero.org.br\/antigo\/index.php?rest_route=%2Fwp%2Fv2%2Fmedia&parent=9801"}],"curies":[{"name":"wp","href":"https:\/\/api.w.org\/{rel}","templated":true}]}}