{"id":9722,"date":"2015-09-01T10:52:55","date_gmt":"2015-09-01T13:52:55","guid":{"rendered":"http:\/\/categero.org.br\/?page_id=9722"},"modified":"2017-05-18T17:43:25","modified_gmt":"2017-05-18T20:43:25","slug":"noticias-do-beato-antonio-de-categero-na-igreja-sao-carlos-poars","status":"publish","type":"page","link":"https:\/\/categero.org.br\/antigo\/?page_id=9722","title":{"rendered":"Not\u00edcias do Beato Ant\u00f3nio de Categer\u00f3 na Igreja S\u00e3o Carlos Poa\/RS"},"content":{"rendered":"<p style=\"text-align: center;\"><strong><a href=\"http:\/\/categero.org.br\/wp-content\/uploads\/2015\/09\/Banner-Lins-SCarlos.jpg\"><img loading=\"lazy\" decoding=\"async\" class=\"aligncenter size-full wp-image-9729\" src=\"http:\/\/categero.org.br\/wp-content\/uploads\/2015\/09\/Banner-Lins-SCarlos.jpg\" alt=\"Banner Lins SCarlos\" width=\"397\" height=\"283\" srcset=\"https:\/\/categero.org.br\/antigo\/wp-content\/uploads\/2015\/09\/Banner-Lins-SCarlos.jpg 397w, https:\/\/categero.org.br\/antigo\/wp-content\/uploads\/2015\/09\/Banner-Lins-SCarlos-300x213.jpg 300w, https:\/\/categero.org.br\/antigo\/wp-content\/uploads\/2015\/09\/Banner-Lins-SCarlos-50x35.jpg 50w, https:\/\/categero.org.br\/antigo\/wp-content\/uploads\/2015\/09\/Banner-Lins-SCarlos-90x65.jpg 90w\" sizes=\"auto, (max-width: 397px) 100vw, 397px\" \/><\/a><\/strong><\/p>\n<p>&#8211; &nbsp;<a href=\"http:\/\/categero.org.br\/?p=9760\" target=\"_blank\" rel=\"noopener noreferrer\"><strong>O atual p\u00e1roco da Igreja S\u00e3o Carlos, em Porto Alegre\/RS<\/strong><\/a><\/p>\n<p>&#8211; &nbsp;<a href=\"http:\/\/categero.org.br\/?p=9735\" target=\"_blank\" rel=\"noopener noreferrer\"><strong>Nova edi\u00e7\u00e3o do tradicional santinho de Categer\u00f3 na igreja S\u00e3o Carlos, Poa\/RS<\/strong><\/a><\/p>\n<p><strong>&#8211;&nbsp; <\/strong><a href=\"http:\/\/categero.org.br\/?p=6910\" target=\"_blank\" rel=\"noopener noreferrer\"><strong>1998 \u2013 In\u00edcio da Devo\u00e7\u00e3o de Categer\u00f3 no solo ga\u00facho<\/strong><\/a><\/p>\n<p><strong>&#8211;&nbsp; <\/strong><a href=\"http:\/\/categero.org.br\/?p=9718\" target=\"_blank\" rel=\"noopener noreferrer\"><strong>A produ\u00e7\u00e3o da 1\u00aa imagem do Beato Ant\u00f3nio de Categer\u00f3 para o Rio Grande do Sul<\/strong><\/a><\/p>\n<p><strong>&#8211;&nbsp; <\/strong><a href=\"http:\/\/categero.org.br\/?p=6929\" target=\"_blank\" rel=\"noopener noreferrer\"><strong>Ata de Entroniza\u00e7\u00e3o na Igreja S\u00e3o Carlos \u2013 Poa\/RS<\/strong><\/a><\/p>\n<p>&#8211;&nbsp;<a href=\"http:\/\/categero.org.br\/?p=6903\" target=\"_blank\" rel=\"noopener noreferrer\"> <strong>Not\u00edcia da entroniza\u00e7\u00e3o na Igreja S\u00e3o Carlos \u2013 Poa\/RS<\/strong><\/a><\/p>\n<p><strong>&#8211;&nbsp; <a href=\"http:\/\/categero.org.br\/?p=6774\" target=\"_blank\" rel=\"noopener noreferrer\">Igr S\u00e3o Carlos festa de Categer\u00f3 2011<\/a><\/strong><\/p>\n<p><strong>&#8211;&nbsp; <\/strong><a href=\"http:\/\/categero.org.br\/?p=6814\" target=\"_blank\" rel=\"noopener noreferrer\"><strong>Um vereador de Poa\/RS e Categer\u00f3<\/strong><\/a><\/p>\n<p><strong>&#8211;&nbsp; <\/strong><a href=\"http:\/\/categero.org.br\/?p=7478\" target=\"_blank\" rel=\"noopener noreferrer\"><strong>Brasil \u2013 Ev Soc e Festas Populares de Categer\u00f3<\/strong><\/a><\/p>\n<p><strong>&#8211;&nbsp; <\/strong><a href=\"http:\/\/categero.org.br\/?p=6959\" target=\"_blank\" rel=\"noopener noreferrer\"><strong>Eventos Sociais e Festas Populares <\/strong><strong>(Mundo)<\/strong><\/a><\/p>\n<p><strong>&#8211; <\/strong><a href=\"http:\/\/categero.org.br\/?p=6770\" target=\"_blank\" rel=\"noopener noreferrer\"><strong>Pe. Tom visita o Correio Brigadiano<\/strong><\/a><\/p>\n<p>&#8211;&nbsp;<strong><a class=\"row-title\" title=\"Editar \u201cSantinho de Categer\u00f3 na igreja S\u00e3o Carlos em Porto Alegre \u2013 2002\u201d\" href=\"http:\/\/categero.org.br\/?p=9853\" target=\"_blank\" rel=\"noopener noreferrer\">Santinho de Categer\u00f3 na igreja S\u00e3o Carlos em Porto Alegre \u2013 2002<\/a><\/strong><\/p>\n<p>&#8211;<a href=\"http:\/\/categero.org.br\/?p=9847\" target=\"_blank\" rel=\"noopener noreferrer\">&nbsp;<strong>Santinho de Categer\u00f3 na igreja S\u00e3o Carlos em Poa \u2013 2008<\/strong><\/a><\/p>\n<p>&#8211;&nbsp;<strong><a class=\"row-title\" title=\"Editar \u201cSanto Ant\u00f4nio de Categer\u00f3 da igreja de S\u00e3o Carlos \u2013 2004\u201d\" href=\"http:\/\/categero.org.br\/?p=9858\" target=\"_blank\" rel=\"noopener noreferrer\">Santo Ant\u00f4nio de Categer\u00f3 da igreja de S\u00e3o Carlos \u2013 2004<\/a><\/strong><\/p>\n<p style=\"text-align: center;\"><strong>&nbsp;Pr\u00f3ximas mat\u00e9rias<\/strong><\/p>\n<h5 style=\"text-align: left;\">&#8211; Igreja de S\u00e3o Carlos noticiada no JCB\/abc em raz\u00e3o da Pra\u00e7a ao beato Ant\u00f3nio de Categer\u00f3<\/h5>\n<h5>&#8211; Integra\u00e7\u00e3o das igrejas que tenham entronizados o beato Ant\u00f3nio de Categer\u00f3<\/h5>\n<p>&nbsp;<\/p>\n<p><strong>&nbsp;<a href=\"http:\/\/categero.org.br\/wp-content\/uploads\/2015\/09\/Banner-Lins-SCarlos.jpg\"><img loading=\"lazy\" decoding=\"async\" class=\"aligncenter size-full wp-image-9729\" src=\"http:\/\/categero.org.br\/wp-content\/uploads\/2015\/09\/Banner-Lins-SCarlos.jpg\" alt=\"Banner Lins SCarlos\" width=\"397\" height=\"283\" srcset=\"https:\/\/categero.org.br\/antigo\/wp-content\/uploads\/2015\/09\/Banner-Lins-SCarlos.jpg 397w, https:\/\/categero.org.br\/antigo\/wp-content\/uploads\/2015\/09\/Banner-Lins-SCarlos-300x213.jpg 300w, https:\/\/categero.org.br\/antigo\/wp-content\/uploads\/2015\/09\/Banner-Lins-SCarlos-50x35.jpg 50w, https:\/\/categero.org.br\/antigo\/wp-content\/uploads\/2015\/09\/Banner-Lins-SCarlos-90x65.jpg 90w\" sizes=\"auto, (max-width: 397px) 100vw, 397px\" \/><\/a><\/strong><\/p>\n","protected":false},"excerpt":{"rendered":"<p>&#8211; &nbsp;O atual p\u00e1roco da Igreja S\u00e3o Carlos, em Porto Alegre\/RS &#8211; &nbsp;Nova edi\u00e7\u00e3o do tradicional santinho de Categer\u00f3 na igreja S\u00e3o Carlos, Poa\/RS &#8211;&nbsp; 1998 \u2013 In\u00edcio da Devo\u00e7\u00e3o de Categer\u00f3 no solo ga\u00facho &#8211;&nbsp; A produ\u00e7\u00e3o da 1\u00aa imagem do Beato Ant\u00f3nio de Categer\u00f3 para o Rio Grande do Sul &#8211;&nbsp; Ata de [&hellip;]<\/p>\n","protected":false},"author":1,"featured_media":9729,"parent":12333,"menu_order":0,"comment_status":"closed","ping_status":"closed","template":"","meta":{"ngg_post_thumbnail":0,"footnotes":""},"class_list":["post-9722","page","type-page","status-publish","has-post-thumbnail","hentry"],"_links":{"self":[{"href":"https:\/\/categero.org.br\/antigo\/index.php?rest_route=\/wp\/v2\/pages\/9722","targetHints":{"allow":["GET"]}}],"collection":[{"href":"https:\/\/categero.org.br\/antigo\/index.php?rest_route=\/wp\/v2\/pages"}],"about":[{"href":"https:\/\/categero.org.br\/antigo\/index.php?rest_route=\/wp\/v2\/types\/page"}],"author":[{"embeddable":true,"href":"https:\/\/categero.org.br\/antigo\/index.php?rest_route=\/wp\/v2\/users\/1"}],"replies":[{"embeddable":true,"href":"https:\/\/categero.org.br\/antigo\/index.php?rest_route=%2Fwp%2Fv2%2Fcomments&post=9722"}],"version-history":[{"count":17,"href":"https:\/\/categero.org.br\/antigo\/index.php?rest_route=\/wp\/v2\/pages\/9722\/revisions"}],"predecessor-version":[{"id":12361,"href":"https:\/\/categero.org.br\/antigo\/index.php?rest_route=\/wp\/v2\/pages\/9722\/revisions\/12361"}],"up":[{"embeddable":true,"href":"https:\/\/categero.org.br\/antigo\/index.php?rest_route=\/wp\/v2\/pages\/12333"}],"wp:featuredmedia":[{"embeddable":true,"href":"https:\/\/categero.org.br\/antigo\/index.php?rest_route=\/wp\/v2\/media\/9729"}],"wp:attachment":[{"href":"https:\/\/categero.org.br\/antigo\/index.php?rest_route=%2Fwp%2Fv2%2Fmedia&parent=9722"}],"curies":[{"name":"wp","href":"https:\/\/api.w.org\/{rel}","templated":true}]}}