{"id":96,"date":"2010-10-01T00:27:00","date_gmt":"2010-10-01T00:27:00","guid":{"rendered":"http:\/\/www.categero.org.br\/?page_id=96"},"modified":"2014-03-25T16:17:56","modified_gmt":"2014-03-25T19:17:56","slug":"rio-de-janeirorj-igreja-da-lampadosa","status":"publish","type":"page","link":"https:\/\/categero.org.br\/antigo\/?page_id=96","title":{"rendered":"RJ\/Rio de Janeiro &#8211; Igreja da Lampadosa"},"content":{"rendered":"<p style=\"text-align: center;\"><a href=\"http:\/\/www.categero.org.br\/wp-content\/uploads\/2010\/10\/Igreja-Lampadosa-RJ.jpg\"><img loading=\"lazy\" decoding=\"async\" class=\"aligncenter size-full wp-image-100\" title=\"Igreja Lampadosa RJ\" alt=\"\" src=\"http:\/\/www.categero.org.br\/wp-content\/uploads\/2010\/10\/Igreja-Lampadosa-RJ.jpg\" width=\"233\" height=\"400\" \/><\/a><br \/>\nH\u00e1 uma imagem de Categer\u00f3 na Igreja da Lampadosa, no Rio de Janeiro.<\/p>\n<p style=\"text-align: justify;\">A informa\u00e7\u00e3o foi obtida a partir da exist\u00e8ncia de um\u00a0culto que \u00e9 narrado no Livro &#8220;Escola de Folclore &#8211; pesquisa de cultura espont\u00e2nea&#8221; de autoria de Julieta Andrade e de Rossini Tavares de Lima. Publicado em S\u00e3o Paulo em 1983, segunda Edi\u00e7\u00e3o da Ed. Escola de Folclore.<br \/>\nSobre o culto refere a obra existir uma irmandade de pretos e mulatos, cujos devotos acrescentam \u00e0s cartas das ora\u00e7\u00f5es, 26 cm de fita cor-de-rosa, medida que coincide com a medida de altura da imagem, ali venerada. A origem remonta a 1747. conta-se que foi na soleira desta igreja que Tiradentes ouviu parte da missa rezada antes da sua execu\u00e7\u00e3o. O pr\u00e9dio foi reconstru\u00eddo em 1936, em estilo ecl\u00e9tico.<\/p>\n<p style=\"text-align: justify;\">Dia 30 de dezembro de 2010 fui visitar a imagem de Santo Ant\u00f4nio de Categer\u00f3 existente nessa igreja. Conversei com Miguel Francisco, que atencioso, enquanto parecia pesquisar em um livro antigo, respondeu a todas as indaga\u00e7\u00f5es a ele postas. A entrada na igreja est\u00e1 sendo feita por uma porta lateral, tornando sua entrada principal com o gradeado frontal existente, um p\u00e1tio isolado, na frente do templo.<\/p>\n<p style=\"text-align: justify;\">Foram indicadas a exist\u00eancia de duas imagens de Categer\u00f3.<\/p>\n<p style=\"text-align: justify;\"><a href=\"http:\/\/www.categero.org.br\/wp-content\/uploads\/2010\/10\/Cat-Igj-SESERJ-1.jpg\"><img loading=\"lazy\" decoding=\"async\" class=\"alignleft size-medium wp-image-1627\" title=\"Cat Igj SESERJ 1\" alt=\"\" src=\"http:\/\/www.categero.org.br\/wp-content\/uploads\/2010\/10\/Cat-Igj-SESERJ-1-225x300.jpg\" width=\"225\" height=\"300\" \/><\/a>A primeira existente est\u00e1 em uma \u00e1rea auxiliar a esquerda da nave principal e semi isolada, em lado oposto a um servi\u00e7o administrativo, onde se encontrava Miguel Francisco, que n\u00e3o me disse ser um religioso, um volunt\u00e1rio ou um funcion\u00e1rio da par\u00f3quia. A imagem fica na parte anterior desse espa\u00e7o, junto \u00e0 parede divis\u00f3ria com a rua, em oposi\u00e7\u00e3o ao balc\u00e3o de corredor onde obtive a informa\u00e7\u00e3o. \u00a0\u00c9 uma imagem com uns 80 cm de altura, onde categer\u00f3 tem sua batina tradicional, sobreposta por uma estampada de folhagem\u00a0que se repete seq\u00fcencialmente. (foto 1) Ali \u00e9 uma prateleira (podendo ser entendido como altar) com uma quantidade de outras imagens de santos de diversos tamanhos.\u00a0Segundo o informante esta\u00a0imagem foi adquirida pela igreja h\u00e1 uns dez anos. Na imagem est\u00e1 grafado a denomina\u00e7\u00e3o espec\u00edfica de: Santo Ant\u00f4nio de Catiger\u00f3, com i.<\/p>\n<p style=\"text-align: justify;\">A segunda imagem de Categer\u00f3 existente \u00e9 dentro da nave principal, tamb\u00e9m na parede traseira da igreja, no lado<a href=\"http:\/\/www.categero.org.br\/wp-content\/uploads\/2010\/10\/Cat-Igj-SESERJ.jpg\"><img loading=\"lazy\" decoding=\"async\" class=\"alignright size-medium wp-image-1628\" title=\"Cat Igj SESERJ\" alt=\"\" src=\"http:\/\/www.categero.org.br\/wp-content\/uploads\/2010\/10\/Cat-Igj-SESERJ-225x300.jpg\" width=\"225\" height=\"300\" \/><\/a> direito de quem entra da porta de entrada oficial. A imagem tem uns 80 cm de altura e possui express\u00e3o fision\u00f4mica totalmente diferente da primeira imagem. (foto 2) Segundo o Miguel Francisco, que recebe as visitas no local, \u00a0esta imagem tem mais de 32 anos de exist\u00eancia. Est\u00e1 l\u00e1 desde quando ele come\u00e7ou suas atividades na igreja da Lampadosa. Como na situa\u00e7\u00e3o da outra imagem, esta tamb\u00e9m est\u00e1 acondicionada em uma prateleira (podendo ser entendido como altar) com uma quantidade de outras imagens de santos de diversos tamanhos.\u00a0Note-se a denomina\u00e7\u00e3o na base da imagem &#8220;Catiger\u00f3&#8221;. Na imagem est\u00e1 grafado a denomina\u00e7\u00e3o espec\u00edfica de: Santo Ant\u00f4nio de Catiger\u00f3, com i.<\/p>\n<p style=\"text-align: justify;\">Quanto a imagem de 26 cm, citada no texto do livro paulista, supra referido,\u00a0oportunamente vamos desenvolver a \u00a0pesquisa.<\/p>\n<p style=\"text-align: justify;\">Igreja de Nossa Senhora da Lampadosa &#8211; Endere\u00e7o: Avenida passos, 15, centro &#8211; Tel.: (0**21) 2221-0351; Rio de janeiro\/RJ.\u00a0 Visita\u00e7\u00e3o: de segunda a sexta-feira, das 7h \u00e0s 11h45<\/p>\n<p style=\"text-align: justify;\">Endere\u00e7o no Google: Avenida passos, 15, como Vener\u00e1vel Confraria Nossa Senhora\u00a0 da Lampadosa &#8211; <a href=\"http:\/\/maps.google.com.br\/maps?hl=pt-br&amp;tab=wl\">http:\/\/maps.google.com.br\/maps?hl=pt-br&amp;tab=wl<\/a>\u00a0 -Aproveite a ferramenta de movimenta\u00e7\u00e3o da p\u00e1gina, amplie e ande a esquerda. Vai \u00a0poder admirar toda beleza arquitet\u00f4nica exterior do templo incrustado entre lojas e casarios daquela rua.<\/p>\n","protected":false},"excerpt":{"rendered":"<p>H\u00e1 uma imagem de Categer\u00f3 na Igreja da Lampadosa, no Rio de Janeiro. A informa\u00e7\u00e3o foi obtida a partir da exist\u00e8ncia de um\u00a0culto que \u00e9 narrado no Livro &#8220;Escola de Folclore &#8211; pesquisa de cultura espont\u00e2nea&#8221; de autoria de Julieta Andrade e de Rossini Tavares de Lima. Publicado em S\u00e3o Paulo em 1983, segunda Edi\u00e7\u00e3o [&hellip;]<\/p>\n","protected":false},"author":1,"featured_media":8517,"parent":8865,"menu_order":0,"comment_status":"closed","ping_status":"closed","template":"","meta":{"ngg_post_thumbnail":0,"footnotes":""},"class_list":["post-96","page","type-page","status-publish","has-post-thumbnail","hentry"],"_links":{"self":[{"href":"https:\/\/categero.org.br\/antigo\/index.php?rest_route=\/wp\/v2\/pages\/96","targetHints":{"allow":["GET"]}}],"collection":[{"href":"https:\/\/categero.org.br\/antigo\/index.php?rest_route=\/wp\/v2\/pages"}],"about":[{"href":"https:\/\/categero.org.br\/antigo\/index.php?rest_route=\/wp\/v2\/types\/page"}],"author":[{"embeddable":true,"href":"https:\/\/categero.org.br\/antigo\/index.php?rest_route=\/wp\/v2\/users\/1"}],"replies":[{"embeddable":true,"href":"https:\/\/categero.org.br\/antigo\/index.php?rest_route=%2Fwp%2Fv2%2Fcomments&post=96"}],"version-history":[{"count":5,"href":"https:\/\/categero.org.br\/antigo\/index.php?rest_route=\/wp\/v2\/pages\/96\/revisions"}],"predecessor-version":[{"id":8889,"href":"https:\/\/categero.org.br\/antigo\/index.php?rest_route=\/wp\/v2\/pages\/96\/revisions\/8889"}],"up":[{"embeddable":true,"href":"https:\/\/categero.org.br\/antigo\/index.php?rest_route=\/wp\/v2\/pages\/8865"}],"wp:featuredmedia":[{"embeddable":true,"href":"https:\/\/categero.org.br\/antigo\/index.php?rest_route=\/wp\/v2\/media\/8517"}],"wp:attachment":[{"href":"https:\/\/categero.org.br\/antigo\/index.php?rest_route=%2Fwp%2Fv2%2Fmedia&parent=96"}],"curies":[{"name":"wp","href":"https:\/\/api.w.org\/{rel}","templated":true}]}}