{"id":932,"date":"2010-10-19T00:43:57","date_gmt":"2010-10-19T00:43:57","guid":{"rendered":"http:\/\/www.categero.org.br\/?page_id=932"},"modified":"2014-03-25T16:12:42","modified_gmt":"2014-03-25T19:12:42","slug":"passosmg-paroquia-sao-benedito","status":"publish","type":"page","link":"https:\/\/categero.org.br\/antigo\/?page_id=932","title":{"rendered":"MG\/Passos &#8211; Par\u00f3quia S\u00e3o Benedito"},"content":{"rendered":"<p><a href=\"http:\/\/categero.org.br\/wp-content\/uploads\/2010\/10\/fachada_igreja_rgb2.jpg\"><img loading=\"lazy\" decoding=\"async\" class=\"aligncenter size-medium wp-image-8495\" alt=\"fachada_igreja_rgb2\" src=\"http:\/\/categero.org.br\/wp-content\/uploads\/2010\/10\/fachada_igreja_rgb2-300x201.jpg\" width=\"300\" height=\"201\" srcset=\"https:\/\/categero.org.br\/antigo\/wp-content\/uploads\/2010\/10\/fachada_igreja_rgb2-300x201.jpg 300w, https:\/\/categero.org.br\/antigo\/wp-content\/uploads\/2010\/10\/fachada_igreja_rgb2-495x331.jpg 495w, https:\/\/categero.org.br\/antigo\/wp-content\/uploads\/2010\/10\/fachada_igreja_rgb2-75x50.jpg 75w, https:\/\/categero.org.br\/antigo\/wp-content\/uploads\/2010\/10\/fachada_igreja_rgb2-50x35.jpg 50w, https:\/\/categero.org.br\/antigo\/wp-content\/uploads\/2010\/10\/fachada_igreja_rgb2-120x80.jpg 120w, https:\/\/categero.org.br\/antigo\/wp-content\/uploads\/2010\/10\/fachada_igreja_rgb2.jpg 850w\" sizes=\"auto, (max-width: 300px) 100vw, 300px\" \/><\/a> <a href=\"http:\/\/categero.org.br\/wp-content\/uploads\/2010\/10\/S\u00e3o-Bened-Passos-MG.jpg\"><img loading=\"lazy\" decoding=\"async\" class=\"aligncenter size-medium wp-image-8496\" alt=\"S\u00e3o Bened Passos MG\" src=\"http:\/\/categero.org.br\/wp-content\/uploads\/2010\/10\/S\u00e3o-Bened-Passos-MG-300x225.jpg\" width=\"300\" height=\"225\" srcset=\"https:\/\/categero.org.br\/antigo\/wp-content\/uploads\/2010\/10\/S\u00e3o-Bened-Passos-MG-300x225.jpg 300w, https:\/\/categero.org.br\/antigo\/wp-content\/uploads\/2010\/10\/S\u00e3o-Bened-Passos-MG-495x371.jpg 495w, https:\/\/categero.org.br\/antigo\/wp-content\/uploads\/2010\/10\/S\u00e3o-Bened-Passos-MG-80x60.jpg 80w, https:\/\/categero.org.br\/antigo\/wp-content\/uploads\/2010\/10\/S\u00e3o-Bened-Passos-MG-161x120.jpg 161w, https:\/\/categero.org.br\/antigo\/wp-content\/uploads\/2010\/10\/S\u00e3o-Bened-Passos-MG.jpg 500w\" sizes=\"auto, (max-width: 300px) 100vw, 300px\" \/><\/a><\/p>\n<p>H\u00e1 uma imagem de Categer\u00f3 na igreja da Par\u00f3quia de\u00a0S\u00e3o Benedito, na cidade de Passos, em Minas Gerais.<br \/>\nO endere\u00e7o da igreja \u00e9 Rua Gl\u00f3ria, 261, CEP 37900-200,fone (35) 3522-3047, Passos &#8211; MG.<br \/>\nA informa\u00e7\u00e3o consta do livro do Mons. Salvatore Guastella.<\/p>\n<p><a href=\"http:\/\/categero.org.br\/wp-content\/uploads\/2010\/10\/Categero-Passos-mg.jpg\"><img loading=\"lazy\" decoding=\"async\" class=\"aligncenter size-medium wp-image-8494\" alt=\"Categero Passos mg\" src=\"http:\/\/categero.org.br\/wp-content\/uploads\/2010\/10\/Categero-Passos-mg-300x149.jpg\" width=\"300\" height=\"149\" srcset=\"https:\/\/categero.org.br\/antigo\/wp-content\/uploads\/2010\/10\/Categero-Passos-mg-300x149.jpg 300w, https:\/\/categero.org.br\/antigo\/wp-content\/uploads\/2010\/10\/Categero-Passos-mg.jpg 397w\" sizes=\"auto, (max-width: 300px) 100vw, 300px\" \/><\/a><\/p>\n","protected":false},"excerpt":{"rendered":"<p>H\u00e1 uma imagem de Categer\u00f3 na igreja da Par\u00f3quia de\u00a0S\u00e3o Benedito, na cidade de Passos, em Minas Gerais. O endere\u00e7o da igreja \u00e9 Rua Gl\u00f3ria, 261, CEP 37900-200,fone (35) 3522-3047, Passos &#8211; MG. A informa\u00e7\u00e3o consta do livro do Mons. Salvatore Guastella.<\/p>\n","protected":false},"author":1,"featured_media":8494,"parent":8870,"menu_order":0,"comment_status":"closed","ping_status":"closed","template":"","meta":{"ngg_post_thumbnail":0,"footnotes":""},"class_list":["post-932","page","type-page","status-publish","has-post-thumbnail","hentry"],"_links":{"self":[{"href":"https:\/\/categero.org.br\/antigo\/index.php?rest_route=\/wp\/v2\/pages\/932","targetHints":{"allow":["GET"]}}],"collection":[{"href":"https:\/\/categero.org.br\/antigo\/index.php?rest_route=\/wp\/v2\/pages"}],"about":[{"href":"https:\/\/categero.org.br\/antigo\/index.php?rest_route=\/wp\/v2\/types\/page"}],"author":[{"embeddable":true,"href":"https:\/\/categero.org.br\/antigo\/index.php?rest_route=\/wp\/v2\/users\/1"}],"replies":[{"embeddable":true,"href":"https:\/\/categero.org.br\/antigo\/index.php?rest_route=%2Fwp%2Fv2%2Fcomments&post=932"}],"version-history":[{"count":6,"href":"https:\/\/categero.org.br\/antigo\/index.php?rest_route=\/wp\/v2\/pages\/932\/revisions"}],"predecessor-version":[{"id":8882,"href":"https:\/\/categero.org.br\/antigo\/index.php?rest_route=\/wp\/v2\/pages\/932\/revisions\/8882"}],"up":[{"embeddable":true,"href":"https:\/\/categero.org.br\/antigo\/index.php?rest_route=\/wp\/v2\/pages\/8870"}],"wp:featuredmedia":[{"embeddable":true,"href":"https:\/\/categero.org.br\/antigo\/index.php?rest_route=\/wp\/v2\/media\/8494"}],"wp:attachment":[{"href":"https:\/\/categero.org.br\/antigo\/index.php?rest_route=%2Fwp%2Fv2%2Fmedia&parent=932"}],"curies":[{"name":"wp","href":"https:\/\/api.w.org\/{rel}","templated":true}]}}