{"id":924,"date":"2010-10-19T00:15:36","date_gmt":"2010-10-19T00:15:36","guid":{"rendered":"http:\/\/www.categero.org.br\/?page_id=924"},"modified":"2017-05-18T17:53:54","modified_gmt":"2017-05-18T20:53:54","slug":"924-2","status":"publish","type":"page","link":"https:\/\/categero.org.br\/antigo\/?page_id=924","title":{"rendered":"Porto Alegre\/RS &#8211; Orat\u00f3rio no jornal abc\/JCB"},"content":{"rendered":"<div id=\"attachment_9942\" style=\"width: 159px\" class=\"wp-caption aligncenter\"><a href=\"http:\/\/categero.org.br\/wp-content\/uploads\/2010\/10\/Categero-de-65cm-Small.jpg\"><img loading=\"lazy\" decoding=\"async\" aria-describedby=\"caption-attachment-9942\" class=\"wp-image-9942\" src=\"http:\/\/categero.org.br\/wp-content\/uploads\/2010\/10\/Categero-de-65cm-Small.jpg\" alt=\"Categero de 65cm (Small)\" width=\"149\" height=\"427\"\/><\/a><p id=\"caption-attachment-9942\" class=\"wp-caption-text\">Uma imagem &nbsp;que &nbsp;foi aben\u00e7oada no orat\u00f3rio do&nbsp;abc\/JCB, pelo Padre Jo\u00e3o Peters, em janeiro de 2004.<\/p><\/div>\n<p style=\"text-align: right;\"><em><span style=\"color: #3366ff;\"><strong>VEJA MAIS &nbsp; &nbsp;&nbsp;<a href=\"http:\/\/categero.org.br\/?p=9946\" target=\"_blank\" rel=\"noopener noreferrer\">Not\u00edcias &nbsp;de nosso orat\u00f3rio neste Portal<\/a><\/strong><\/span><\/em><\/p>\n<p style=\"text-align: center;\">Orat\u00f3rio existente no jornal abc\/JCB<\/p>\n<p style=\"text-align: justify;\">Desde o ano de 1999, o \u00faltimo do s\u00e9culo passado, imagens do Beato Ant\u00f4nio de Categer\u00f3, s\u00e3o lugar comuns nas salas de trabalho e da dire\u00e7\u00e3o do jornal Correio Brigadiano. Por volta do ano 2002 ou 2003, uma pequena capelinha de madeira foi instalada, voltada para a entrada do pr\u00e9dio, no corredor, acima da primeira passagem de porta. Assim, quem entrasse, se olhasse para cima e a frente avistava uma &nbsp;pequena imagem, conforme a foto a seguir. &nbsp;A dire\u00e7\u00e3o do jornal assumiu publicamente desenvolver a devo\u00e7\u00e3o ao Beato e usar o jornal para essa miss\u00e3o.<\/p>\n<p style=\"text-align: center;\"><a href=\"http:\/\/categero.org.br\/wp-content\/uploads\/2010\/10\/DSC00448-Small-2.jpg\"><img loading=\"lazy\" decoding=\"async\" class=\"aligncenter wp-image-9944\" src=\"http:\/\/categero.org.br\/wp-content\/uploads\/2010\/10\/DSC00448-Small-2.jpg\" alt=\"DSC00448 (Small) (2)\" width=\"240\" height=\"320\" srcset=\"https:\/\/categero.org.br\/antigo\/wp-content\/uploads\/2010\/10\/DSC00448-Small-2.jpg 480w, https:\/\/categero.org.br\/antigo\/wp-content\/uploads\/2010\/10\/DSC00448-Small-2-225x300.jpg 225w\" sizes=\"auto, (max-width: 240px) 100vw, 240px\" \/><\/a><\/p>\n<p style=\"text-align: justify;\">A ben\u00e7\u00e3o do Pe. Jo\u00e3o Peters foi not\u00edcia &nbsp;publicada no jornal Correio Brigadiano n\u00ba 136, da 1\u00aa Quinzena de Janeiro de 204, com chamada na capa e mat\u00e9ria na p\u00e1gina 5. (pode baixar o jornal)&nbsp;<a href=\"http:\/\/issuu.com\/correiobrigadiano\/docs\/jcb_136\/1\" target=\"_blank\" rel=\"noopener noreferrer\">http:\/\/issuu.com\/correiobrigadiano\/docs\/jcb_136\/1<\/a>&nbsp; E, em data, posterior, ainda nesse mesmo ano, ele aben\u00e7oou a imagem de 70 cm, foto ao in\u00edcio da mat\u00e9ria, no orat\u00f3rio no p\u00e1teo interno, sob a escada.<\/p>\n<div id=\"attachment_9949\" style=\"width: 221px\" class=\"wp-caption aligncenter\"><a href=\"http:\/\/categero.org.br\/wp-content\/uploads\/2010\/10\/Orat\u00f3rio-JCB.jpg\"><img loading=\"lazy\" decoding=\"async\" aria-describedby=\"caption-attachment-9949\" class=\"wp-image-9949 size-full\" src=\"http:\/\/categero.org.br\/wp-content\/uploads\/2010\/10\/Orat\u00f3rio-JCB.jpg\" alt=\"Orat\u00f3rio JCB\" width=\"211\" height=\"281\"\/><\/a><p id=\"caption-attachment-9949\" class=\"wp-caption-text\">Cel Pinheiro, diretor do jornal abc\/JCB, junto ao orat\u00f3rio do Beato Ant\u00f4nio de Categer\u00f3 na sede do jornal em Porto Alegre<\/p><\/div>\n<p style=\"text-align: right;\"><em><span style=\"color: #3366ff;\"><strong>VEJA MAIS &nbsp; &nbsp;&nbsp;<a href=\"http:\/\/categero.org.br\/?p=9946\" target=\"_blank\" rel=\"noopener noreferrer\">Not\u00edcias &nbsp;de nosso orat\u00f3rio neste Portal<\/a><\/strong><\/span><\/em>&nbsp;<a href=\"http:\/\/categero.org.br\/wp-content\/uploads\/2010\/10\/RS-Org-no-JCB-Poa.jpg\"><br \/>\n<\/a><\/p>\n<p style=\"text-align: justify;\">&nbsp;<\/p>\n","protected":false},"excerpt":{"rendered":"<p>VEJA MAIS &nbsp; &nbsp;&nbsp;Not\u00edcias &nbsp;de nosso orat\u00f3rio neste Portal Orat\u00f3rio existente no jornal abc\/JCB Desde o ano de 1999, o \u00faltimo do s\u00e9culo passado, imagens do Beato Ant\u00f4nio de Categer\u00f3, s\u00e3o lugar comuns nas salas de trabalho e da dire\u00e7\u00e3o do jornal Correio Brigadiano. Por volta do ano 2002 ou 2003, uma pequena capelinha de [&hellip;]<\/p>\n","protected":false},"author":1,"featured_media":8583,"parent":12333,"menu_order":0,"comment_status":"closed","ping_status":"closed","template":"","meta":{"ngg_post_thumbnail":0,"footnotes":""},"class_list":["post-924","page","type-page","status-publish","has-post-thumbnail","hentry"],"_links":{"self":[{"href":"https:\/\/categero.org.br\/antigo\/index.php?rest_route=\/wp\/v2\/pages\/924","targetHints":{"allow":["GET"]}}],"collection":[{"href":"https:\/\/categero.org.br\/antigo\/index.php?rest_route=\/wp\/v2\/pages"}],"about":[{"href":"https:\/\/categero.org.br\/antigo\/index.php?rest_route=\/wp\/v2\/types\/page"}],"author":[{"embeddable":true,"href":"https:\/\/categero.org.br\/antigo\/index.php?rest_route=\/wp\/v2\/users\/1"}],"replies":[{"embeddable":true,"href":"https:\/\/categero.org.br\/antigo\/index.php?rest_route=%2Fwp%2Fv2%2Fcomments&post=924"}],"version-history":[{"count":11,"href":"https:\/\/categero.org.br\/antigo\/index.php?rest_route=\/wp\/v2\/pages\/924\/revisions"}],"predecessor-version":[{"id":12373,"href":"https:\/\/categero.org.br\/antigo\/index.php?rest_route=\/wp\/v2\/pages\/924\/revisions\/12373"}],"up":[{"embeddable":true,"href":"https:\/\/categero.org.br\/antigo\/index.php?rest_route=\/wp\/v2\/pages\/12333"}],"wp:featuredmedia":[{"embeddable":true,"href":"https:\/\/categero.org.br\/antigo\/index.php?rest_route=\/wp\/v2\/media\/8583"}],"wp:attachment":[{"href":"https:\/\/categero.org.br\/antigo\/index.php?rest_route=%2Fwp%2Fv2%2Fmedia&parent=924"}],"curies":[{"name":"wp","href":"https:\/\/api.w.org\/{rel}","templated":true}]}}