{"id":92,"date":"2010-10-01T00:24:54","date_gmt":"2010-10-01T00:24:54","guid":{"rendered":"http:\/\/www.categero.org.br\/?page_id=92"},"modified":"2017-10-19T11:20:43","modified_gmt":"2017-10-19T14:20:43","slug":"salvadorba-matriz-de-sao-pedro","status":"publish","type":"page","link":"https:\/\/categero.org.br\/antigo\/?page_id=92","title":{"rendered":"Igreja Matriz de S\u00e3o Pedro, em Salvador\/BA"},"content":{"rendered":"<p style=\"text-align: right;\"><a href=\"http:\/\/categero.org.br\/noticias-do-beato-antonio-de-categero-na-igreja-matriz-de-sao-pedro-em-salvador-na-bahia\/\" target=\"_blank\" rel=\"noopener noreferrer\"><strong>Veja as not\u00edcias do Beato Ant\u00f4nio de Categer\u00f3 nesta igreja<\/strong><\/a><\/p>\n<p style=\"text-align: center;\"><img loading=\"lazy\" decoding=\"async\" class=\"aligncenter wp-image-12683\" src=\"http:\/\/categero.org.br\/wp-content\/uploads\/2010\/10\/Categer\u00f3-Corpo-Inteiro.jpg\" alt=\"\" width=\"401\" height=\"602\" srcset=\"https:\/\/categero.org.br\/antigo\/wp-content\/uploads\/2010\/10\/Categer\u00f3-Corpo-Inteiro.jpg 682w, https:\/\/categero.org.br\/antigo\/wp-content\/uploads\/2010\/10\/Categer\u00f3-Corpo-Inteiro-200x300.jpg 200w, https:\/\/categero.org.br\/antigo\/wp-content\/uploads\/2010\/10\/Categer\u00f3-Corpo-Inteiro-495x743.jpg 495w\" sizes=\"auto, (max-width: 401px) 100vw, 401px\" \/><br \/>\n<strong>A imagem de Categer\u00f3,&nbsp;na Matriz de S\u00e3o Pedro, em Salvador<\/strong><\/p>\n<p style=\"text-align: right;\"><a href=\"http:\/\/categero.org.br\/noticias-do-beato-antonio-de-categero-na-igreja-matriz-de-sao-pedro-em-salvador-na-bahia\/\" target=\"_blank\" rel=\"noopener noreferrer\"><strong>Veja as not\u00edcias do Beato Ant\u00f4nio de Categer\u00f3 nesta igreja<\/strong><\/a><\/p>\n<p>H\u00e1 uma imagem do Beato Ant\u00f4nio de Categer\u00f3, na Igreja da Matriz de S\u00e3o Pedro (Pra\u00e7a da Piedade), na cidade de Salvador&nbsp; \u2013 BA.&nbsp; Salvador \u00e9 a primeira capital luso-brasileira &#8211; o in\u00edcio do per\u00edodo colonial. O come\u00e7o da hist\u00f3ria baiana \u00e9, tamb\u00e9m, o come\u00e7o da hist\u00f3ria brasileira.<\/p>\n<p>\u00c9 uma imagem linda e imponente &#8211; um Santo de Vestir, em tamanho natural, com 368 anos de idade. Imagem t\u00edpica e usual, nos andores das Prociss\u00f5es de Cinzas, das Ordens Terceiras Franciscanas, nos s\u00e9culos XVI a XIX, com registros da presen\u00e7a do Beato, nessas prociss\u00f5es, tanto no Brasil, quanto em Portugal.&nbsp;Existe uma antiga e concreta devo\u00e7\u00e3o, desenvolvida o ano todo, nessa Matriz e, com festas em 14 de mar\u00e7o, data da morte do Beato.<\/p>\n<p><strong>Como e porque esta imagem se encontra nessa igreja?<\/strong> A hist\u00f3ria do desenvolvimento da devo\u00e7\u00e3o, na Matriz de S\u00e3o Pedro e, de como e quando, chegou essa imagem,&nbsp; tamb\u00e9m, est\u00e1 nas metas do portal.<\/p>\n<p style=\"text-align: left;\"><strong>Igreja Matriz de S\u00e3o Pedro<br \/>\n<\/strong><span class=\"_xdb\">Endere\u00e7o:&nbsp;<\/span><span class=\"_Xbe\">Pra\u00e7a da Piedade, 11 &#8211; Dois de Julho, Salvador &#8211; BA<br \/>\n<\/span><span class=\"_Xbe\">CEP 40060-300 e t<\/span><span class=\"_xdb\">elefone:&nbsp;<\/span><span class=\"_Xbe _ZWk kno-fv\"><a class=\"fl r-iprsX0M01ryw\" title=\"Ligar pelo Hangouts\" data-number=\"+557133293280\" data-pstn-out-call-url=\"\" data-rtid=\"iprsX0M01ryw\" data-ved=\"0ahUKEwj5vpvLyPrWAhUIf5AKHU0tDeYQkAgIogEoADAV\">(71) 3329-3280<br \/>\n<\/a><\/span><a href=\"https:\/\/www.google.com.br\/maps\/uv?hl=pt-BR&amp;pb=!1s0x7160492be1ada4b:0x5d1f113b2f6d5a7d!2m22!2m2!1i80!2i80!3m1!2i20!16m16!1b1!2m2!1m1!1e1!2m2!1m1!1e3!2m2!1m1!1e5!2m2!1m1!1e4!2m2!1m1!1e6!3m1!7e115!4zL21hcHMvcGxhY2UvSWdyZWphK2RhK01hdHJpeitkZStTJUMzJUEzbytQZWRybysoUHJhJUMzJUE3YStkYStQaWVkYWRlKSwrbmErY2lkYWRlK2RlK1NhbHZhZG9yKyslRTIlODAlOTMrQkEvQC0xMi45ODMyNDg3LC0zOC41MTU0NjU1LDNhLDc1eSwyMjYuNjdoLDkwdC9kYXRhPSEzbTQhMWUxITNtMiExc1VHbXlBZlN3ZTZPWkMxOUFUU1JNNmchMmUwITRtMiEzbTEhMXMweDcxNjA0OTJiZTFhZGE0YjoweDVkMWYxMTNiMmY2ZDVhN2Q!5sIgreja+da+Matriz+de+S%C3%A3o+Pedro+(Pra%C3%A7a+da+Piedade),+na+cidade+de+Salvador++%E2%80%93+BA+-+Pesquisa+Google&amp;imagekey=!1e2!2sUGmyAfSwe6OZC19ATSRM6g&amp;sa=X&amp;ved=0ahUKEwj5vpvLyPrWAhUIf5AKHU0tDeYQpx8IigEwDw\">Clike aqui, no Googlemaps, para v\u00ea-la<\/a><\/p>\n<p><strong>Site da igreja Matriz<\/strong> de S\u00e3o Pedro:<br \/>\n<a href=\"http:\/\/www.paroquiadesaopedro.org\/index_arquivos\/Page991.htm\">http:\/\/www.paroquiadesaopedro.org\/index_arquivos\/Page991.htm<\/a>&nbsp;<br \/>\n&nbsp;onde h\u00e1 a informa\u00e7\u00e3o da hist\u00f3ria da igreja, dos santos na igreja e sobre os dias e hor\u00e1rios das missas.<\/p>\n<p style=\"text-align: right;\"><a href=\"http:\/\/categero.org.br\/noticias-do-beato-antonio-de-categero-na-igreja-matriz-de-sao-pedro-em-salvador-na-bahia\/\" target=\"_blank\" rel=\"noopener noreferrer\"><strong>Veja as not\u00edcias do Beato Ant\u00f4nio de Categer\u00f3 nesta igreja<\/strong><\/a><\/p>\n<p style=\"text-align: center;\"><img loading=\"lazy\" decoding=\"async\" class=\"aligncenter wp-image-12686\" src=\"http:\/\/categero.org.br\/wp-content\/uploads\/2017\/10\/Foto-igreja-SP-abr-2011.jpg\" alt=\"\" width=\"386\" height=\"255\" srcset=\"https:\/\/categero.org.br\/antigo\/wp-content\/uploads\/2017\/10\/Foto-igreja-SP-abr-2011.jpg 1066w, https:\/\/categero.org.br\/antigo\/wp-content\/uploads\/2017\/10\/Foto-igreja-SP-abr-2011-300x198.jpg 300w, https:\/\/categero.org.br\/antigo\/wp-content\/uploads\/2017\/10\/Foto-igreja-SP-abr-2011-768x508.jpg 768w, https:\/\/categero.org.br\/antigo\/wp-content\/uploads\/2017\/10\/Foto-igreja-SP-abr-2011-1024x677.jpg 1024w, https:\/\/categero.org.br\/antigo\/wp-content\/uploads\/2017\/10\/Foto-igreja-SP-abr-2011-495x327.jpg 495w, https:\/\/categero.org.br\/antigo\/wp-content\/uploads\/2017\/10\/Foto-igreja-SP-abr-2011-75x50.jpg 75w, https:\/\/categero.org.br\/antigo\/wp-content\/uploads\/2017\/10\/Foto-igreja-SP-abr-2011-120x80.jpg 120w\" sizes=\"auto, (max-width: 386px) 100vw, 386px\" \/><\/p>\n","protected":false},"excerpt":{"rendered":"<p>Veja as not\u00edcias do Beato Ant\u00f4nio de Categer\u00f3 nesta igreja A imagem de Categer\u00f3,&nbsp;na Matriz de S\u00e3o Pedro, em Salvador Veja as not\u00edcias do Beato Ant\u00f4nio de Categer\u00f3 nesta igreja H\u00e1 uma imagem do Beato Ant\u00f4nio de Categer\u00f3, na Igreja da Matriz de S\u00e3o Pedro (Pra\u00e7a da Piedade), na cidade de Salvador&nbsp; \u2013 BA.&nbsp; Salvador [&hellip;]<\/p>\n","protected":false},"author":1,"featured_media":12686,"parent":20,"menu_order":0,"comment_status":"closed","ping_status":"closed","template":"","meta":{"ngg_post_thumbnail":0,"footnotes":""},"class_list":["post-92","page","type-page","status-publish","has-post-thumbnail","hentry"],"_links":{"self":[{"href":"https:\/\/categero.org.br\/antigo\/index.php?rest_route=\/wp\/v2\/pages\/92","targetHints":{"allow":["GET"]}}],"collection":[{"href":"https:\/\/categero.org.br\/antigo\/index.php?rest_route=\/wp\/v2\/pages"}],"about":[{"href":"https:\/\/categero.org.br\/antigo\/index.php?rest_route=\/wp\/v2\/types\/page"}],"author":[{"embeddable":true,"href":"https:\/\/categero.org.br\/antigo\/index.php?rest_route=\/wp\/v2\/users\/1"}],"replies":[{"embeddable":true,"href":"https:\/\/categero.org.br\/antigo\/index.php?rest_route=%2Fwp%2Fv2%2Fcomments&post=92"}],"version-history":[{"count":18,"href":"https:\/\/categero.org.br\/antigo\/index.php?rest_route=\/wp\/v2\/pages\/92\/revisions"}],"predecessor-version":[{"id":12769,"href":"https:\/\/categero.org.br\/antigo\/index.php?rest_route=\/wp\/v2\/pages\/92\/revisions\/12769"}],"up":[{"embeddable":true,"href":"https:\/\/categero.org.br\/antigo\/index.php?rest_route=\/wp\/v2\/pages\/20"}],"wp:featuredmedia":[{"embeddable":true,"href":"https:\/\/categero.org.br\/antigo\/index.php?rest_route=\/wp\/v2\/media\/12686"}],"wp:attachment":[{"href":"https:\/\/categero.org.br\/antigo\/index.php?rest_route=%2Fwp%2Fv2%2Fmedia&parent=92"}],"curies":[{"name":"wp","href":"https:\/\/api.w.org\/{rel}","templated":true}]}}