{"id":9061,"date":"2014-04-09T15:12:54","date_gmt":"2014-04-09T18:12:54","guid":{"rendered":"http:\/\/categero.org.br\/?page_id=9061"},"modified":"2014-04-14T12:01:36","modified_gmt":"2014-04-14T15:01:36","slug":"spitu-igreja-de-sao-benedito","status":"publish","type":"page","link":"https:\/\/categero.org.br\/antigo\/?page_id=9061","title":{"rendered":"SP\/Itu &#8211; Igreja de S\u00e3o Benedito"},"content":{"rendered":"<h2 style=\"text-align: center;\">Imagem com mais de dois s\u00e9culos de exist\u00eancia e 1,5 s\u00e9culo de uso em tamanho natural<\/h2>\n<h2><a href=\"http:\/\/categero.org.br\/wp-content\/uploads\/2014\/04\/Viavel.jpg\"><img loading=\"lazy\" decoding=\"async\" class=\"size-medium wp-image-9054 alignleft\" alt=\"Viavel\" src=\"http:\/\/categero.org.br\/wp-content\/uploads\/2014\/04\/Viavel-137x300.jpg\" width=\"137\" height=\"300\" srcset=\"https:\/\/categero.org.br\/antigo\/wp-content\/uploads\/2014\/04\/Viavel-137x300.jpg 137w, https:\/\/categero.org.br\/antigo\/wp-content\/uploads\/2014\/04\/Viavel.jpg 225w\" sizes=\"auto, (max-width: 137px) 100vw, 137px\" \/><\/a><\/h2>\n<p style=\"text-align: justify;\">\u00a0A igreja de S\u00e3o Benedito, na cidade de Itu, em S\u00e3o Paulo, por seu todo de constru\u00e7\u00e3o e de suas imagens sacras expostas \u00e9 um pequeno museu barroco \u00a0maneirista. Abriga um acervo magn\u00edfico da hist\u00f3rica prociss\u00e3o de Cinzas daquela cidade, que existiu \u00a0a partir de 1807 e come\u00e7ou a ter alguns percal\u00e7os\u00a0a partir de 1901, mas\u00a0com not\u00edcias de que\u00a0cortejos\u00a0ocorreram\u00a0at\u00e9 1959.<\/p>\n<p style=\"text-align: justify;\">Nesse acervo est\u00e1 uma imagem do Beato Ant\u00f4nio de Categer\u00f3 em tamanho natural. Obras adquiridas por encomenda ao fabricante do Rio de Janeiro, em 1789, cuja entrega ocorreu em 1792. Foram buscadas no porto de Santos e trazidas em redes por \u00edndios contratados para essa tarefa. Nas palavras do historiador ituano, Lu\u00eds Roberto de Francisco: &#8220;&#8230; os ituanos, todos pequenos, nunca imaginaram que os santos viriam t\u00e3o grandes.&#8221; \u00a0E assustaram-se quando viram as imagens da Prociss\u00e3o de Cinzas, as quais compuseram a a Prociss\u00e3o hist\u00f3rica e uma delas era esse Santo Ant\u00f4nio de Categer\u00f3, do tamanho natural.<\/p>\n<p style=\"text-align: justify;\">(Texto a seguir tirado da Internet sobre a igreja de S\u00e3o Benedito &#8211; tamb\u00e9m chamado de \u201cO Mouro\u201d. Seu culto foi introduzido no Brasil pelos Franciscanos vindos de Portugal. Sua irmandade em\u00a0 Itu foi fundada em 1693, na Igreja de S\u00e3o Luiz de Tolosa, no Largo de S\u00e3o Francisco.\u00a0Com o inc\u00eandio que a destruiu, em 1907, a Irmandade construiu um novo Templo em 1910, que \u00e9 a atual\u00a0 Igreja de S\u00e3o Benedito. Com endere\u00e7o na\u00a0\u00a0Rua Santa Cruz &#8211; Centro &#8211;\u00a0Itu\u00a0\/\u00a0SP. Sendo um pr\u00e9dio hist\u00f3rico cuja irmandade deixou de existir o patrim\u00f4nio pertence a igreja Matriz da Candel\u00e1ria, que procede toda a administra\u00e7\u00e3o, com as\u00a0escalas de missas e\u00a0os demais\u00a0sacramentos. Apesar de ser um verdadeiro museu barroco da prociss\u00e3o de Cinzas, as instala\u00e7\u00f5es nem telefone possuem.<\/p>\n<p style=\"text-align: center;\"><a href=\"http:\/\/categero.org.br\/wp-content\/uploads\/2014\/04\/Baner-Itu-SBene.jpg\"><img loading=\"lazy\" decoding=\"async\" class=\"aligncenter size-medium wp-image-9079\" alt=\"Baner Itu SBene\" src=\"http:\/\/categero.org.br\/wp-content\/uploads\/2014\/04\/Baner-Itu-SBene-300x149.jpg\" width=\"300\" height=\"149\" srcset=\"https:\/\/categero.org.br\/antigo\/wp-content\/uploads\/2014\/04\/Baner-Itu-SBene-300x149.jpg 300w, https:\/\/categero.org.br\/antigo\/wp-content\/uploads\/2014\/04\/Baner-Itu-SBene.jpg 397w\" sizes=\"auto, (max-width: 300px) 100vw, 300px\" \/><\/a><\/p>\n<p style=\"text-align: justify; padding-left: 120px;\">&#8211;\u00a0<a href=\"http:\/\/categero.org.br\/?page_id=1275\" target=\"_blank\">1\u00aa p\u00e1gina<\/a> &#8211; \u00a0Sobre a imagem e sua igreja.<\/p>\n<p style=\"text-align: justify; padding-left: 120px;\">&#8211;\u00a0<a href=\"http:\/\/categero.org.br\/?p=9047\" target=\"_blank\">Livro sobre O Categer\u00f3 dessa igreja<\/a><\/p>\n<p style=\"text-align: justify; padding-left: 120px;\">&#8211; \u00a0<a href=\"http:\/\/categero.org.br\/?p=9037\" target=\"_blank\">A possibilidade de uma certid\u00e3o da Imagem<\/a><\/p>\n","protected":false},"excerpt":{"rendered":"<p>Imagem com mais de dois s\u00e9culos de exist\u00eancia e 1,5 s\u00e9culo de uso em tamanho natural \u00a0A igreja de S\u00e3o Benedito, na cidade de Itu, em S\u00e3o Paulo, por seu todo de constru\u00e7\u00e3o e de suas imagens sacras expostas \u00e9 um pequeno museu barroco \u00a0maneirista. Abriga um acervo magn\u00edfico da hist\u00f3rica prociss\u00e3o de Cinzas daquela [&hellip;]<\/p>\n","protected":false},"author":1,"featured_media":8533,"parent":8867,"menu_order":0,"comment_status":"open","ping_status":"open","template":"","meta":{"ngg_post_thumbnail":0,"footnotes":""},"class_list":["post-9061","page","type-page","status-publish","has-post-thumbnail","hentry"],"_links":{"self":[{"href":"https:\/\/categero.org.br\/antigo\/index.php?rest_route=\/wp\/v2\/pages\/9061","targetHints":{"allow":["GET"]}}],"collection":[{"href":"https:\/\/categero.org.br\/antigo\/index.php?rest_route=\/wp\/v2\/pages"}],"about":[{"href":"https:\/\/categero.org.br\/antigo\/index.php?rest_route=\/wp\/v2\/types\/page"}],"author":[{"embeddable":true,"href":"https:\/\/categero.org.br\/antigo\/index.php?rest_route=\/wp\/v2\/users\/1"}],"replies":[{"embeddable":true,"href":"https:\/\/categero.org.br\/antigo\/index.php?rest_route=%2Fwp%2Fv2%2Fcomments&post=9061"}],"version-history":[{"count":21,"href":"https:\/\/categero.org.br\/antigo\/index.php?rest_route=\/wp\/v2\/pages\/9061\/revisions"}],"predecessor-version":[{"id":9090,"href":"https:\/\/categero.org.br\/antigo\/index.php?rest_route=\/wp\/v2\/pages\/9061\/revisions\/9090"}],"up":[{"embeddable":true,"href":"https:\/\/categero.org.br\/antigo\/index.php?rest_route=\/wp\/v2\/pages\/8867"}],"wp:featuredmedia":[{"embeddable":true,"href":"https:\/\/categero.org.br\/antigo\/index.php?rest_route=\/wp\/v2\/media\/8533"}],"wp:attachment":[{"href":"https:\/\/categero.org.br\/antigo\/index.php?rest_route=%2Fwp%2Fv2%2Fmedia&parent=9061"}],"curies":[{"name":"wp","href":"https:\/\/api.w.org\/{rel}","templated":true}]}}