{"id":8870,"date":"2014-03-25T15:53:38","date_gmt":"2014-03-25T18:53:38","guid":{"rendered":"http:\/\/categero.org.br\/?page_id=8870"},"modified":"2017-03-06T15:39:06","modified_gmt":"2017-03-06T18:39:06","slug":"8870-2","status":"publish","type":"page","link":"https:\/\/categero.org.br\/antigo\/?page_id=8870","title":{"rendered":"Categer\u00f3 no Estado de Minas Gerais, cidades do Ciclo do Ouro"},"content":{"rendered":"<p style=\"text-align: center;\"><strong>ESTADO DE MINAS GERAIS<\/strong><\/p>\n<p style=\"text-align: center;\"><strong>Igrejas com imagens do Beato Ant\u00f4nio de Categer\u00f3<\/strong><\/p>\n<p>&nbsp;<\/p>\n<p style=\"padding-left: 90px;\">Vila Rica \u2013\u00a0<a href=\"http:\/\/www.categero.org.br\/?page_id=229\">Igreja de Nossa Senhora do Ros\u00e1rio<\/a><\/p>\n<p style=\"padding-left: 90px;\">Passos \u2013\u00a0<a href=\"http:\/\/www.categero.org.br\/?page_id=932\">Par\u00f3quia S\u00e3o Benedito<\/a><\/p>\n<p style=\"padding-left: 90px;\">Milho Verde \u2013 Igreja\u00a0<a href=\"http:\/\/www.categero.org.br\/?page_id=1053\">Matriz N\u00aa S\u00aa dos Prazeres<\/a><\/p>\n<p style=\"padding-left: 90px;\">Baldim \u2013 Igreja\u00a0<a href=\"http:\/\/categero.org.br\/?page_id=1168\">ou Capela n\u00e3o identificada<\/a><\/p>\n<p style=\"padding-left: 90px;\">Ouro Preto \u2013\u00a0<a href=\"http:\/\/www.categero.org.br\/?page_id=1175\">Igreja de Santa Efig\u00eania<\/a><\/p>\n<p style=\"padding-left: 90px;\">Sabar\u00e1 \u2013\u00a0<a href=\"http:\/\/www.categero.org.br\/?page_id=1208\">Par\u00f3quia Nossa Senhora do Ros\u00e1rio<\/a><\/p>\n<p style=\"padding-left: 90px;\">S\u00e3o Jo\u00e3o Del Rei \u2013\u00a0<a href=\"http:\/\/www.categero.org.br\/?page_id=1471\">Igreja da Irmandade do Ros\u00e1rio<\/a><\/p>\n<p style=\"padding-left: 90px;\">Tiradentes \u2013\u00a0<a href=\"http:\/\/www.categero.org.br\/?page_id=1472\">Igreja Ros\u00e1rio dos Pretos<\/a><\/p>\n<p style=\"padding-left: 90px;\">Itapecerica \u2013\u00a0<a href=\"http:\/\/categero.org.br\/?page_id=1503\">Igreja N\u00aa S\u00aa do Ros\u00e1rio<\/a><\/p>\n","protected":false},"excerpt":{"rendered":"<p>ESTADO DE MINAS GERAIS Igrejas com imagens do Beato Ant\u00f4nio de Categer\u00f3 &nbsp; Vila Rica \u2013\u00a0Igreja de Nossa Senhora do Ros\u00e1rio Passos \u2013\u00a0Par\u00f3quia S\u00e3o Benedito Milho Verde \u2013 Igreja\u00a0Matriz N\u00aa S\u00aa dos Prazeres Baldim \u2013 Igreja\u00a0ou Capela n\u00e3o identificada Ouro Preto \u2013\u00a0Igreja de Santa Efig\u00eania Sabar\u00e1 \u2013\u00a0Par\u00f3quia Nossa Senhora do Ros\u00e1rio S\u00e3o Jo\u00e3o Del Rei [&hellip;]<\/p>\n","protected":false},"author":1,"featured_media":0,"parent":31,"menu_order":0,"comment_status":"open","ping_status":"open","template":"","meta":{"ngg_post_thumbnail":0,"footnotes":""},"class_list":["post-8870","page","type-page","status-publish","hentry"],"_links":{"self":[{"href":"https:\/\/categero.org.br\/antigo\/index.php?rest_route=\/wp\/v2\/pages\/8870","targetHints":{"allow":["GET"]}}],"collection":[{"href":"https:\/\/categero.org.br\/antigo\/index.php?rest_route=\/wp\/v2\/pages"}],"about":[{"href":"https:\/\/categero.org.br\/antigo\/index.php?rest_route=\/wp\/v2\/types\/page"}],"author":[{"embeddable":true,"href":"https:\/\/categero.org.br\/antigo\/index.php?rest_route=\/wp\/v2\/users\/1"}],"replies":[{"embeddable":true,"href":"https:\/\/categero.org.br\/antigo\/index.php?rest_route=%2Fwp%2Fv2%2Fcomments&post=8870"}],"version-history":[{"count":4,"href":"https:\/\/categero.org.br\/antigo\/index.php?rest_route=\/wp\/v2\/pages\/8870\/revisions"}],"predecessor-version":[{"id":12063,"href":"https:\/\/categero.org.br\/antigo\/index.php?rest_route=\/wp\/v2\/pages\/8870\/revisions\/12063"}],"up":[{"embeddable":true,"href":"https:\/\/categero.org.br\/antigo\/index.php?rest_route=\/wp\/v2\/pages\/31"}],"wp:attachment":[{"href":"https:\/\/categero.org.br\/antigo\/index.php?rest_route=%2Fwp%2Fv2%2Fmedia&parent=8870"}],"curies":[{"name":"wp","href":"https:\/\/api.w.org\/{rel}","templated":true}]}}