{"id":8865,"date":"2014-03-25T15:49:08","date_gmt":"2014-03-25T18:49:08","guid":{"rendered":"http:\/\/categero.org.br\/?page_id=8865"},"modified":"2017-03-06T15:37:12","modified_gmt":"2017-03-06T18:37:12","slug":"8865-2","status":"publish","type":"page","link":"https:\/\/categero.org.br\/antigo\/?page_id=8865","title":{"rendered":"Categer\u00f3 no Estado e cidade do Rio de Janeiro"},"content":{"rendered":"<p style=\"text-align: center;\"><strong>ESTADO DO RIO DE JANEIRO<\/strong><\/p>\n<p style=\"text-align: center;\"><strong>Templos com imagens do Beato Ant\u00f4nio de Categer\u00f3<\/strong><\/p>\n<p style=\"padding-left: 90px; text-align: center;\"><strong>Capital<\/strong><\/p>\n<p style=\"padding-left: 90px;\">Rio de Janeiro \u2013\u00a0<a href=\"http:\/\/www.categero.org.br\/?page_id=96\">Igreja da Lampadosa<\/a><\/p>\n<p style=\"padding-left: 90px;\">Rio de Janeiro \u2013\u00a0<a href=\"http:\/\/www.categero.org.br\/?page_id=107\">Igreja de Santo Elesb\u00e3o e Santa Efig\u00eania<\/a><\/p>\n<p style=\"padding-left: 90px;\">Rio de Janeiro \u2013\u00a0<a href=\"http:\/\/www.categero.org.br\/?page_id=570\">Igreja da Ordem Terceira de S\u00e3o Francisco da Penit\u00eancia<\/a><\/p>\n<p style=\"padding-left: 90px;\">Rio de Janeiro \u00a0&#8211; \u00a0Igreja do Ros\u00e1rio e S\u00e3o Benedito<\/p>\n<p style=\"padding-left: 90px; text-align: center;\"><strong>Um problema da d\u00e9cada de 70<\/strong><\/p>\n<p style=\"padding-left: 90px;\">Rio de Janeiro \u2013\u00a0<a href=\"http:\/\/www.categero.org.br\/?page_id=102\">ex-igreja de Santo Ant\u00f4nio de Categer\u00f3<\/a>\u00a0(atual Santo Expedito)<\/p>\n<p style=\"padding-left: 90px;\">Rio de Janeiro \u00a0&#8211; \u00a0<a href=\"http:\/\/categero.org.br\/?page_id=7013\">Museu de Categer\u00f3<\/a>\u00a0\u00a0na\u00a0Igreja N\u00aaS\u00aa da Anuncia\u00e7\u00e3o da M\u00e3e de Deus<\/p>\n<p style=\"padding-left: 90px;\">Rio de Janeiro \u2013\u00a0<a href=\"http:\/\/www.categero.org.br\/?page_id=111\">Par\u00f3quia Nossa Senhora da Anuncia\u00e7\u00e3o<\/a><\/p>\n<p style=\"padding-left: 90px; text-align: center;\"><strong>Interior<\/strong><\/p>\n<p style=\"padding-left: 90px; text-align: left;\">Campos de Goitac\u00e1zes \u2013\u00a0<a href=\"http:\/\/categero.org.br\/?page_id=1500\">Igreja N\u00aaS\u00aa da Concei\u00e7\u00e3o<\/a><\/p>\n<p style=\"padding-left: 90px; text-align: left;\">Quissam\u00e3 &#8211; <a href=\"http:\/\/categero.org.br\/?page_id=10559\" target=\"_blank\">Capela da Fazenda Machadinha<\/a><\/p>\n<p>&nbsp;<\/p>\n","protected":false},"excerpt":{"rendered":"<p>ESTADO DO RIO DE JANEIRO Templos com imagens do Beato Ant\u00f4nio de Categer\u00f3 Capital Rio de Janeiro \u2013\u00a0Igreja da Lampadosa Rio de Janeiro \u2013\u00a0Igreja de Santo Elesb\u00e3o e Santa Efig\u00eania Rio de Janeiro \u2013\u00a0Igreja da Ordem Terceira de S\u00e3o Francisco da Penit\u00eancia Rio de Janeiro \u00a0&#8211; \u00a0Igreja do Ros\u00e1rio e S\u00e3o Benedito Um problema da [&hellip;]<\/p>\n","protected":false},"author":1,"featured_media":0,"parent":31,"menu_order":0,"comment_status":"open","ping_status":"open","template":"","meta":{"ngg_post_thumbnail":0,"footnotes":""},"class_list":["post-8865","page","type-page","status-publish","hentry"],"_links":{"self":[{"href":"https:\/\/categero.org.br\/antigo\/index.php?rest_route=\/wp\/v2\/pages\/8865","targetHints":{"allow":["GET"]}}],"collection":[{"href":"https:\/\/categero.org.br\/antigo\/index.php?rest_route=\/wp\/v2\/pages"}],"about":[{"href":"https:\/\/categero.org.br\/antigo\/index.php?rest_route=\/wp\/v2\/types\/page"}],"author":[{"embeddable":true,"href":"https:\/\/categero.org.br\/antigo\/index.php?rest_route=\/wp\/v2\/users\/1"}],"replies":[{"embeddable":true,"href":"https:\/\/categero.org.br\/antigo\/index.php?rest_route=%2Fwp%2Fv2%2Fcomments&post=8865"}],"version-history":[{"count":8,"href":"https:\/\/categero.org.br\/antigo\/index.php?rest_route=\/wp\/v2\/pages\/8865\/revisions"}],"predecessor-version":[{"id":12061,"href":"https:\/\/categero.org.br\/antigo\/index.php?rest_route=\/wp\/v2\/pages\/8865\/revisions\/12061"}],"up":[{"embeddable":true,"href":"https:\/\/categero.org.br\/antigo\/index.php?rest_route=\/wp\/v2\/pages\/31"}],"wp:attachment":[{"href":"https:\/\/categero.org.br\/antigo\/index.php?rest_route=%2Fwp%2Fv2%2Fmedia&parent=8865"}],"curies":[{"name":"wp","href":"https:\/\/api.w.org\/{rel}","templated":true}]}}