{"id":8838,"date":"2014-03-02T20:39:01","date_gmt":"2014-03-02T23:39:01","guid":{"rendered":"http:\/\/categero.org.br\/?page_id=8838"},"modified":"2017-01-31T18:50:16","modified_gmt":"2017-01-31T21:50:16","slug":"sp-sao-paulo-rua-santo-antonio-de-categero","status":"publish","type":"page","link":"https:\/\/categero.org.br\/antigo\/?page_id=8838","title":{"rendered":"SP\/S\u00e3o Paulo \u2013 Rua Santo Ant\u00f4nio de Categer\u00f3"},"content":{"rendered":"<p style=\"text-align: center;\"><img loading=\"lazy\" decoding=\"async\" class=\"aligncenter wp-image-11570\" src=\"http:\/\/categero.org.br\/wp-content\/uploads\/2017\/01\/3.-Categer\u00f3-Meio-corpo-PB.jpg\" alt=\"3. Categer\u00f3 Meio corpo P&amp;B\" width=\"326\" height=\"461\" srcset=\"https:\/\/categero.org.br\/antigo\/wp-content\/uploads\/2017\/01\/3.-Categer\u00f3-Meio-corpo-PB.jpg 464w, https:\/\/categero.org.br\/antigo\/wp-content\/uploads\/2017\/01\/3.-Categer\u00f3-Meio-corpo-PB-212x300.jpg 212w\" sizes=\"auto, (max-width: 326px) 100vw, 326px\" \/><\/p>\n<p style=\"text-align: right;\"><em><strong>VEJA MAIS \u00a0 \u00a0<a href=\"http:\/\/categero.org.br\/?p=10996\" target=\"_blank\">\u00a0<\/a><a href=\"http:\/\/categero.org.br\/?p=11622\" target=\"_blank\">Not\u00edcias, deste local, em nosso Portal<\/a><\/strong><\/em><\/p>\n<p style=\"text-align: justify;\">Existe na Vila Nat\u00e1lia, em S\u00e3o Paulo. uma rua com a denomina\u00e7\u00e3o de Santo Ant\u00f4nio de Categer\u00f3.<\/p>\n<p style=\"text-align: justify;\">Apesar de ser uma via de periferia, e com diversas nuances em seu percurso, quanto a destina\u00e7\u00e3o mais comercial ou residencial da via, tamb\u00e9m, por aspectos de seu fluxo e cal\u00e7amento. Por isto \u00e9 um logradouro bastante extenso, com em torno de um quil\u00f4metro.<\/p>\n<p style=\"text-align: justify;\">A rua Santo Ant\u00f4nio de Categer\u00f3 inicia em um acesso de escadaria para a rua Edmundo Carvalho,\u00a0 uma paralela a Rodovia Anchieta (SP-150) para acesso. Dessa escadaria onde come\u00e7a a numera\u00e7\u00e3o do logradouro. Ap\u00f3s uns 200mts seguindo para norte, faz uma leve curva a esquerda (20\u00ba\/25\u00ba), indo em dire\u00e7\u00e3o \u00e0 conflu\u00eancia das ruas Laranjal e Jos\u00e9 David, onde termina, talvez com extens\u00e3o de um quil\u00f4metro. H\u00e1 um ter\u00e7o de seu in\u00edcio tem uma parte espa\u00e7osa da via quando faz dois entroncamentos obl\u00edquos, bem pr\u00f3ximos, com as ruas Aru\u00e1 e Manhara\u00e7u.<\/p>\n<p style=\"text-align: justify;\">Informa\u00e7\u00e3o on-line da <a href=\"http:\/\/www.consultarcep.com.br\">www.consultarcep.com.br<\/a><\/p>\n<p style=\"text-align: justify;\">A\u00a0<strong>Rua Santo Ant\u00f4nio de Categero<\/strong>\u00a0\u00e9 predomimantemente residencial com 91,67% endere\u00e7os residenciais e est\u00e1 localizada no bairro de Vila Nat\u00e1lia na cidade de S\u00e3o Paulo SP.<\/p>\n<p style=\"text-align: justify;\">Com mais de 128 domic\u00edlios, a\u00a0<strong>Rua Santo Ant\u00f4nio de Categero<\/strong>\u00a0caracteriza-se por 88,28% de domic\u00edlios constitu\u00eddo de casas, sobrados ou similares e 11,72% de edif\u00edcios de apartamentos ou conjuntos residenciais com v\u00e1rios domic\u00edlios de fam\u00edlias distintas.<\/p>\n<p style=\"text-align: justify;\">Um mapa do apontador que com dois cliques, voc\u00ea abre na rua Santo Ant\u00f4nio de Categer\u00f3.<\/p>\n<p style=\"text-align: justify;\"><a href=\"http:\/\/www.apontador.com.br\/guia_de_ruas\/sp\/sao_paulo\/rua_santo_antonio_de_categero.html\">http:\/\/www.apontador.com.br\/guia_de_ruas\/sp\/sao_paulo\/rua_santo_antonio_de_categero.html<\/a><\/p>\n<p style=\"text-align: right;\"><em><strong>VEJA MAIS \u00a0 \u00a0<a href=\"http:\/\/categero.org.br\/?p=10996\" target=\"_blank\">\u00a0<\/a><a href=\"http:\/\/categero.org.br\/?p=11622\" target=\"_blank\">Not\u00edcias, deste local, em nosso Portal<\/a><\/strong><\/em><\/p>\n<p style=\"text-align: center;\"><img loading=\"lazy\" decoding=\"async\" class=\"aligncenter size-full wp-image-11628\" src=\"http:\/\/categero.org.br\/wp-content\/uploads\/2014\/03\/Rua-SACat.jpg\" alt=\"Rua SACat\" width=\"397\" height=\"198\" srcset=\"https:\/\/categero.org.br\/antigo\/wp-content\/uploads\/2014\/03\/Rua-SACat.jpg 397w, https:\/\/categero.org.br\/antigo\/wp-content\/uploads\/2014\/03\/Rua-SACat-300x150.jpg 300w\" sizes=\"auto, (max-width: 397px) 100vw, 397px\" \/><\/p>\n","protected":false},"excerpt":{"rendered":"<p>VEJA MAIS \u00a0 \u00a0\u00a0Not\u00edcias, deste local, em nosso Portal Existe na Vila Nat\u00e1lia, em S\u00e3o Paulo. uma rua com a denomina\u00e7\u00e3o de Santo Ant\u00f4nio de Categer\u00f3. Apesar de ser uma via de periferia, e com diversas nuances em seu percurso, quanto a destina\u00e7\u00e3o mais comercial ou residencial da via, tamb\u00e9m, por aspectos de seu fluxo [&hellip;]<\/p>\n","protected":false},"author":1,"featured_media":11628,"parent":8867,"menu_order":0,"comment_status":"open","ping_status":"open","template":"","meta":{"ngg_post_thumbnail":0,"footnotes":""},"class_list":["post-8838","page","type-page","status-publish","has-post-thumbnail","hentry"],"_links":{"self":[{"href":"https:\/\/categero.org.br\/antigo\/index.php?rest_route=\/wp\/v2\/pages\/8838","targetHints":{"allow":["GET"]}}],"collection":[{"href":"https:\/\/categero.org.br\/antigo\/index.php?rest_route=\/wp\/v2\/pages"}],"about":[{"href":"https:\/\/categero.org.br\/antigo\/index.php?rest_route=\/wp\/v2\/types\/page"}],"author":[{"embeddable":true,"href":"https:\/\/categero.org.br\/antigo\/index.php?rest_route=\/wp\/v2\/users\/1"}],"replies":[{"embeddable":true,"href":"https:\/\/categero.org.br\/antigo\/index.php?rest_route=%2Fwp%2Fv2%2Fcomments&post=8838"}],"version-history":[{"count":8,"href":"https:\/\/categero.org.br\/antigo\/index.php?rest_route=\/wp\/v2\/pages\/8838\/revisions"}],"predecessor-version":[{"id":11631,"href":"https:\/\/categero.org.br\/antigo\/index.php?rest_route=\/wp\/v2\/pages\/8838\/revisions\/11631"}],"up":[{"embeddable":true,"href":"https:\/\/categero.org.br\/antigo\/index.php?rest_route=\/wp\/v2\/pages\/8867"}],"wp:featuredmedia":[{"embeddable":true,"href":"https:\/\/categero.org.br\/antigo\/index.php?rest_route=\/wp\/v2\/media\/11628"}],"wp:attachment":[{"href":"https:\/\/categero.org.br\/antigo\/index.php?rest_route=%2Fwp%2Fv2%2Fmedia&parent=8838"}],"curies":[{"name":"wp","href":"https:\/\/api.w.org\/{rel}","templated":true}]}}