{"id":8828,"date":"2014-03-02T19:49:37","date_gmt":"2014-03-02T22:49:37","guid":{"rendered":"http:\/\/categero.org.br\/?page_id=8828"},"modified":"2014-03-25T16:30:51","modified_gmt":"2014-03-25T19:30:51","slug":"spsorocaba-capela-senhor-do-bonfim-joao-de-camargo","status":"publish","type":"page","link":"https:\/\/categero.org.br\/antigo\/?page_id=8828","title":{"rendered":"SP\/Sorocaba &#8211; Capela Senhor do Bonfim Jo\u00e3o de Camargo"},"content":{"rendered":"<p style=\"text-align: center;\"><a href=\"http:\/\/categero.org.br\/wp-content\/uploads\/2014\/03\/Capela03.jpg\"><img loading=\"lazy\" decoding=\"async\" class=\"aligncenter size-medium wp-image-8834\" alt=\"Capela03\" src=\"http:\/\/categero.org.br\/wp-content\/uploads\/2014\/03\/Capela03-300x195.jpg\" width=\"300\" height=\"195\" srcset=\"https:\/\/categero.org.br\/antigo\/wp-content\/uploads\/2014\/03\/Capela03-300x195.jpg 300w, https:\/\/categero.org.br\/antigo\/wp-content\/uploads\/2014\/03\/Capela03-75x50.jpg 75w, https:\/\/categero.org.br\/antigo\/wp-content\/uploads\/2014\/03\/Capela03.jpg 350w\" sizes=\"auto, (max-width: 300px) 100vw, 300px\" \/><\/a><\/p>\n<p>\u00a0Capela Jo\u00e3o de Camargo<br \/>\nAv. Bar\u00e3o de Tatu\u00ed, n.\u00ba\u00a01.083 Sorocaba &#8211; S\u00e3o Paulo &#8211; Brasil Cep. 18.030.000<\/p>\n<p>Existe uma imagem do Beato Ant\u00f4nio de Categer\u00f3 na Capela Senhor do Bonfim Jo\u00e3o Camargo. Informa\u00e7\u00e3o que nos oportunizada pelo devoto Silva Terapeuta. Mais um dos grandes Categer\u00f3s brasileiros.<\/p>\n<p>Endere\u00e7o do site da Capela &#8211;\u00a0<a href=\"http:\/\/www.facebook.com\/l.php?u=http%3A%2F%2Fwww.joaodecamargo.com.br&amp;h=SAQFTBLT2&amp;s=1\" target=\"_blank\">www.joaodecamargo.com.br<\/a><\/p>\n<p style=\"text-align: center;\">\u00a0<a href=\"http:\/\/categero.org.br\/wp-content\/uploads\/2014\/03\/Categer\u00f3-de-Sorocaba.jpg\"><img loading=\"lazy\" decoding=\"async\" class=\"aligncenter size-medium wp-image-8835\" alt=\"Categer\u00f3 de Sorocaba\" src=\"http:\/\/categero.org.br\/wp-content\/uploads\/2014\/03\/Categer\u00f3-de-Sorocaba-300x149.jpg\" width=\"300\" height=\"149\" srcset=\"https:\/\/categero.org.br\/antigo\/wp-content\/uploads\/2014\/03\/Categer\u00f3-de-Sorocaba-300x149.jpg 300w, https:\/\/categero.org.br\/antigo\/wp-content\/uploads\/2014\/03\/Categer\u00f3-de-Sorocaba.jpg 397w\" sizes=\"auto, (max-width: 300px) 100vw, 300px\" \/><\/a><\/p>\n<p>&nbsp;<\/p>\n<p><a href=\"http:\/\/www.joaodecamargo.com.br\/\" target=\"_blank\">\u00a0<\/a><a href=\"http:\/\/categero.org.br\/wp-content\/uploads\/2014\/03\/Baner.jpg\"><br \/>\n<\/a><\/p>\n","protected":false},"excerpt":{"rendered":"<p>\u00a0Capela Jo\u00e3o de Camargo Av. Bar\u00e3o de Tatu\u00ed, n.\u00ba\u00a01.083 Sorocaba &#8211; S\u00e3o Paulo &#8211; Brasil Cep. 18.030.000 Existe uma imagem do Beato Ant\u00f4nio de Categer\u00f3 na Capela Senhor do Bonfim Jo\u00e3o Camargo. Informa\u00e7\u00e3o que nos oportunizada pelo devoto Silva Terapeuta. Mais um dos grandes Categer\u00f3s brasileiros. Endere\u00e7o do site da Capela &#8211;\u00a0www.joaodecamargo.com.br \u00a0 &nbsp; \u00a0<\/p>\n","protected":false},"author":1,"featured_media":8836,"parent":8867,"menu_order":0,"comment_status":"open","ping_status":"open","template":"","meta":{"ngg_post_thumbnail":0,"footnotes":""},"class_list":["post-8828","page","type-page","status-publish","has-post-thumbnail","hentry"],"_links":{"self":[{"href":"https:\/\/categero.org.br\/antigo\/index.php?rest_route=\/wp\/v2\/pages\/8828","targetHints":{"allow":["GET"]}}],"collection":[{"href":"https:\/\/categero.org.br\/antigo\/index.php?rest_route=\/wp\/v2\/pages"}],"about":[{"href":"https:\/\/categero.org.br\/antigo\/index.php?rest_route=\/wp\/v2\/types\/page"}],"author":[{"embeddable":true,"href":"https:\/\/categero.org.br\/antigo\/index.php?rest_route=\/wp\/v2\/users\/1"}],"replies":[{"embeddable":true,"href":"https:\/\/categero.org.br\/antigo\/index.php?rest_route=%2Fwp%2Fv2%2Fcomments&post=8828"}],"version-history":[{"count":5,"href":"https:\/\/categero.org.br\/antigo\/index.php?rest_route=\/wp\/v2\/pages\/8828\/revisions"}],"predecessor-version":[{"id":8831,"href":"https:\/\/categero.org.br\/antigo\/index.php?rest_route=\/wp\/v2\/pages\/8828\/revisions\/8831"}],"up":[{"embeddable":true,"href":"https:\/\/categero.org.br\/antigo\/index.php?rest_route=\/wp\/v2\/pages\/8867"}],"wp:featuredmedia":[{"embeddable":true,"href":"https:\/\/categero.org.br\/antigo\/index.php?rest_route=\/wp\/v2\/media\/8836"}],"wp:attachment":[{"href":"https:\/\/categero.org.br\/antigo\/index.php?rest_route=%2Fwp%2Fv2%2Fmedia&parent=8828"}],"curies":[{"name":"wp","href":"https:\/\/api.w.org\/{rel}","templated":true}]}}