{"id":8820,"date":"2014-03-02T19:39:42","date_gmt":"2014-03-02T22:39:42","guid":{"rendered":"http:\/\/categero.org.br\/?page_id=8820"},"modified":"2016-11-08T05:56:36","modified_gmt":"2016-11-08T08:56:36","slug":"spitapeva-rua-santo-antonio-de-categero","status":"publish","type":"page","link":"https:\/\/categero.org.br\/antigo\/?page_id=8820","title":{"rendered":"SP\/Itapeva &#8211; Rua Santo Ant\u00f4nio de Categer\u00f3"},"content":{"rendered":"<h3 style=\"text-align: center;\">A Capela de S\u00e3o Benedito com o Beato Ant\u00f4nio de Categer\u00f3<\/h3>\n<p style=\"text-align: center;\"><img loading=\"lazy\" decoding=\"async\" class=\"aligncenter wp-image-11065\" src=\"http:\/\/categero.org.br\/wp-content\/uploads\/2014\/03\/Rua-StAnt-Catgr_Itapeva-2.jpg\" alt=\"rua-stant-catgr_itapeva-2\" width=\"439\" height=\"351\" srcset=\"https:\/\/categero.org.br\/antigo\/wp-content\/uploads\/2014\/03\/Rua-StAnt-Catgr_Itapeva-2.jpg 850w, https:\/\/categero.org.br\/antigo\/wp-content\/uploads\/2014\/03\/Rua-StAnt-Catgr_Itapeva-2-300x240.jpg 300w, https:\/\/categero.org.br\/antigo\/wp-content\/uploads\/2014\/03\/Rua-StAnt-Catgr_Itapeva-2-768x614.jpg 768w, https:\/\/categero.org.br\/antigo\/wp-content\/uploads\/2014\/03\/Rua-StAnt-Catgr_Itapeva-2-495x396.jpg 495w\" sizes=\"auto, (max-width: 439px) 100vw, 439px\" \/><\/p>\n<p style=\"text-align: justify;\">Existe uma Rua Santo Ant\u00f4nio de Categer\u00f3, na cidade de Itapeva, no Estado de S\u00e3o Paulo, bem como uma imagem do beato Ant\u00f4nio de Categer\u00f3, na Igreja de S\u00e3o Benedito. Igreja esta que se situa no encontro das ruas, com denomina\u00e7\u00f5es estes dois franciscanos.<\/p>\n<p style=\"text-align: right;\"><em><strong>VEJA MAIS \u00a0 \u00a0<a href=\"http:\/\/categero.org.br\/?p=10996\" target=\"_blank\">\u00a0<\/a><a href=\"http:\/\/categero.org.br\/?p=11068\" target=\"_blank\">Not\u00edcias \u00a0Capela em nosso Portal<\/a><\/strong><\/em><\/p>\n<p style=\"text-align: center;\"><img loading=\"lazy\" decoding=\"async\" class=\"aligncenter size-medium wp-image-8822\" src=\"http:\/\/categero.org.br\/wp-content\/uploads\/2014\/03\/Igreja-de-S\u00e3o-Benedito-Itapeva-SP-esq-Sa\u00f5-Bene-x-Categero-300x185.jpg\" alt=\"Igreja de S\u00e3o Benedito Itapeva SP esq Sa\u00f5 Bene x Categero\" width=\"300\" height=\"185\" srcset=\"https:\/\/categero.org.br\/antigo\/wp-content\/uploads\/2014\/03\/Igreja-de-S\u00e3o-Benedito-Itapeva-SP-esq-Sa\u00f5-Bene-x-Categero-300x185.jpg 300w, https:\/\/categero.org.br\/antigo\/wp-content\/uploads\/2014\/03\/Igreja-de-S\u00e3o-Benedito-Itapeva-SP-esq-Sa\u00f5-Bene-x-Categero-1024x632.jpg 1024w, https:\/\/categero.org.br\/antigo\/wp-content\/uploads\/2014\/03\/Igreja-de-S\u00e3o-Benedito-Itapeva-SP-esq-Sa\u00f5-Bene-x-Categero-495x305.jpg 495w, https:\/\/categero.org.br\/antigo\/wp-content\/uploads\/2014\/03\/Igreja-de-S\u00e3o-Benedito-Itapeva-SP-esq-Sa\u00f5-Bene-x-Categero.jpg 1092w\" sizes=\"auto, (max-width: 300px) 100vw, 300px\" \/><\/p>\n<p style=\"text-align: justify;\">A rua parece ser das antigas da cidade. Como continuidade e \u00a0sucessora de uma antiga estrada, talvez com a mesma denomina\u00e7\u00e3o. Nos idos tempos, constava inclusa na rota usada por tropeiros, que se deslocavam do Rio Grande do Sul, com tropas de gado at\u00e9 o centro do pa\u00eds. Ali faziam suas paragens, descansos consumos aliment\u00edcio e at\u00e9 de suas devo\u00e7\u00f5es, n\u00e3o parecendo ser muito distante do Centro da cidade.<\/p>\n<p style=\"text-align: justify;\">H\u00e1 uma tradi\u00e7\u00e3o de parceria entre S\u00e3o Benedito e Santo Ant\u00f4nio de Categer\u00f3, oriunda da uni\u00e3o fraterna promovida pelas Irmandades do Ros\u00e1rios dos Homens Pretos.\u00a0Talvez, possa ser pesquisado, a partir da\u00ed, as origens de S\u00e3o Benedito e do Beato Ant\u00f4nio de Categer\u00f3, consagradas devo\u00e7\u00f5es de periferias rurais, nesta localidade. Inclua-se, nas premissas de pesquisa, os Ternos de Reis e as benzedeiras, dois fatores do desenvolvimento da devo\u00e7\u00e3o no p\u00f3s Ciclo das Prociss\u00f5es de Cinza e das Irmandades do Ros\u00e1rio.<\/p>\n<p style=\"text-align: justify;\">Eis o Beato Ant\u00f4nio de Categer\u00f3 entronizado na igreja de S\u00e3o Benedito na cidade de Itapeva no Estado de S\u00e3o Paulo.<\/p>\n<p style=\"text-align: right;\"><em><strong>VEJA MAIS \u00a0 \u00a0<a href=\"http:\/\/categero.org.br\/?p=10996\" target=\"_blank\">\u00a0<\/a><a href=\"http:\/\/categero.org.br\/?p=11068\" target=\"_blank\">Not\u00edcias \u00a0desta capela em nosso Portal<\/a><\/strong><\/em><\/p>\n<p style=\"text-align: center;\"><img loading=\"lazy\" decoding=\"async\" class=\"aligncenter wp-image-11066\" src=\"http:\/\/categero.org.br\/wp-content\/uploads\/2014\/03\/R-SP-igr-SBened-Itapeva.jpg\" alt=\"r-sp-igr-sbened-itapeva\" width=\"373\" height=\"498\" srcset=\"https:\/\/categero.org.br\/antigo\/wp-content\/uploads\/2014\/03\/R-SP-igr-SBened-Itapeva.jpg 1920w, https:\/\/categero.org.br\/antigo\/wp-content\/uploads\/2014\/03\/R-SP-igr-SBened-Itapeva-225x300.jpg 225w, https:\/\/categero.org.br\/antigo\/wp-content\/uploads\/2014\/03\/R-SP-igr-SBened-Itapeva-768x1024.jpg 768w, https:\/\/categero.org.br\/antigo\/wp-content\/uploads\/2014\/03\/R-SP-igr-SBened-Itapeva-495x660.jpg 495w\" sizes=\"auto, (max-width: 373px) 100vw, 373px\" \/><\/p>\n<p style=\"text-align: center;\"><img loading=\"lazy\" decoding=\"async\" class=\"aligncenter size-medium wp-image-8821\" src=\"http:\/\/categero.org.br\/wp-content\/uploads\/2014\/03\/SP-Itapeva-300x149.jpg\" alt=\"SP Itapeva\" width=\"300\" height=\"149\" srcset=\"https:\/\/categero.org.br\/antigo\/wp-content\/uploads\/2014\/03\/SP-Itapeva-300x149.jpg 300w, https:\/\/categero.org.br\/antigo\/wp-content\/uploads\/2014\/03\/SP-Itapeva.jpg 397w\" sizes=\"auto, (max-width: 300px) 100vw, 300px\" \/><\/p>\n<p>&nbsp;<\/p>\n","protected":false},"excerpt":{"rendered":"<p>A Capela de S\u00e3o Benedito com o Beato Ant\u00f4nio de Categer\u00f3 Existe uma Rua Santo Ant\u00f4nio de Categer\u00f3, na cidade de Itapeva, no Estado de S\u00e3o Paulo, bem como uma imagem do beato Ant\u00f4nio de Categer\u00f3, na Igreja de S\u00e3o Benedito. Igreja esta que se situa no encontro das ruas, com denomina\u00e7\u00f5es estes dois franciscanos. [&hellip;]<\/p>\n","protected":false},"author":1,"featured_media":8821,"parent":8867,"menu_order":0,"comment_status":"open","ping_status":"open","template":"","meta":{"ngg_post_thumbnail":0,"footnotes":""},"class_list":["post-8820","page","type-page","status-publish","has-post-thumbnail","hentry"],"_links":{"self":[{"href":"https:\/\/categero.org.br\/antigo\/index.php?rest_route=\/wp\/v2\/pages\/8820","targetHints":{"allow":["GET"]}}],"collection":[{"href":"https:\/\/categero.org.br\/antigo\/index.php?rest_route=\/wp\/v2\/pages"}],"about":[{"href":"https:\/\/categero.org.br\/antigo\/index.php?rest_route=\/wp\/v2\/types\/page"}],"author":[{"embeddable":true,"href":"https:\/\/categero.org.br\/antigo\/index.php?rest_route=\/wp\/v2\/users\/1"}],"replies":[{"embeddable":true,"href":"https:\/\/categero.org.br\/antigo\/index.php?rest_route=%2Fwp%2Fv2%2Fcomments&post=8820"}],"version-history":[{"count":10,"href":"https:\/\/categero.org.br\/antigo\/index.php?rest_route=\/wp\/v2\/pages\/8820\/revisions"}],"predecessor-version":[{"id":11100,"href":"https:\/\/categero.org.br\/antigo\/index.php?rest_route=\/wp\/v2\/pages\/8820\/revisions\/11100"}],"up":[{"embeddable":true,"href":"https:\/\/categero.org.br\/antigo\/index.php?rest_route=\/wp\/v2\/pages\/8867"}],"wp:featuredmedia":[{"embeddable":true,"href":"https:\/\/categero.org.br\/antigo\/index.php?rest_route=\/wp\/v2\/media\/8821"}],"wp:attachment":[{"href":"https:\/\/categero.org.br\/antigo\/index.php?rest_route=%2Fwp%2Fv2%2Fmedia&parent=8820"}],"curies":[{"name":"wp","href":"https:\/\/api.w.org\/{rel}","templated":true}]}}