{"id":8762,"date":"2014-03-02T13:11:57","date_gmt":"2014-03-02T16:11:57","guid":{"rendered":"http:\/\/categero.org.br\/?page_id=8762"},"modified":"2018-06-21T22:35:01","modified_gmt":"2018-06-22T01:35:01","slug":"fratello-negro-antonio-di-noto-detto-letiope","status":"publish","type":"page","link":"https:\/\/categero.org.br\/antigo\/?page_id=8762","title":{"rendered":"Fratello negro &#8211; Antonio di Noto detto l&#8217;etiope &#8211; Livro"},"content":{"rendered":"<h3 style=\"text-align: center;\"><a href=\"http:\/\/categero.org.br\/wp-content\/uploads\/2014\/03\/Sem-T\u00edtulo-1.jpg\"><img loading=\"lazy\" decoding=\"async\" width=\"300\" height=\"149\" class=\"aligncenter size-medium wp-image-8766\" alt=\"Sem T\u00edtulo-1\" src=\"http:\/\/categero.org.br\/wp-content\/uploads\/2014\/03\/Sem-T\u00edtulo-1-300x149.jpg\" srcset=\"https:\/\/categero.org.br\/antigo\/wp-content\/uploads\/2014\/03\/Sem-T\u00edtulo-1-300x149.jpg 300w, https:\/\/categero.org.br\/antigo\/wp-content\/uploads\/2014\/03\/Sem-T\u00edtulo-1.jpg 397w\" sizes=\"auto, (max-width: 300px) 100vw, 300px\" \/><\/a><\/h3>\n<h3 style=\"text-align: center;\">Santo Ant\u00f4nio de Categer\u00f3 &#8211; vida, obra e devo\u00e7\u00e3o<\/h3>\n<h3 style=\"text-align: center;\">(<a href=\"http:\/\/issuu.com\/categero.br\/docs\/fratellonegro\" target=\"_blank\" rel=\"noopener\">baixe o livro<\/a>)<\/h3>\n<h3 style=\"text-align: center;\">&nbsp;<\/h3>\n<p>Livro publicado, em 1990, pela Caritas diocesana de Noto. Foi editado em idioma italiano e cont\u00e9m, basicamente, os mesmos conte\u00fados da obra brasileira: Santo Ant\u00f4nio de Categer\u00f3 &#8211; Sinal prof\u00e9tico de empenho pelos pobres, que j\u00e1 teve quatro edi\u00e7\u00f5es no Brasil, desde 1986, quando ocorreu a primeira.<\/p>\n<p>O livro italiano deve promover&nbsp;&nbsp;nas comunidades de Noto e \u00c1vola, na It\u00e1lia, o mesmo efeito que aos devotos e outros penitentes que o busquem aqui no Brasil. Se diferencia, n\u00e3o pelos poucos conte\u00fados de atualiza\u00e7\u00e3o, que apresenta ao final, mas pelo dimens\u00e3o de Noto e \u00c1vola, em rela\u00e7\u00e3o da extens\u00e3o territorial do Brasil.<\/p>\n<p style=\"text-align: center;\"><a href=\"http:\/\/categero.org.br\/wp-content\/uploads\/2014\/03\/Ms.-Guastella.jpg\"><img loading=\"lazy\" decoding=\"async\" width=\"286\" height=\"232\" class=\"aligncenter size-full wp-image-8781\" alt=\"Ms. Guastella\" src=\"http:\/\/categero.org.br\/wp-content\/uploads\/2014\/03\/Ms.-Guastella.jpg\" srcset=\"https:\/\/categero.org.br\/antigo\/wp-content\/uploads\/2014\/03\/Ms.-Guastella.jpg 286w, https:\/\/categero.org.br\/antigo\/wp-content\/uploads\/2014\/03\/Ms.-Guastella-110x90.jpg 110w\" sizes=\"auto, (max-width: 286px) 100vw, 286px\" \/><\/a><\/p>\n","protected":false},"excerpt":{"rendered":"<p>Santo Ant\u00f4nio de Categer\u00f3 &#8211; vida, obra e devo\u00e7\u00e3o (baixe o livro) &nbsp; Livro publicado, em 1990, pela Caritas diocesana de Noto. Foi editado em idioma italiano e cont\u00e9m, basicamente, os mesmos conte\u00fados da obra brasileira: Santo Ant\u00f4nio de Categer\u00f3 &#8211; Sinal prof\u00e9tico de empenho pelos pobres, que j\u00e1 teve quatro edi\u00e7\u00f5es no Brasil, desde [&hellip;]<\/p>\n","protected":false},"author":1,"featured_media":8766,"parent":7192,"menu_order":0,"comment_status":"open","ping_status":"open","template":"","meta":{"ngg_post_thumbnail":0,"footnotes":""},"class_list":["post-8762","page","type-page","status-publish","has-post-thumbnail","hentry"],"_links":{"self":[{"href":"https:\/\/categero.org.br\/antigo\/index.php?rest_route=\/wp\/v2\/pages\/8762","targetHints":{"allow":["GET"]}}],"collection":[{"href":"https:\/\/categero.org.br\/antigo\/index.php?rest_route=\/wp\/v2\/pages"}],"about":[{"href":"https:\/\/categero.org.br\/antigo\/index.php?rest_route=\/wp\/v2\/types\/page"}],"author":[{"embeddable":true,"href":"https:\/\/categero.org.br\/antigo\/index.php?rest_route=\/wp\/v2\/users\/1"}],"replies":[{"embeddable":true,"href":"https:\/\/categero.org.br\/antigo\/index.php?rest_route=%2Fwp%2Fv2%2Fcomments&post=8762"}],"version-history":[{"count":10,"href":"https:\/\/categero.org.br\/antigo\/index.php?rest_route=\/wp\/v2\/pages\/8762\/revisions"}],"predecessor-version":[{"id":13096,"href":"https:\/\/categero.org.br\/antigo\/index.php?rest_route=\/wp\/v2\/pages\/8762\/revisions\/13096"}],"up":[{"embeddable":true,"href":"https:\/\/categero.org.br\/antigo\/index.php?rest_route=\/wp\/v2\/pages\/7192"}],"wp:featuredmedia":[{"embeddable":true,"href":"https:\/\/categero.org.br\/antigo\/index.php?rest_route=\/wp\/v2\/media\/8766"}],"wp:attachment":[{"href":"https:\/\/categero.org.br\/antigo\/index.php?rest_route=%2Fwp%2Fv2%2Fmedia&parent=8762"}],"curies":[{"name":"wp","href":"https:\/\/api.w.org\/{rel}","templated":true}]}}