{"id":8706,"date":"2014-03-02T09:31:49","date_gmt":"2014-03-02T12:31:49","guid":{"rendered":"http:\/\/categero.org.br\/?page_id=8706"},"modified":"2014-03-02T09:31:49","modified_gmt":"2014-03-02T12:31:49","slug":"3-a-lapide-do-beato-categero","status":"publish","type":"page","link":"https:\/\/categero.org.br\/antigo\/?page_id=8706","title":{"rendered":"3. A l\u00e1pide do Beato Categer\u00f3"},"content":{"rendered":"<p style=\"text-align: center;\"><strong>Texto na\u00a0 l\u00e1pide, junto ao t\u00famulo, do Beato Ant\u00f4nio de Categero, na igreja de Santa Maria de Jesus, em Noto\/It\u00e1lia.<\/strong><\/p>\n<p style=\"text-align: center;\"><a href=\"http:\/\/categero.org.br\/wp-content\/uploads\/2014\/01\/a-l\u00e1pide-do-beato-1.jpg\"><img loading=\"lazy\" decoding=\"async\" class=\"aligncenter\" alt=\"a l\u00e1pide do beato 1\" src=\"http:\/\/categero.org.br\/wp-content\/uploads\/2014\/01\/a-l\u00e1pide-do-beato-1.jpg\" width=\"300\" height=\"208\" \/><\/a>Beati \u00a0(italiano) Beato (portugu\u00eas)<b><\/b><\/p>\n<p style=\"text-align: justify;\">Foto p\u00e1gina 191 do livro: Lui e noi per loro, de autoria do Ms. Salvatore Guastella, em 2000, editado pela C\u00e1ritas Diocesana de Noto.<\/p>\n<p style=\"text-align: justify;\">Texto em latim traduzido, para o italiano, com explicativo, ao rodap\u00e9 da referida p\u00e1gina como legenda da foto.<\/p>\n<p style=\"text-align: justify;\">&#8211;\u00a0 La lapide posta nella chiesa di S. Maria di Ges\u00f9 I\u2019ll, gennaio 1992 a ricordo del ritrovamento delle reliquie del Beato Antonio e dell\u2019inaugurazione del mausoleo Che espone Le sue \u201cossa\u201d.<\/p>\n<p style=\"text-align: justify;\">Queste Le parole in traduzione italiana: \u201cIn questa chiesa riposano Le ossa del Beato Antonio Etiope, Le quali, dopo Il terremoto del 1693, furono qui transportale dall\u2019antica Noto.<\/p>\n<p style=\"text-align: justify;\">Dopo una lunga quasi dimenticanza adesso vengono di nuovo restituite All\u00e1 peiet\u00e0 dei fideli.<\/p>\n<p style=\"text-align: justify;\">Anno del Signore 1992, Il gennaio\u201d &#8211;<\/p>\n<p style=\"text-align: justify;\">Tradu\u00e7\u00e3o em Portugu\u00eas:<\/p>\n<p style=\"text-align: justify;\">A placa\u00a0na igreja de\u00a0S.\u00a0Maria de\u00a0Jesus, inaugurada\u00a0em janeiro de 1992,\u00a0para comemorar\u00a0a descoberta\u00a0das rel\u00edquias\u00a0do Beato\u00a0Antonio\u00a0e a inaugura\u00e7\u00e3o\u00a0do mausol\u00e9u\u00a0que exp\u00f5e\u00a0seus\u00a0&#8220;ossos&#8221;.<br \/>\nEstas s\u00e3o as palavras\u00a0na tradu\u00e7\u00e3o\u00a0do latim para o italiano:<\/p>\n<p style=\"text-align: justify;\">&#8220;Nesta se igreja\u00a0encontram\u00a0os ossos\u00a0do Beato\u00a0Antonio\u00a0Eti\u00f3pia que, ap\u00f3s o terremoto de\u00a01693,\u00a0foi\u00a0transportado da\u00a0Noto\u00a0antiga.<br \/>\nDepois de um\u00a0longo\u00a0tempo esquecido,\u00a0agora eles\u00a0est\u00e3o novamente\u00a0de volta a merc\u00ea dos fi\u00e9is.<br \/>\nAno do Senhor de\u00a01992, em\u00a0Janeiro &#8220;<\/p>\n","protected":false},"excerpt":{"rendered":"<p>Texto na\u00a0 l\u00e1pide, junto ao t\u00famulo, do Beato Ant\u00f4nio de Categero, na igreja de Santa Maria de Jesus, em Noto\/It\u00e1lia. Beati \u00a0(italiano) Beato (portugu\u00eas) Foto p\u00e1gina 191 do livro: Lui e noi per loro, de autoria do Ms. Salvatore Guastella, em 2000, editado pela C\u00e1ritas Diocesana de Noto. Texto em latim traduzido, para o italiano, [&hellip;]<\/p>\n","protected":false},"author":1,"featured_media":0,"parent":73,"menu_order":3,"comment_status":"open","ping_status":"open","template":"","meta":{"ngg_post_thumbnail":0,"footnotes":""},"class_list":["post-8706","page","type-page","status-publish","hentry"],"_links":{"self":[{"href":"https:\/\/categero.org.br\/antigo\/index.php?rest_route=\/wp\/v2\/pages\/8706","targetHints":{"allow":["GET"]}}],"collection":[{"href":"https:\/\/categero.org.br\/antigo\/index.php?rest_route=\/wp\/v2\/pages"}],"about":[{"href":"https:\/\/categero.org.br\/antigo\/index.php?rest_route=\/wp\/v2\/types\/page"}],"author":[{"embeddable":true,"href":"https:\/\/categero.org.br\/antigo\/index.php?rest_route=\/wp\/v2\/users\/1"}],"replies":[{"embeddable":true,"href":"https:\/\/categero.org.br\/antigo\/index.php?rest_route=%2Fwp%2Fv2%2Fcomments&post=8706"}],"version-history":[{"count":2,"href":"https:\/\/categero.org.br\/antigo\/index.php?rest_route=\/wp\/v2\/pages\/8706\/revisions"}],"predecessor-version":[{"id":8710,"href":"https:\/\/categero.org.br\/antigo\/index.php?rest_route=\/wp\/v2\/pages\/8706\/revisions\/8710"}],"up":[{"embeddable":true,"href":"https:\/\/categero.org.br\/antigo\/index.php?rest_route=\/wp\/v2\/pages\/73"}],"wp:attachment":[{"href":"https:\/\/categero.org.br\/antigo\/index.php?rest_route=%2Fwp%2Fv2%2Fmedia&parent=8706"}],"curies":[{"name":"wp","href":"https:\/\/api.w.org\/{rel}","templated":true}]}}