{"id":85,"date":"2010-10-01T00:12:22","date_gmt":"2010-10-01T00:12:22","guid":{"rendered":"http:\/\/www.categero.org.br\/?page_id=85"},"modified":"2017-11-21T09:31:33","modified_gmt":"2017-11-21T12:31:33","slug":"salvadorba-igreja-da-irmandade-de-n%c2%aa-s%c2%aa-senhora-do-rosario-dos-pretos","status":"publish","type":"page","link":"https:\/\/categero.org.br\/antigo\/?page_id=85","title":{"rendered":"BA\/Salvador &#8211; Igreja da Irmandade de N\u00aa S\u00aa Senhora do Ros\u00e1rio dos Pretos"},"content":{"rendered":"<p style=\"text-align: right;\">&nbsp;<\/p>\n<p style=\"text-align: right;\">&nbsp;<\/p>\n<p style=\"text-align: right;\"><a href=\"http:\/\/categero.org.br\/noticias-sobre-o-beato-antonio-de-categero-na-igreja-de-na-sa-do-rosario-dos-pretos-do-pelourinho\/\" target=\"_blank\" rel=\"noopener noreferrer\"><strong>Veja as not\u00edcias sobre o Beato Ant\u00f4nio de Categer\u00f3 nessa igreja<\/strong><\/a><img loading=\"lazy\" decoding=\"async\" width=\"225\" height=\"300\" title=\"iglesia-nossa-senhora-homens1\" class=\"aligncenter size-medium wp-image-87\" alt=\"\" src=\"http:\/\/www.categero.org.br\/wp-content\/uploads\/2010\/10\/iglesia-nossa-senhora-homens1-225x300.jpg\"\/><\/p>\n<p style=\"text-align: right;\"><a href=\"http:\/\/categero.org.br\/noticias-sobre-o-beato-antonio-de-categero-na-igreja-de-na-sa-do-rosario-dos-pretos-do-pelourinho\/\" target=\"_blank\" rel=\"noopener noreferrer\">Veja as not\u00edcias sobre o Beato Ant\u00f4nio de Categer\u00f3 nessa igreja<\/a><\/p>\n<p style=\"text-align: center;\"><b>Uma<\/b><strong> refer\u00eancia nacional de Categer\u00f3<\/strong><\/p>\n<p>H\u00e1 ma imagem de Categer\u00f3, Igreja da Irmandade de Nossa Senhora do Ros\u00e1rio dos Pretos, na cidade de Salvador (Pelourinho), \u2013 BA.<\/p>\n<p>Salvador \u00e9 capital luso-brasileira do primeiro per\u00edodo colonial e o Pelourinho \u00e9 a preserva\u00e7\u00e3o do come\u00e7o da hist\u00f3ria baiana. Existem mais de uma centena de Igrejas, em Salvador, apesar do mito corrente, de que Salvador tem uma igreja para cada dia do ano, ou seja 365 igrejas.<\/p>\n<p>Segundo a pesquisa do Monsenhor Salvatore, biografo de Santo Ant\u00f4nio de Categer\u00f3, um dos lugares em que o beato recebe forte venera\u00e7\u00e3o, seria a antiga Matriz de S\u00e3o Pedro, na Pra\u00e7a da Piedade. E o outro local \u00e9 a igreja da Irmandade de Nossa Senhora do Ros\u00e1rio dos Pretos do Pelourinho. Esta A igreja est\u00e1 situada no mais antigo e caracter\u00edstico bairro baiano, a duzentos metros da Catedral de Santo In\u00e1cio, na pra\u00e7a da S\u00e9. No espa\u00e7o denominado de centro hist\u00f3rico de Salvador &#8211; &#8220;O Pelourinho&#8221;.<\/p>\n<p>A est\u00e1tua de Categer\u00f3 na Matriz de S\u00e3o Pedro \u00e9 de 1,13m de altura e confeccionada no come\u00e7o do s\u00e9culo XVII.<\/p>\n<p style=\"text-align: right;\"><em><strong><span style=\"color: #ff0000;\">Link &#8211;<\/span> <a href=\"http:\/\/categero.org.br\/?p=11452\" target=\"_blank\" rel=\"noopener noreferrer\">Datas de Categer\u00f3&nbsp; (Nota do Portal)<br \/>\n<\/a><\/strong><\/em><\/p>\n<p style=\"text-align: right;\"><em><strong><span style=\"color: #ff0000;\">Link &#8211;&nbsp;<\/span> <a href=\"http:\/\/categero.org.br\/?p=11933\" target=\"_blank\" rel=\"noopener noreferrer\">Perfil, Linha do Tempo e Vaticano (Nota do Portal)<\/a><\/strong><\/em><\/p>\n<p><a href=\"http:\/\/www.categero.org.br\/wp-content\/uploads\/2010\/10\/largo-pelourinho.jpg\"><img loading=\"lazy\" decoding=\"async\" width=\"300\" height=\"225\" title=\"largo-pelourinho\" class=\"aligncenter size-medium wp-image-88\" alt=\"\" src=\"http:\/\/www.categero.org.br\/wp-content\/uploads\/2010\/10\/largo-pelourinho-300x225.jpg\"\/><\/a><\/p>\n<p style=\"text-align: center;\"><a href=\"http:\/\/www.categero.org.br\/wp-content\/uploads\/2011\/07\/Categero-Igr-RosPret-BA.jpg\"><img loading=\"lazy\" decoding=\"async\" width=\"201\" height=\"300\" title=\"Categero Igr RosPret BA\" class=\"aligncenter size-medium wp-image-2318\" alt=\"\" src=\"http:\/\/www.categero.org.br\/wp-content\/uploads\/2011\/07\/Categero-Igr-RosPret-BA-201x300.jpg\"\/><\/a><\/p>\n<p style=\"text-align: center;\">Santo Ant\u00f4nio de Categer\u00f3<br \/>\nImagem hist\u00f3rica<\/p>\n<p style=\"text-align: right;\"><a href=\"http:\/\/categero.org.br\/noticias-sobre-o-beato-antonio-de-categero-na-igreja-de-na-sa-do-rosario-dos-pretos-do-pelourinho\/\" target=\"_blank\" rel=\"noopener noreferrer\">Veja as not\u00edcias sobre o Beato Ant\u00f4nio de Categer\u00f3 nessa igreja<\/a><\/p>\n","protected":false},"excerpt":{"rendered":"<p>&nbsp; &nbsp; Veja as not\u00edcias sobre o Beato Ant\u00f4nio de Categer\u00f3 nessa igreja Veja as not\u00edcias sobre o Beato Ant\u00f4nio de Categer\u00f3 nessa igreja Uma refer\u00eancia nacional de Categer\u00f3 H\u00e1 ma imagem de Categer\u00f3, Igreja da Irmandade de Nossa Senhora do Ros\u00e1rio dos Pretos, na cidade de Salvador (Pelourinho), \u2013 BA. Salvador \u00e9 capital luso-brasileira [&hellip;]<\/p>\n","protected":false},"author":1,"featured_media":8475,"parent":20,"menu_order":0,"comment_status":"closed","ping_status":"closed","template":"","meta":{"ngg_post_thumbnail":0,"footnotes":""},"class_list":["post-85","page","type-page","status-publish","has-post-thumbnail","hentry"],"_links":{"self":[{"href":"https:\/\/categero.org.br\/antigo\/index.php?rest_route=\/wp\/v2\/pages\/85","targetHints":{"allow":["GET"]}}],"collection":[{"href":"https:\/\/categero.org.br\/antigo\/index.php?rest_route=\/wp\/v2\/pages"}],"about":[{"href":"https:\/\/categero.org.br\/antigo\/index.php?rest_route=\/wp\/v2\/types\/page"}],"author":[{"embeddable":true,"href":"https:\/\/categero.org.br\/antigo\/index.php?rest_route=\/wp\/v2\/users\/1"}],"replies":[{"embeddable":true,"href":"https:\/\/categero.org.br\/antigo\/index.php?rest_route=%2Fwp%2Fv2%2Fcomments&post=85"}],"version-history":[{"count":5,"href":"https:\/\/categero.org.br\/antigo\/index.php?rest_route=\/wp\/v2\/pages\/85\/revisions"}],"predecessor-version":[{"id":12859,"href":"https:\/\/categero.org.br\/antigo\/index.php?rest_route=\/wp\/v2\/pages\/85\/revisions\/12859"}],"up":[{"embeddable":true,"href":"https:\/\/categero.org.br\/antigo\/index.php?rest_route=\/wp\/v2\/pages\/20"}],"wp:featuredmedia":[{"embeddable":true,"href":"https:\/\/categero.org.br\/antigo\/index.php?rest_route=\/wp\/v2\/media\/8475"}],"wp:attachment":[{"href":"https:\/\/categero.org.br\/antigo\/index.php?rest_route=%2Fwp%2Fv2%2Fmedia&parent=85"}],"curies":[{"name":"wp","href":"https:\/\/api.w.org\/{rel}","templated":true}]}}