{"id":8305,"date":"2014-02-20T07:50:50","date_gmt":"2014-02-20T10:50:50","guid":{"rendered":"http:\/\/categero.org.br\/?page_id=8305"},"modified":"2018-04-11T19:51:56","modified_gmt":"2018-04-11T22:51:56","slug":"vips-de-categero-o-casal-tilton-e-janete-rs","status":"publish","type":"page","link":"https:\/\/categero.org.br\/antigo\/?page_id=8305","title":{"rendered":"VIPs de Categer\u00f3: o casal Tilton e Janete (RS)"},"content":{"rendered":"<p style=\"text-align: center;\"><img loading=\"lazy\" decoding=\"async\" width=\"322\" height=\"394\" class=\"aligncenter size-full wp-image-12997\" alt=\"\" src=\"http:\/\/categero.org.br\/wp-content\/uploads\/2014\/02\/Pront-com-a-mold.jpg\" srcset=\"https:\/\/categero.org.br\/antigo\/wp-content\/uploads\/2014\/02\/Pront-com-a-mold.jpg 322w, https:\/\/categero.org.br\/antigo\/wp-content\/uploads\/2014\/02\/Pront-com-a-mold-245x300.jpg 245w\" sizes=\"auto, (max-width: 322px) 100vw, 322px\" \/><\/p>\n<p style=\"text-align: justify;\">Este casal foi o respons\u00e1vel pela devo\u00e7\u00e3o no Sul, ap\u00f3s retornarem ao Brasil, de uma viagem \u00e0 Europa, onde visitaram os restos mortais de Categer\u00f3, e come\u00e7aram a articular o in\u00edcio dessa devo\u00e7\u00e3o em solo ga\u00facho.<\/p>\n<p style=\"text-align: justify;\"><em id=\"__mceDel\"> A devo\u00e7\u00e3o a Santo Ant\u00f4nio de Categer\u00f3 se corporifica, em novembro de 1998, com a confec\u00e7\u00e3o de uma imagem do Bem-aventurado, feita sob encomenda a um santeiro do munic\u00edpio de Gramado (RS).<br \/>\n<\/em><\/p>\n<p style=\"text-align: justify;\"><em id=\"__mceDel\">O casal ga\u00facho Tilton Martins dos Santos e Janete Odila Novosady, devotos fervorosos, trouxeram a Porto Alegre a figura do Santo escravo, ap\u00f3s uma curta viagem a Noto, em novembro de 1998. Na regi\u00e3o localizada ao Sul da It\u00e1lia (na Sic\u00edlia), visitaram o lugar em que o \u201cSanto negro\u201d passou grande parte de sua vida.<br \/>\n<\/em><\/p>\n<p style=\"text-align: justify;\"><em id=\"__mceDel\">De volta ao Brasil, procuraram o padre Norberto Janth, p\u00e1roco da Igreja S\u00e3o Carlos \u2013 localizada no bairro Agronomia (zona leste de Porto Alegre). Tilton e Janete presentearam o padre com o livro \u201cSanto Ant\u00f4nio de Categer\u00f3: sinal prof\u00e9tico do empenho pelos pobres\u201d, escrito pelo Monsenhor italiano, Salvatore Guastella.<br \/>\n<\/em><\/p>\n<p style=\"text-align: justify;\"><em id=\"__mceDel\">Os devotos pediram ao padre que considerasse a possibilidade de cultuar \u201cAnt\u00f4nio Et\u00edope\u201d, pois o bairro Agronomia, regi\u00e3o de poucos recursos, era muito parecida com a que o nosso iluminado vivia em Noto. Sensibilizado, o padre aceitou.<\/em><\/p>\n<p style=\"text-align: center;\"><strong>Postagens sobre o casal neste portal<\/strong><\/p>\n<p style=\"text-align: left;\">&nbsp;1. &#8211; <a href=\"http:\/\/categero.org.br\/a-partir-do-livro-de-guastella-tilton-e-janete-vao-ao-tumulo-de-categero\/\">A partir do livro de Guastella, Tilton e Janete v\u00e3o ao \u201ct\u00famulo\u201d de Categer\u00f3;<\/a><\/p>\n<p style=\"text-align: left;\">2. &#8211;&nbsp;<a href=\"http:\/\/categero.org.br\/12984-2\/\">A consolida\u00e7\u00e3o da devo\u00e7\u00e3o ao Beato Ant\u00f4nio de Categer\u00f3 em terras ga\u00fachas pertence a este casal<\/a><\/p>\n<p style=\"text-align: left;\">3. &#8211;<a href=\"http:\/\/categero.org.br\/a-primeira-geracao-de-santinhos-do-beato-antonio-de-categero-da-igr-sao-paulo-apostolo-em-canoasrs\/\">&nbsp;A primeira gera\u00e7\u00e3o de santinhos do Beato Ant\u00f4nio de Categer\u00f3 da Igreja S\u00e3o Paulo Ap\u00f3stolo em Canoas\/RS<\/a><\/p>\n<p style=\"text-align: left;\">4. &#8211;<a href=\"http:\/\/categero.org.br\/um-santinho-da-igreja-santa-maria-de-jesus-que-o-casal-trouxe-da-viagem\/\">&nbsp;Um santinho da igreja Santa Maria de Jesus que o casal trouxe da viagem<\/a><\/p>\n<p style=\"text-align: left;\">5. &#8211;&nbsp;<a href=\"http:\/\/categero.org.br\/2-altares-da-fe\/6-regiao-sulbr\/rio-grande-do-sul-e-o-templos-e-locais-com-imagens-do-beato\/o-beato-de-categero-esta-no-caminhos-da-fe-de-santo-antonio-da-patrulha-no-rio-grande-do-sul\/\">RS\/Santo Ant\u00f4nio da Patrulha \u2013 O beato de Categer\u00f3 no \u201cCaminhos da F\u00e9\u201d<\/a><\/p>\n<p style=\"text-align: left;\">6. &#8211; &nbsp;<a href=\"http:\/\/categero.org.br\/os-primeiros-momentos-do-encontro-de-categero-com-os-gauchos-brasileiros\/\">Os primeiros momentos do encontro de Categer\u00f3 com os ga\u00fachos brasileiros<\/a><\/p>\n<p style=\"text-align: left;\">7. &#8211;&nbsp;<a href=\"http:\/\/categero.org.br\/pe-fabio-paroco-da-igreja-sao-carlos-em-110616-coordena-reuniao-sobre-pesquisas-de-categero\/\">Pe. F\u00e1bio p\u00e1roco da Igreja S\u00e3o Carlos, em 11\/06\/16 coordena reuni\u00e3o sobre pesquisas de Categer\u00f3<\/a><\/p>\n<p style=\"text-align: left;\">8. &#8211;&nbsp;<a href=\"http:\/\/categero.org.br\/a-confeccao-da-imagem-do-beato-antonio-de-categero-para-esta-igreja\/\">A confec\u00e7\u00e3o da imagem do Beato Ant\u00f4nio de Categer\u00f3 para a igreja S\u00e3o Paulo<\/a><\/p>\n<p style=\"text-align: left;\">9. &#8211; &nbsp;<a href=\"http:\/\/categero.org.br\/entrevista-com-o-falecido-pe-norberto-janth-sobre-a-chegada-de-categero\/\">Entrevista com o falecido Pe. Norberto Janth sobre a chegada de Categer\u00f3<\/a><\/p>\n<p style=\"text-align: left;\">10. &#8211; <a href=\"http:\/\/categero.org.br\/a-producao-da-1a-imagem-do-beato-antonio-de-categero-para-o-rio-grande-do-sul\/\">&nbsp;A produ\u00e7\u00e3o da 1\u00aa imagem do Beato Ant\u00f3nio de Categer\u00f3 para o Rio Grande do Sul<\/a><\/p>\n<p style=\"text-align: left;\">11. &#8211;&nbsp;<a href=\"http:\/\/categero.org.br\/2008-ata-de-entronizacao-na-igreja-sao-carlos-poars\/\">1999 \u2013 Depoimento de Pe. Beto, sobre a chegada de Categer\u00f3 na Igreja S\u00e3o Carlos<\/a><\/p>\n<p style=\"text-align: left;\">12. &#8211; &nbsp;<a href=\"http:\/\/categero.org.br\/2006-um-gaucho-em-noto-a-procura-de-categero\/\">2006 \u2013 Um ga\u00facho em Noto a procura de Categer\u00f3<\/a><\/p>\n<p style=\"text-align: left;\">13. &#8211;&nbsp;<a href=\"http:\/\/categero.org.br\/1998-inicio-da-devocao-de-categero-no-solo-gaucho\/\">1998 \u2013 In\u00edcio da Devo\u00e7\u00e3o de Categer\u00f3 no solo ga\u00facho<\/a><\/p>\n<p style=\"text-align: left;\">14. &#8211;&nbsp;<a href=\"http:\/\/categero.org.br\/santinhos-de-categero-no-rgs-2\/\">Santinhos de Categer\u00f3 no RGS<\/a><\/p>\n<p style=\"text-align: left;\">15. &#8211; <a href=\"http:\/\/categero.org.br\/1-manifestacoes-da-fe\/vips-de-categero\/aqui-esta-um-vip-a-devocao-de-categero-3\/\">Minha m\u00e3e encontra o beato, atrav\u00e9s de seu santinho. \u00c9 o come\u00e7o da VIP Mariana Pinheiro<\/a><\/p>\n<p style=\"text-align: left;\">&nbsp;<\/p>\n<p style=\"text-align: left;\">&nbsp;<\/p>\n<div id=\"attachment_13000\" style=\"width: 509px\" class=\"wp-caption aligncenter\"><img loading=\"lazy\" decoding=\"async\" aria-describedby=\"caption-attachment-13000\" width=\"499\" height=\"376\" class=\"wp-image-13000\" alt=\"\" src=\"http:\/\/categero.org.br\/wp-content\/uploads\/2014\/02\/Santinho-italiano-de-Noto_Italia-Frente-4-1.jpg\" srcset=\"https:\/\/categero.org.br\/antigo\/wp-content\/uploads\/2014\/02\/Santinho-italiano-de-Noto_Italia-Frente-4-1.jpg 1646w, https:\/\/categero.org.br\/antigo\/wp-content\/uploads\/2014\/02\/Santinho-italiano-de-Noto_Italia-Frente-4-1-300x226.jpg 300w, https:\/\/categero.org.br\/antigo\/wp-content\/uploads\/2014\/02\/Santinho-italiano-de-Noto_Italia-Frente-4-1-768x579.jpg 768w, https:\/\/categero.org.br\/antigo\/wp-content\/uploads\/2014\/02\/Santinho-italiano-de-Noto_Italia-Frente-4-1-1024x771.jpg 1024w, https:\/\/categero.org.br\/antigo\/wp-content\/uploads\/2014\/02\/Santinho-italiano-de-Noto_Italia-Frente-4-1-495x373.jpg 495w, https:\/\/categero.org.br\/antigo\/wp-content\/uploads\/2014\/02\/Santinho-italiano-de-Noto_Italia-Frente-4-1-80x60.jpg 80w, https:\/\/categero.org.br\/antigo\/wp-content\/uploads\/2014\/02\/Santinho-italiano-de-Noto_Italia-Frente-4-1-161x120.jpg 161w\" sizes=\"auto, (max-width: 499px) 100vw, 499px\" \/><p id=\"caption-attachment-13000\" class=\"wp-caption-text\">Este santinho do Beato Ant\u00f4nio de Categer\u00f3, produzido na It\u00e1lia, tem quatro p\u00e1ginas, com a capa colorida. Sua distribui\u00e7\u00e3o \u00e9 ordin\u00e1ria, nos of\u00edcios da igreja de Santa Maria de Jesus, de Noto, na It\u00e1lia, O exemplar foi trazido pelo casal Tilton e Janete. Destaque-se a imagem que ilustra a estampa, que \u00e9 de um autor brasileiro. Ela foi produzida e usada, pela primeira vez, em 24 de maio do ano de 1961. A estampa, no dito santinho, recebeu a chancela do Dom Paulo Rolim Loureiro, Bispo Auxiliar e Vig\u00e1rio Geral de S\u00e3o Paulo.<\/p><\/div>\n<p style=\"text-align: center;\">.<\/p>\n<p style=\"text-align: center;\">&nbsp;<\/p>\n<p style=\"text-align: left;\">&nbsp;<\/p>\n<p style=\"text-align: left;\">&nbsp;<\/p>\n<p style=\"text-align: left;\">&nbsp;<\/p>\n<p style=\"text-align: left;\">&nbsp;<\/p>\n","protected":false},"excerpt":{"rendered":"<p>Este casal foi o respons\u00e1vel pela devo\u00e7\u00e3o no Sul, ap\u00f3s retornarem ao Brasil, de uma viagem \u00e0 Europa, onde visitaram os restos mortais de Categer\u00f3, e come\u00e7aram a articular o in\u00edcio dessa devo\u00e7\u00e3o em solo ga\u00facho. A devo\u00e7\u00e3o a Santo Ant\u00f4nio de Categer\u00f3 se corporifica, em novembro de 1998, com a confec\u00e7\u00e3o de uma imagem [&hellip;]<\/p>\n","protected":false},"author":1,"featured_media":8308,"parent":3766,"menu_order":6,"comment_status":"open","ping_status":"open","template":"","meta":{"ngg_post_thumbnail":0,"footnotes":""},"class_list":["post-8305","page","type-page","status-publish","has-post-thumbnail","hentry"],"_links":{"self":[{"href":"https:\/\/categero.org.br\/antigo\/index.php?rest_route=\/wp\/v2\/pages\/8305","targetHints":{"allow":["GET"]}}],"collection":[{"href":"https:\/\/categero.org.br\/antigo\/index.php?rest_route=\/wp\/v2\/pages"}],"about":[{"href":"https:\/\/categero.org.br\/antigo\/index.php?rest_route=\/wp\/v2\/types\/page"}],"author":[{"embeddable":true,"href":"https:\/\/categero.org.br\/antigo\/index.php?rest_route=\/wp\/v2\/users\/1"}],"replies":[{"embeddable":true,"href":"https:\/\/categero.org.br\/antigo\/index.php?rest_route=%2Fwp%2Fv2%2Fcomments&post=8305"}],"version-history":[{"count":11,"href":"https:\/\/categero.org.br\/antigo\/index.php?rest_route=\/wp\/v2\/pages\/8305\/revisions"}],"predecessor-version":[{"id":13005,"href":"https:\/\/categero.org.br\/antigo\/index.php?rest_route=\/wp\/v2\/pages\/8305\/revisions\/13005"}],"up":[{"embeddable":true,"href":"https:\/\/categero.org.br\/antigo\/index.php?rest_route=\/wp\/v2\/pages\/3766"}],"wp:featuredmedia":[{"embeddable":true,"href":"https:\/\/categero.org.br\/antigo\/index.php?rest_route=\/wp\/v2\/media\/8308"}],"wp:attachment":[{"href":"https:\/\/categero.org.br\/antigo\/index.php?rest_route=%2Fwp%2Fv2%2Fmedia&parent=8305"}],"curies":[{"name":"wp","href":"https:\/\/api.w.org\/{rel}","templated":true}]}}