{"id":83,"date":"2010-10-01T00:09:42","date_gmt":"2010-10-01T00:09:42","guid":{"rendered":"http:\/\/www.categero.org.br\/?page_id=83"},"modified":"2014-02-21T15:12:34","modified_gmt":"2014-02-21T18:12:34","slug":"recifepe-igreja-de-nossa-senhora-do-rosario-dos-pretos","status":"publish","type":"page","link":"https:\/\/categero.org.br\/antigo\/?page_id=83","title":{"rendered":"PE\/Recife &#8211; Igreja de Nossa Senhora do Ros\u00e1rio dos Pretos"},"content":{"rendered":"<p>Recife\/PE &#8211; Igreja de Nossa Senhora do Ros\u00e1rio dos Pretos<\/p>\n<p><a href=\"http:\/\/www.categero.org.br\/wp-content\/uploads\/2010\/10\/Igr-NSS-Ros-Pret-Recife.jpg\"><img loading=\"lazy\" decoding=\"async\" class=\"aligncenter size-medium wp-image-746\" title=\"Igr NSS Ros Pret Recife\" alt=\"\" src=\"http:\/\/www.categero.org.br\/wp-content\/uploads\/2010\/10\/Igr-NSS-Ros-Pret-Recife-300x247.jpg\" width=\"300\" height=\"247\" \/><\/a>H\u00e1 uma imagem de Categer\u00f3 na Igreja de Nossa Senhora do Ros\u00e1rio dos Pretos, em Recife\/PE.<br \/>\nA igreja teve sua funda\u00e7\u00e3o entre os anos de 1662 a 1667, no per\u00edodo do reinado de D. Afonso VI de Portugal, venerado por essa institui\u00e7\u00e3o que conserva dele um retrato pintado a \u00f3leo na sacristia. No altar existem os santos negros como o rei Baltazar, S\u00e3o Elesb\u00e3o, S\u00e3o Benedito, <strong>Santo Antonio de Catagerona<\/strong> e Santa Ifig\u00eania.<br \/>\nA rua na frente da igreja recebeu a denomina\u00e7\u00e3o de Rua Estreita do Ros\u00e1rio.<\/p>\n","protected":false},"excerpt":{"rendered":"<p>Recife\/PE &#8211; Igreja de Nossa Senhora do Ros\u00e1rio dos Pretos H\u00e1 uma imagem de Categer\u00f3 na Igreja de Nossa Senhora do Ros\u00e1rio dos Pretos, em Recife\/PE. A igreja teve sua funda\u00e7\u00e3o entre os anos de 1662 a 1667, no per\u00edodo do reinado de D. Afonso VI de Portugal, venerado por essa institui\u00e7\u00e3o que conserva dele [&hellip;]<\/p>\n","protected":false},"author":1,"featured_media":8483,"parent":20,"menu_order":0,"comment_status":"closed","ping_status":"closed","template":"","meta":{"ngg_post_thumbnail":0,"footnotes":""},"class_list":["post-83","page","type-page","status-publish","has-post-thumbnail","hentry"],"_links":{"self":[{"href":"https:\/\/categero.org.br\/antigo\/index.php?rest_route=\/wp\/v2\/pages\/83","targetHints":{"allow":["GET"]}}],"collection":[{"href":"https:\/\/categero.org.br\/antigo\/index.php?rest_route=\/wp\/v2\/pages"}],"about":[{"href":"https:\/\/categero.org.br\/antigo\/index.php?rest_route=\/wp\/v2\/types\/page"}],"author":[{"embeddable":true,"href":"https:\/\/categero.org.br\/antigo\/index.php?rest_route=\/wp\/v2\/users\/1"}],"replies":[{"embeddable":true,"href":"https:\/\/categero.org.br\/antigo\/index.php?rest_route=%2Fwp%2Fv2%2Fcomments&post=83"}],"version-history":[{"count":4,"href":"https:\/\/categero.org.br\/antigo\/index.php?rest_route=\/wp\/v2\/pages\/83\/revisions"}],"predecessor-version":[{"id":8484,"href":"https:\/\/categero.org.br\/antigo\/index.php?rest_route=\/wp\/v2\/pages\/83\/revisions\/8484"}],"up":[{"embeddable":true,"href":"https:\/\/categero.org.br\/antigo\/index.php?rest_route=\/wp\/v2\/pages\/20"}],"wp:featuredmedia":[{"embeddable":true,"href":"https:\/\/categero.org.br\/antigo\/index.php?rest_route=\/wp\/v2\/media\/8483"}],"wp:attachment":[{"href":"https:\/\/categero.org.br\/antigo\/index.php?rest_route=%2Fwp%2Fv2%2Fmedia&parent=83"}],"curies":[{"name":"wp","href":"https:\/\/api.w.org\/{rel}","templated":true}]}}