{"id":8278,"date":"2014-02-20T06:37:58","date_gmt":"2014-02-20T09:37:58","guid":{"rendered":"http:\/\/categero.org.br\/?page_id=8278"},"modified":"2018-06-21T22:41:52","modified_gmt":"2018-06-22T01:41:52","slug":"atual-projeto-de-devocao","status":"publish","type":"page","link":"https:\/\/categero.org.br\/antigo\/?page_id=8278","title":{"rendered":"5.Projeto Devo\u00e7\u00e3o"},"content":{"rendered":"<p align=\"center\"><b>Quinto&nbsp;Projeto (ou fase) de Categer\u00f3 desenvolvido pelo<\/b><\/p>\n<p align=\"center\"><b>Portal abc da seguran\u00e7a p\u00fablica<\/b><\/p>\n<p align=\"right\"><i><img loading=\"lazy\" decoding=\"async\" width=\"211\" height=\"300\" class=\"size-medium wp-image-8282 alignleft\" alt=\"Categer\u00f3 escolhido (Small)\" src=\"http:\/\/categero.org.br\/wp-content\/uploads\/2014\/02\/Categer\u00f3-escolhido-Small-211x300.jpg\" srcset=\"https:\/\/categero.org.br\/antigo\/wp-content\/uploads\/2014\/02\/Categer\u00f3-escolhido-Small-211x300.jpg 211w, https:\/\/categero.org.br\/antigo\/wp-content\/uploads\/2014\/02\/Categer\u00f3-escolhido-Small.jpg 480w\" sizes=\"auto, (max-width: 211px) 100vw, 211px\" \/>Inicio das primeiras coletas e buscas 1999 \u2013 Santinhos;<\/i><\/p>\n<p align=\"right\"><i>1\u00ba Projeto abc ano de 2003\/2004;<\/i><\/p>\n<p align=\"right\"><i>2\u00ba Projeto abc ano de 2008\/2009;<br \/>\n<\/i><i>Processo do Subprojeto Padroeiro &#8211; 2010;<\/i><\/p>\n<p align=\"right\"><i>3\u00ba Projeto abc ano de 2013\/2014;<\/i><\/p>\n<p align=\"right\"><em>4\u00ba Projeto<\/em>&nbsp;abc\/Categer\u00f3 anos 2015\/2017;<br \/>\nReestrutura\u00e7\u00e3o do subprojeto Padroeiro;<br \/>\nConclus\u00e3o do subprojeto Pra\u00e7a;<br \/>\nInicio do Subprojeto est\u00e1tua na Pra\u00e7a;<\/p>\n<p align=\"right\">5\u00ba Porojeto abc\/Categer\u00f3 2018\/2020;<\/p>\n<p style=\"text-align: center;\"><strong>Provisoriamente:<\/strong><\/p>\n<p style=\"text-align: left;\"><a href=\"http:\/\/categero.org.br\/um-pouco-do-projeto-devocao\/\" target=\"_blank\" rel=\"noopener noreferrer\"><em><strong>Lista dos textos sobre os projetos que ser\u00e3o desdobrados por respectivas fases<\/strong><\/em><\/a><em><strong><a href=\"http:\/\/categero.org.br\/ainda-reunidos-excertos-dos-projetos-ou-fases-anteriores-ainda-agrupadas\/\" target=\"_blank\" rel=\"noopener noreferrer\">;<\/a><\/strong><\/em><\/p>\n<p style=\"text-align: left;\"><em><strong><a href=\"http:\/\/categero.org.br\/ainda-reunidos-excertos-dos-projetos-ou-fases-anteriores-ainda-agrupadas\/\" target=\"_blank\" rel=\"noopener noreferrer\">excertos dos projetos, ou fases anteriores, ainda agrupadas<\/a>;<\/strong><\/em><\/p>\n<p style=\"text-align: left;\"><em><strong><a href=\"http:\/\/categero.org.br\/12304-2\/\" target=\"_blank\" rel=\"noopener noreferrer\">Pesquisando o Beato Ant\u00f4nio de Categer\u00f3 no Estado de Santa Catarina<\/a>;<\/strong><\/em><\/p>\n<p align=\"right\" style=\"text-align: center;\"><span style=\"color: #ff0000;\"><strong>Metas finais:<\/strong><\/span><\/p>\n<p align=\"right\" style=\"text-align: center;\"><b>Otimizar o afloramento devocional ao Beato de Categer\u00f3 no mundo.<br \/>\nE acelerar seu processo de santifica\u00e7\u00e3o no Vaticano.<\/b><\/p>\n<p align=\"right\" style=\"text-align: left;\">Com base na experi\u00eancia das fases anteriores, relatamos bons avan\u00e7os. Mas, \u00e9 claro que os insucessos, tamb\u00e9m v\u00e3o se fazer presentes. Isso, por\u00e9m n\u00e3o ser\u00e1 motivo para esmorecer.<\/p>\n<p align=\"right\" style=\"text-align: left;\">Pretendemos redimensionar a vis\u00e3o de abordagem da pesquisa e do aproveitamento de seus resultados. O objeto principal \u00e9 se foca no processo hist\u00f3rico da devo\u00e7\u00e3<i>o; de sua restaura\u00e7\u00e3o integrada \u00e0 igreja italiana que deve ser retomado; E, finalmente, quest\u00f5es mais concretas com vistas \u00e0 santifica\u00e7\u00e3o. &nbsp; &nbsp; &nbsp; &nbsp; &nbsp;<\/i><\/p>\n<p style=\"text-align: right;\"><em>E n\u00e3o esque\u00e7amos que o Acad\u00eamico Paulo<br \/>\nNavossat&nbsp;iniciou junto nesta caminhada, em 2007<br \/>\nafastando-se das tarefas, n\u00e3o da ideia.<br \/>\nNeste ano de 2017, est\u00e1 no firme prop\u00f3sito<br \/>\nde incluir o Beato Ant\u00f4nio de Categer\u00f3 em seu Mestrado de Hist\u00f3ria.<\/em><\/p>\n<p style=\"text-align: center;\">.<\/p>\n<p style=\"text-align: center;\"><a href=\"http:\/\/categero.org.br\/wp-content\/uploads\/2014\/02\/Proj-Dev-atual.jpg\"><img loading=\"lazy\" decoding=\"async\" width=\"300\" height=\"149\" class=\"aligncenter size-medium wp-image-8382\" alt=\"Proj Dev atual\" src=\"http:\/\/categero.org.br\/wp-content\/uploads\/2014\/02\/Proj-Dev-atual-300x149.jpg\" srcset=\"https:\/\/categero.org.br\/antigo\/wp-content\/uploads\/2014\/02\/Proj-Dev-atual-300x149.jpg 300w, https:\/\/categero.org.br\/antigo\/wp-content\/uploads\/2014\/02\/Proj-Dev-atual.jpg 397w\" sizes=\"auto, (max-width: 300px) 100vw, 300px\" \/><\/a><\/p>\n","protected":false},"excerpt":{"rendered":"<p>Quinto&nbsp;Projeto (ou fase) de Categer\u00f3 desenvolvido pelo Portal abc da seguran\u00e7a p\u00fablica Inicio das primeiras coletas e buscas 1999 \u2013 Santinhos; 1\u00ba Projeto abc ano de 2003\/2004; 2\u00ba Projeto abc ano de 2008\/2009; Processo do Subprojeto Padroeiro &#8211; 2010; 3\u00ba Projeto abc ano de 2013\/2014; 4\u00ba Projeto&nbsp;abc\/Categer\u00f3 anos 2015\/2017; Reestrutura\u00e7\u00e3o do subprojeto Padroeiro; Conclus\u00e3o do [&hellip;]<\/p>\n","protected":false},"author":1,"featured_media":8382,"parent":0,"menu_order":0,"comment_status":"open","ping_status":"open","template":"","meta":{"ngg_post_thumbnail":0,"footnotes":""},"class_list":["post-8278","page","type-page","status-publish","has-post-thumbnail","hentry"],"_links":{"self":[{"href":"https:\/\/categero.org.br\/antigo\/index.php?rest_route=\/wp\/v2\/pages\/8278","targetHints":{"allow":["GET"]}}],"collection":[{"href":"https:\/\/categero.org.br\/antigo\/index.php?rest_route=\/wp\/v2\/pages"}],"about":[{"href":"https:\/\/categero.org.br\/antigo\/index.php?rest_route=\/wp\/v2\/types\/page"}],"author":[{"embeddable":true,"href":"https:\/\/categero.org.br\/antigo\/index.php?rest_route=\/wp\/v2\/users\/1"}],"replies":[{"embeddable":true,"href":"https:\/\/categero.org.br\/antigo\/index.php?rest_route=%2Fwp%2Fv2%2Fcomments&post=8278"}],"version-history":[{"count":15,"href":"https:\/\/categero.org.br\/antigo\/index.php?rest_route=\/wp\/v2\/pages\/8278\/revisions"}],"predecessor-version":[{"id":13100,"href":"https:\/\/categero.org.br\/antigo\/index.php?rest_route=\/wp\/v2\/pages\/8278\/revisions\/13100"}],"wp:featuredmedia":[{"embeddable":true,"href":"https:\/\/categero.org.br\/antigo\/index.php?rest_route=\/wp\/v2\/media\/8382"}],"wp:attachment":[{"href":"https:\/\/categero.org.br\/antigo\/index.php?rest_route=%2Fwp%2Fv2%2Fmedia&parent=8278"}],"curies":[{"name":"wp","href":"https:\/\/api.w.org\/{rel}","templated":true}]}}