{"id":81,"date":"2010-10-01T00:07:15","date_gmt":"2010-10-01T00:07:15","guid":{"rendered":"http:\/\/www.categero.org.br\/?page_id=81"},"modified":"2014-06-02T23:11:48","modified_gmt":"2014-06-03T02:11:48","slug":"recifepe-convento-da-penha","status":"publish","type":"page","link":"https:\/\/categero.org.br\/antigo\/?page_id=81","title":{"rendered":"PE\/Recife &#8211; Convento da Penha"},"content":{"rendered":"<p style=\"text-align: center;\"><strong>Um Categer\u00f3 barbudo<\/strong><\/p>\n<p>H\u00e1 no convento da Penha, em Recife (Pernambuco), um Santo Ant\u00f4nio barbado. Tratando-se de convento de capuchinhos, era natural que o <em>vulto<\/em> estivesse dentro da regra.<\/p>\n<p>Tamb\u00e9m, no mesmo grupo de textos, aparece essa assertiva de C\u00e2mara Cascudo:<\/p>\n<p>Na Bas\u00edlica de Pernambuco, no Recife, h\u00e1 o Santo Ant\u00f4nio Barbado, Santo Ant\u00f4nio capuchinho, protetor dos lares e fazedor de casamentos dif\u00edceis.<br \/>\n(CASCUDO, Lu\u00eds da C\u00e2mara. <a href=\"http:\/\/www.jangadabrasil.com.br\/junho\/cd10060c.htm#cascudodic\"><em>Dicion\u00e1rio do folclore brasileiro<\/em><\/a>) Fonte: <a href=\"http:\/\/www.jangadabrasil.com.br\/junho\/al100600.htm\">http:\/\/www.jangadabrasil.com.br\/junho\/al100600.htm<\/a> Almanaque Jangada do Brasil, Suplemento de variedades, n\u00ba 10, ano 99)<\/p>\n<p><a href=\"http:\/\/categero.org.br\/wp-content\/uploads\/2010\/10\/Baner-Pernambuco.jpg\"><img loading=\"lazy\" decoding=\"async\" class=\"aligncenter size-medium wp-image-8481\" alt=\"Baner Pernambuco\" src=\"http:\/\/categero.org.br\/wp-content\/uploads\/2010\/10\/Baner-Pernambuco-300x149.jpg\" width=\"300\" height=\"149\" srcset=\"https:\/\/categero.org.br\/antigo\/wp-content\/uploads\/2010\/10\/Baner-Pernambuco-300x149.jpg 300w, https:\/\/categero.org.br\/antigo\/wp-content\/uploads\/2010\/10\/Baner-Pernambuco.jpg 397w\" sizes=\"auto, (max-width: 300px) 100vw, 300px\" \/><\/a><\/p>\n","protected":false},"excerpt":{"rendered":"<p>Um Categer\u00f3 barbudo H\u00e1 no convento da Penha, em Recife (Pernambuco), um Santo Ant\u00f4nio barbado. Tratando-se de convento de capuchinhos, era natural que o vulto estivesse dentro da regra. Tamb\u00e9m, no mesmo grupo de textos, aparece essa assertiva de C\u00e2mara Cascudo: Na Bas\u00edlica de Pernambuco, no Recife, h\u00e1 o Santo Ant\u00f4nio Barbado, Santo Ant\u00f4nio capuchinho, [&hellip;]<\/p>\n","protected":false},"author":1,"featured_media":8481,"parent":20,"menu_order":0,"comment_status":"closed","ping_status":"closed","template":"","meta":{"ngg_post_thumbnail":0,"footnotes":""},"class_list":["post-81","page","type-page","status-publish","has-post-thumbnail","hentry"],"_links":{"self":[{"href":"https:\/\/categero.org.br\/antigo\/index.php?rest_route=\/wp\/v2\/pages\/81","targetHints":{"allow":["GET"]}}],"collection":[{"href":"https:\/\/categero.org.br\/antigo\/index.php?rest_route=\/wp\/v2\/pages"}],"about":[{"href":"https:\/\/categero.org.br\/antigo\/index.php?rest_route=\/wp\/v2\/types\/page"}],"author":[{"embeddable":true,"href":"https:\/\/categero.org.br\/antigo\/index.php?rest_route=\/wp\/v2\/users\/1"}],"replies":[{"embeddable":true,"href":"https:\/\/categero.org.br\/antigo\/index.php?rest_route=%2Fwp%2Fv2%2Fcomments&post=81"}],"version-history":[{"count":5,"href":"https:\/\/categero.org.br\/antigo\/index.php?rest_route=\/wp\/v2\/pages\/81\/revisions"}],"predecessor-version":[{"id":8480,"href":"https:\/\/categero.org.br\/antigo\/index.php?rest_route=\/wp\/v2\/pages\/81\/revisions\/8480"}],"up":[{"embeddable":true,"href":"https:\/\/categero.org.br\/antigo\/index.php?rest_route=\/wp\/v2\/pages\/20"}],"wp:featuredmedia":[{"embeddable":true,"href":"https:\/\/categero.org.br\/antigo\/index.php?rest_route=\/wp\/v2\/media\/8481"}],"wp:attachment":[{"href":"https:\/\/categero.org.br\/antigo\/index.php?rest_route=%2Fwp%2Fv2%2Fmedia&parent=81"}],"curies":[{"name":"wp","href":"https:\/\/api.w.org\/{rel}","templated":true}]}}