{"id":79,"date":"2010-10-01T00:05:13","date_gmt":"2010-10-01T00:05:13","guid":{"rendered":"http:\/\/www.categero.org.br\/?page_id=79"},"modified":"2014-06-02T23:10:03","modified_gmt":"2014-06-03T02:10:03","slug":"goianiape-museu-da-cidade","status":"publish","type":"page","link":"https:\/\/categero.org.br\/antigo\/?page_id=79","title":{"rendered":"PE\/Goiania &#8211; Museu da Cidade"},"content":{"rendered":"<p>&nbsp;<\/p>\n<p><strong>C\u00e2mara Cascudo e os muitos Categer\u00f3s\u00a0 do Museu de Arte Sacra de Goiana<\/strong><\/p>\n<p style=\"text-align: justify;\">Como certas imagens de Nossa Senhora do Ros\u00e1rio que os escravos pintavam de preto para melhor s\u00edmbolo de sua prote\u00e7\u00e3o, h\u00e1 o Santo Ant\u00f4nio Preto, Santo Ant\u00f4nio dos Cativos, reverenciado pelos escravos e que, ao contr\u00e1rio do Santo Ant\u00f4nio branco, livrava-os do capit\u00e3o de mato e das matilhas de c\u00e3es sacudias no rasto do negro fugitivo. Uma das imagens mais bonitas est\u00e1 no Museu de Arte Sacra de Goiana, quando o prefeito Lauro Raposo criou e reuniu , salvando e mantendo para estudo, alguns centos de santos de madeira, de impressionante beleza e outros encantadores de primitiva simplicidade natural, esp\u00e9cimes dos velhos santeiros dos arredores, muitos deles, os \u00faltimos fieis ao movimento cl\u00e1ssico de Braga.<\/p>\n<p>\u00a0<strong>Reportagem da Revista O Cruzeirode 16\/06\/1951<\/strong><\/p>\n<p style=\"text-align: justify;\">Como certas imagens de Nossa Senhora do Ros\u00e1rio que os escravos pintavam de preto para melhor s\u00edmbolo de sua prote\u00e7\u00e3o, h\u00e1 o Santo Ant\u00f4nio Preto, Santo Ant\u00f4nio dos Cativos, reverenciado pelos escravos e que, ao contr\u00e1rio do Santo Ant\u00f4nio branco, livrava-os do capit\u00e3o de mato e das matilhas de c\u00e3es sacudias no rasto do negro fugitivo. Uma das imagens mais bonitas est\u00e1 no Museu de Arte Sacra de Goiana, quando o prefeito Lauro Raposo criou e reuniu , salvando e mantendo para estudo, alguns centos de santos de madeira, de impressionante beleza e outros encantadores de primitiva simplicidade natural, esp\u00e9cimes dos velhos santeiros dos arredores, muitos deles, os \u00faltimos fieis ao movimento cl\u00e1ssico de Braga.<\/p>\n<p>&nbsp;<\/p>\n<p>\u2026. H\u00e1 no Museu de Goiana (Pernambuco) a imagem de um Santo Ant\u00f4nio Preto, exemplar magn\u00edfico que reproduzi no <em>Cruzeiro<\/em>, de 16\/06\/1951, p. 78, Rio de Janeiro (jornalista David Nasser), conhecido por \u201c<em>Santo Ant\u00f4nio Cartaguin\u00eas ou Catager\u00f4nimo<\/em>\u201d e ainda \u201c<em>Cantajarona<\/em>\u201c, corru\u00e7\u00e3o de Caltagirone, na Sic\u00edlia, representando outro santo franciscano, falecido em 1515 e n\u00e3o preto. Creio que n\u00e3o se trata do Santo Ant\u00f4nio Preto, de Noto, mas a devo\u00e7\u00e3o e carinho dos escravos seriam ao verdadeiro Santo Ant\u00f4nio de Lisboa, com o pigmento escuro, que o aproximava dos seus amigos escravos.<\/p>\n<p>C\u00e2mara Cascudo, tamb\u00e9m, diz: &#8220;Na Bas\u00edlica de Pernambuco, no Recife, h\u00e1 o Santo Ant\u00f4nio Barbado, Santo Ant\u00f4nio capuchinho, protetor dos lares e fazedor de casamentos dif\u00edceis. &#8221;<br \/>\n(CASCUDO, Lu\u00eds da C\u00e2mara. <a href=\"http:\/\/www.jangadabrasil.com.br\/junho\/cd10060c.htm#cascudodic\"><em>Dicion\u00e1rio do folclore brasileiro<\/em><\/a>) Fonte: <a href=\"http:\/\/www.jangadabrasil.com.br\/junho\/al100600.htm\">http:\/\/www.jangadabrasil.com.br\/junho\/al100600.htm<\/a> Almanaque Jangada do Brasil, Suplemento de variedades, n\u00ba 10, ano 99)<br \/>\nTamb\u00e9m citado pela Revista do Instituto Geogr\u00e1fico da Bahia, cit., p. 117, nota 11. nota 70. (p\u00e1g. 74, Categer\u00f3, Salvatore Guastella.)<\/p>\n<p><a href=\"http:\/\/categero.org.br\/wp-content\/uploads\/2010\/10\/Baner-Goiana.jpg\"><img loading=\"lazy\" decoding=\"async\" class=\"aligncenter size-medium wp-image-8477\" alt=\"Baner Goiana\" src=\"http:\/\/categero.org.br\/wp-content\/uploads\/2010\/10\/Baner-Goiana-300x149.jpg\" width=\"300\" height=\"149\" srcset=\"https:\/\/categero.org.br\/antigo\/wp-content\/uploads\/2010\/10\/Baner-Goiana-300x149.jpg 300w, https:\/\/categero.org.br\/antigo\/wp-content\/uploads\/2010\/10\/Baner-Goiana.jpg 397w\" sizes=\"auto, (max-width: 300px) 100vw, 300px\" \/><\/a><\/p>\n","protected":false},"excerpt":{"rendered":"<p>&nbsp; C\u00e2mara Cascudo e os muitos Categer\u00f3s\u00a0 do Museu de Arte Sacra de Goiana Como certas imagens de Nossa Senhora do Ros\u00e1rio que os escravos pintavam de preto para melhor s\u00edmbolo de sua prote\u00e7\u00e3o, h\u00e1 o Santo Ant\u00f4nio Preto, Santo Ant\u00f4nio dos Cativos, reverenciado pelos escravos e que, ao contr\u00e1rio do Santo Ant\u00f4nio branco, livrava-os [&hellip;]<\/p>\n","protected":false},"author":1,"featured_media":8477,"parent":20,"menu_order":0,"comment_status":"closed","ping_status":"closed","template":"","meta":{"ngg_post_thumbnail":0,"footnotes":""},"class_list":["post-79","page","type-page","status-publish","has-post-thumbnail","hentry"],"_links":{"self":[{"href":"https:\/\/categero.org.br\/antigo\/index.php?rest_route=\/wp\/v2\/pages\/79","targetHints":{"allow":["GET"]}}],"collection":[{"href":"https:\/\/categero.org.br\/antigo\/index.php?rest_route=\/wp\/v2\/pages"}],"about":[{"href":"https:\/\/categero.org.br\/antigo\/index.php?rest_route=\/wp\/v2\/types\/page"}],"author":[{"embeddable":true,"href":"https:\/\/categero.org.br\/antigo\/index.php?rest_route=\/wp\/v2\/users\/1"}],"replies":[{"embeddable":true,"href":"https:\/\/categero.org.br\/antigo\/index.php?rest_route=%2Fwp%2Fv2%2Fcomments&post=79"}],"version-history":[{"count":6,"href":"https:\/\/categero.org.br\/antigo\/index.php?rest_route=\/wp\/v2\/pages\/79\/revisions"}],"predecessor-version":[{"id":9285,"href":"https:\/\/categero.org.br\/antigo\/index.php?rest_route=\/wp\/v2\/pages\/79\/revisions\/9285"}],"up":[{"embeddable":true,"href":"https:\/\/categero.org.br\/antigo\/index.php?rest_route=\/wp\/v2\/pages\/20"}],"wp:featuredmedia":[{"embeddable":true,"href":"https:\/\/categero.org.br\/antigo\/index.php?rest_route=\/wp\/v2\/media\/8477"}],"wp:attachment":[{"href":"https:\/\/categero.org.br\/antigo\/index.php?rest_route=%2Fwp%2Fv2%2Fmedia&parent=79"}],"curies":[{"name":"wp","href":"https:\/\/api.w.org\/{rel}","templated":true}]}}