{"id":785,"date":"2010-10-14T01:17:53","date_gmt":"2010-10-14T01:17:53","guid":{"rendered":"http:\/\/www.categero.org.br\/?page_id=785"},"modified":"2018-07-06T08:38:50","modified_gmt":"2018-07-06T11:38:50","slug":"sao-paulosp-particular-d-elisa","status":"publish","type":"page","link":"https:\/\/categero.org.br\/antigo\/?page_id=785","title":{"rendered":"SP\/S\u00e3o Paulo &#8211;  Capela da Tia Eliza de Categer\u00f3 (Particular)"},"content":{"rendered":"<h3 style=\"text-align: center;\">Tia Eliza de Categer\u00f3 um dos mais antigos promotores de &#8220;tio Ant\u00f4nio&#8221;<\/h3>\n<h5 style=\"text-align: center;\">Categer\u00f3s: dois, dos cincos Beatos Ant\u00f4nio de Categer\u00f3, em tamanho grande, na Liberdade em S\u00e3o Paulo.<\/h5>\n<p style=\"text-align: right;\"><b><i>VEJA MAIS &nbsp; &nbsp;<a href=\"http:\/\/categero.org.br\/?p=10996\" target=\"_blank\" rel=\"noopener\">&nbsp;<\/a><a href=\"http:\/\/categero.org.br\/?p=11023\" target=\"_blank\" rel=\"noopener\">Not\u00edcias &nbsp;desta Capela em nosso Portal<\/a><\/i><\/b><\/p>\n<p style=\"text-align: center;\"><img loading=\"lazy\" decoding=\"async\" width=\"225\" height=\"300\" class=\"size-medium wp-image-9116 aligncenter\" alt=\"DSC04125 (Small)\" src=\"http:\/\/categero.org.br\/wp-content\/uploads\/2010\/10\/DSC04125-Small-225x300.jpg\" srcset=\"https:\/\/categero.org.br\/antigo\/wp-content\/uploads\/2010\/10\/DSC04125-Small-225x300.jpg 225w, https:\/\/categero.org.br\/antigo\/wp-content\/uploads\/2010\/10\/DSC04125-Small.jpg 480w\" sizes=\"auto, (max-width: 225px) 100vw, 225px\" \/><\/p>\n<p style=\"text-align: center;\">Capela particular da Tia Eliza de Categer\u00f3<br \/>\nFone: (11) 3001 3493 &nbsp;&#8211; &nbsp;<a href=\"http:\/\/elizadecategero@gmail.com\">elizadecategero@gmail.com<\/a><br \/>\nRua Conde de S\u00e3o Joaquim, 349 &#8211; Bela Vista &#8211; CEP 01.320-010<\/p>\n<p style=\"text-align: right;\"><em><strong>VEJA MAIS &nbsp; &nbsp;<a href=\"http:\/\/categero.org.br\/?p=10996\" target=\"_blank\" rel=\"noopener\">&nbsp;<\/a><a href=\"http:\/\/categero.org.br\/?p=11023\" target=\"_blank\" rel=\"noopener\">Not\u00edcias &nbsp;desta Capela em nosso Portal<\/a><\/strong><\/em><\/p>\n<p style=\"text-align: center;\">Descri\u00e7\u00e3o da Capela:<\/p>\n<div id=\"attachment_11022\" style=\"width: 345px\" class=\"wp-caption aligncenter\"><img loading=\"lazy\" decoding=\"async\" aria-describedby=\"caption-attachment-11022\" width=\"335\" height=\"558\" class=\"wp-image-11022\" alt=\"14937423_697248333765854_9024502335015878767_n\" src=\"http:\/\/categero.org.br\/wp-content\/uploads\/2010\/10\/14937423_697248333765854_9024502335015878767_n.jpg\" srcset=\"https:\/\/categero.org.br\/antigo\/wp-content\/uploads\/2010\/10\/14937423_697248333765854_9024502335015878767_n.jpg 576w, https:\/\/categero.org.br\/antigo\/wp-content\/uploads\/2010\/10\/14937423_697248333765854_9024502335015878767_n-180x300.jpg 180w, https:\/\/categero.org.br\/antigo\/wp-content\/uploads\/2010\/10\/14937423_697248333765854_9024502335015878767_n-495x825.jpg 495w\" sizes=\"auto, (max-width: 335px) 100vw, 335px\" \/><p id=\"caption-attachment-11022\" class=\"wp-caption-text\">A esquerda, no pequeno telhado marrom, \u00e9 a capela devocional; entre ela e o arbusto e vaso, abaixo da foto, est\u00e1 a escada que acessa o piso superior. as pessoas naquelas cadeiras e bancos t\u00eam vis\u00e3o da capela devocional, se a porta estiver aberta. Para a realiza\u00e7\u00e3o das missas, o altar \u00e9 montado pr\u00f3ximo de onde est\u00e3o as pessoas nessa foto.<\/p><\/div>\n<p style=\"text-align: right;\"><em><strong>VEJA MAIS &nbsp; &nbsp;<a href=\"http:\/\/categero.org.br\/?p=10996\" target=\"_blank\" rel=\"noopener\">&nbsp;<\/a><a href=\"http:\/\/categero.org.br\/?p=11023\" target=\"_blank\" rel=\"noopener\">Not\u00edcias &nbsp;desta Capela em nosso Portal<\/a><\/strong><\/em><\/p>\n<p style=\"text-align: justify;\">O pequeno templo \u00e9 de um tipo de espa\u00e7o domiciliar muito singular. Tia Eliza em uma casa com tr\u00eas pisos inversos. Um t\u00e9rreo e dois subsolos, sendo o segundo subsolo com a escada, que desce para alcan\u00e7\u00e1-lo, e duas ou tr\u00eas pequenas pe\u00e7as, de 2x3m e um pequeno p\u00e1teo todo com cer\u00e2mica<\/p>\n<p style=\"text-align: justify;\">O primeiro inc\u00f4modo est\u00e1 em n\u00e3o existir modo de acesso \u00e0 Capelinha &#8211; como ela sempre diz, que n\u00e3o o seja, passando pelo meio da casa, descendo a segundo pavimento (subsolo) e descendo ainda por uma escada para esse p\u00e1teo. O segundo, que n\u00e3o chega a ser um problema, \u00e9 que a esquerda de quem desce a escada para o p\u00e1teo, tem a pequenina pe\u00e7a com o altar e a 1\u00aa imagem do Beato Ant\u00f4nio de Categer\u00f3, em tamanho natural. Mas, quando com a porta \u00e9 aberta para o lado do p\u00e1teo, &nbsp;que do altar tem vis\u00e3o, pode inferir uma pequena capela devocional, para os que estejam naquele lado do p\u00e1teo.<\/p>\n<p style=\"text-align: justify;\">Por\u00e9m, \u00e9 quando o p\u00e1teo recebe a 2\u00aa &nbsp;imagem do Beato Ant\u00f4nio de Categer\u00f3, com 96 cent\u00edmetros de altura, em uma mesa centralizada e coberta com renda branca, se transformando em altar da Capela (p\u00e1teo), recebendo cadeiras e se transformando em uma aconchegante pequeno templo. A capela do Beato Ant\u00f4nio de Categer\u00f3 de Tia Eliza.<\/p>\n<p style=\"text-align: right;\"><em><strong>VEJA MAIS &nbsp; &nbsp;<a href=\"http:\/\/categero.org.br\/?p=10996\" target=\"_blank\" rel=\"noopener\">&nbsp;<\/a><a href=\"http:\/\/categero.org.br\/?p=11023\" target=\"_blank\" rel=\"noopener\">Not\u00edcias &nbsp;desta Capela em nosso Portal<\/a><\/strong><\/em><\/p>\n<div id=\"attachment_9117\" style=\"width: 310px\" class=\"wp-caption aligncenter\"><img loading=\"lazy\" decoding=\"async\" aria-describedby=\"caption-attachment-9117\" width=\"300\" height=\"225\" class=\"wp-image-9117 size-medium\" alt=\"Categero eliza 1\" src=\"http:\/\/categero.org.br\/wp-content\/uploads\/2010\/10\/Categero-eliza-1-300x225.jpg\" srcset=\"https:\/\/categero.org.br\/antigo\/wp-content\/uploads\/2010\/10\/Categero-eliza-1-300x225.jpg 300w, https:\/\/categero.org.br\/antigo\/wp-content\/uploads\/2010\/10\/Categero-eliza-1-495x371.jpg 495w, https:\/\/categero.org.br\/antigo\/wp-content\/uploads\/2010\/10\/Categero-eliza-1-80x60.jpg 80w, https:\/\/categero.org.br\/antigo\/wp-content\/uploads\/2010\/10\/Categero-eliza-1-161x120.jpg 161w, https:\/\/categero.org.br\/antigo\/wp-content\/uploads\/2010\/10\/Categero-eliza-1.jpg 800w\" sizes=\"auto, (max-width: 300px) 100vw, 300px\" \/><p id=\"caption-attachment-9117\" class=\"wp-caption-text\">Missa em andamento no p\u00e1teo da capela de Catege\u00f3, onde regularmente, ocorrem. Esta sob o of\u00edcio do Pe. Rog\u00e9rio.<\/p><\/div>\n<div id=\"attachment_9121\" style=\"width: 235px\" class=\"wp-caption aligncenter\"><img loading=\"lazy\" decoding=\"async\" aria-describedby=\"caption-attachment-9121\" width=\"225\" height=\"300\" class=\"wp-image-9121 size-medium\" alt=\"DSC04119 (Small)\" src=\"http:\/\/categero.org.br\/wp-content\/uploads\/2010\/10\/DSC04119-Small-225x300.jpg\" srcset=\"https:\/\/categero.org.br\/antigo\/wp-content\/uploads\/2010\/10\/DSC04119-Small-225x300.jpg 225w, https:\/\/categero.org.br\/antigo\/wp-content\/uploads\/2010\/10\/DSC04119-Small.jpg 480w\" sizes=\"auto, (max-width: 225px) 100vw, 225px\" \/><p id=\"caption-attachment-9121\" class=\"wp-caption-text\">Capelinha lotada &#8211; consulentes, dentre os que ocorrem diariamente, afora aqueles casos que permanecem, por algum tempo, acompanhados pela Tia Eliza.<\/p><\/div>\n<p style=\"text-align: center;\"><img loading=\"lazy\" decoding=\"async\" width=\"300\" height=\"149\" class=\"size-medium wp-image-9114\" alt=\"Eliza, cpl e Categer\u00f3\" src=\"http:\/\/categero.org.br\/wp-content\/uploads\/2010\/10\/Eliza-cpl-e-Categer\u00f3-300x149.jpg\" srcset=\"https:\/\/categero.org.br\/antigo\/wp-content\/uploads\/2010\/10\/Eliza-cpl-e-Categer\u00f3-300x149.jpg 300w, https:\/\/categero.org.br\/antigo\/wp-content\/uploads\/2010\/10\/Eliza-cpl-e-Categer\u00f3.jpg 397w\" sizes=\"auto, (max-width: 300px) 100vw, 300px\" \/><\/p>\n<p style=\"text-align: right;\"><em><strong>VEJA MAIS &nbsp; &nbsp;<a href=\"http:\/\/categero.org.br\/?p=10996\" target=\"_blank\" rel=\"noopener\">&nbsp;<\/a><a href=\"http:\/\/categero.org.br\/?p=11023\" target=\"_blank\" rel=\"noopener\">Not\u00edcias &nbsp;desta Capela em nosso Portal<\/a><\/strong><\/em><\/p>\n<p style=\"text-align: center;\"><img loading=\"lazy\" decoding=\"async\" width=\"300\" height=\"149\" class=\"size-medium wp-image-8560 alignnone\" alt=\"Baner-Cap-Eliza\" src=\"http:\/\/categero.org.br\/wp-content\/uploads\/2010\/10\/Baner-Cap-Eliza-300x149.jpg\" srcset=\"https:\/\/categero.org.br\/antigo\/wp-content\/uploads\/2010\/10\/Baner-Cap-Eliza-300x149.jpg 300w, https:\/\/categero.org.br\/antigo\/wp-content\/uploads\/2010\/10\/Baner-Cap-Eliza.jpg 397w\" sizes=\"auto, (max-width: 300px) 100vw, 300px\" \/><\/p>\n<address>&nbsp;<\/address>\n<p style=\"text-align: center;\">&nbsp;<\/p>\n","protected":false},"excerpt":{"rendered":"<p>Tia Eliza de Categer\u00f3 um dos mais antigos promotores de &#8220;tio Ant\u00f4nio&#8221; Categer\u00f3s: dois, dos cincos Beatos Ant\u00f4nio de Categer\u00f3, em tamanho grande, na Liberdade em S\u00e3o Paulo. VEJA MAIS &nbsp; &nbsp;&nbsp;Not\u00edcias &nbsp;desta Capela em nosso Portal Capela particular da Tia Eliza de Categer\u00f3 Fone: (11) 3001 3493 &nbsp;&#8211; &nbsp;elizadecategero@gmail.com Rua Conde de S\u00e3o Joaquim, [&hellip;]<\/p>\n","protected":false},"author":1,"featured_media":8560,"parent":8867,"menu_order":0,"comment_status":"closed","ping_status":"closed","template":"","meta":{"ngg_post_thumbnail":0,"footnotes":""},"class_list":["post-785","page","type-page","status-publish","has-post-thumbnail","hentry"],"_links":{"self":[{"href":"https:\/\/categero.org.br\/antigo\/index.php?rest_route=\/wp\/v2\/pages\/785","targetHints":{"allow":["GET"]}}],"collection":[{"href":"https:\/\/categero.org.br\/antigo\/index.php?rest_route=\/wp\/v2\/pages"}],"about":[{"href":"https:\/\/categero.org.br\/antigo\/index.php?rest_route=\/wp\/v2\/types\/page"}],"author":[{"embeddable":true,"href":"https:\/\/categero.org.br\/antigo\/index.php?rest_route=\/wp\/v2\/users\/1"}],"replies":[{"embeddable":true,"href":"https:\/\/categero.org.br\/antigo\/index.php?rest_route=%2Fwp%2Fv2%2Fcomments&post=785"}],"version-history":[{"count":34,"href":"https:\/\/categero.org.br\/antigo\/index.php?rest_route=\/wp\/v2\/pages\/785\/revisions"}],"predecessor-version":[{"id":13116,"href":"https:\/\/categero.org.br\/antigo\/index.php?rest_route=\/wp\/v2\/pages\/785\/revisions\/13116"}],"up":[{"embeddable":true,"href":"https:\/\/categero.org.br\/antigo\/index.php?rest_route=\/wp\/v2\/pages\/8867"}],"wp:featuredmedia":[{"embeddable":true,"href":"https:\/\/categero.org.br\/antigo\/index.php?rest_route=\/wp\/v2\/media\/8560"}],"wp:attachment":[{"href":"https:\/\/categero.org.br\/antigo\/index.php?rest_route=%2Fwp%2Fv2%2Fmedia&parent=785"}],"curies":[{"name":"wp","href":"https:\/\/api.w.org\/{rel}","templated":true}]}}