{"id":7753,"date":"2014-02-15T18:50:54","date_gmt":"2014-02-15T21:50:54","guid":{"rendered":"http:\/\/categero.org.br\/?page_id=7753"},"modified":"2014-02-21T14:31:15","modified_gmt":"2014-02-21T17:31:15","slug":"relacao-de-instituicoes-apoiadoras","status":"publish","type":"page","link":"https:\/\/categero.org.br\/antigo\/?page_id=7753","title":{"rendered":"Rela\u00e7\u00e3o de institui\u00e7\u00f5es apoiadoras"},"content":{"rendered":"<p>Rela\u00e7\u00e3o de institui\u00e7\u00f5es p\u00fablicas e privadas que, por alguma de suas atividades, s\u00e3o apoiadoras dos objetivos da devo\u00e7\u00e3o ao Santo Ant\u00f4nio de Categer\u00f3 em apoiar seu processo de canoniza\u00e7\u00e3o.<\/p>\n<p>&#8211; \u00a0SP\/S\u00e3o Jos\u00e9 dos Campos,\u00a0Funda\u00e7\u00e3o Ricardo Cassiano \u00a0&#8211; \u00a0Poesia e M\u00fasica de Categer\u00f3<\/p>\n<p>&nbsp;<\/p>\n<p>&nbsp;<\/p>\n<p>Rela\u00e7\u00e3o em elabora\u00e7\u00e3o &#8230;<\/p>\n","protected":false},"excerpt":{"rendered":"<p>Rela\u00e7\u00e3o de institui\u00e7\u00f5es p\u00fablicas e privadas que, por alguma de suas atividades, s\u00e3o apoiadoras dos objetivos da devo\u00e7\u00e3o ao Santo Ant\u00f4nio de Categer\u00f3 em apoiar seu processo de canoniza\u00e7\u00e3o. &#8211; \u00a0SP\/S\u00e3o Jos\u00e9 dos Campos,\u00a0Funda\u00e7\u00e3o Ricardo Cassiano \u00a0&#8211; \u00a0Poesia e M\u00fasica de Categer\u00f3 &nbsp; &nbsp; Rela\u00e7\u00e3o em elabora\u00e7\u00e3o &#8230;<\/p>\n","protected":false},"author":1,"featured_media":8447,"parent":7742,"menu_order":3,"comment_status":"open","ping_status":"open","template":"","meta":{"ngg_post_thumbnail":0,"footnotes":""},"class_list":["post-7753","page","type-page","status-publish","has-post-thumbnail","hentry"],"_links":{"self":[{"href":"https:\/\/categero.org.br\/antigo\/index.php?rest_route=\/wp\/v2\/pages\/7753","targetHints":{"allow":["GET"]}}],"collection":[{"href":"https:\/\/categero.org.br\/antigo\/index.php?rest_route=\/wp\/v2\/pages"}],"about":[{"href":"https:\/\/categero.org.br\/antigo\/index.php?rest_route=\/wp\/v2\/types\/page"}],"author":[{"embeddable":true,"href":"https:\/\/categero.org.br\/antigo\/index.php?rest_route=\/wp\/v2\/users\/1"}],"replies":[{"embeddable":true,"href":"https:\/\/categero.org.br\/antigo\/index.php?rest_route=%2Fwp%2Fv2%2Fcomments&post=7753"}],"version-history":[{"count":4,"href":"https:\/\/categero.org.br\/antigo\/index.php?rest_route=\/wp\/v2\/pages\/7753\/revisions"}],"predecessor-version":[{"id":7756,"href":"https:\/\/categero.org.br\/antigo\/index.php?rest_route=\/wp\/v2\/pages\/7753\/revisions\/7756"}],"up":[{"embeddable":true,"href":"https:\/\/categero.org.br\/antigo\/index.php?rest_route=\/wp\/v2\/pages\/7742"}],"wp:featuredmedia":[{"embeddable":true,"href":"https:\/\/categero.org.br\/antigo\/index.php?rest_route=\/wp\/v2\/media\/8447"}],"wp:attachment":[{"href":"https:\/\/categero.org.br\/antigo\/index.php?rest_route=%2Fwp%2Fv2%2Fmedia&parent=7753"}],"curies":[{"name":"wp","href":"https:\/\/api.w.org\/{rel}","templated":true}]}}