{"id":7748,"date":"2014-02-15T18:10:29","date_gmt":"2014-02-15T21:10:29","guid":{"rendered":"http:\/\/categero.org.br\/?page_id=7748"},"modified":"2014-02-21T14:30:42","modified_gmt":"2014-02-21T17:30:42","slug":"relacao-de-divulgadores","status":"publish","type":"page","link":"https:\/\/categero.org.br\/antigo\/?page_id=7748","title":{"rendered":"Rela\u00e7\u00e3o de divulgadores"},"content":{"rendered":"<p style=\"text-align: center;\">Rela\u00e7\u00e3o alfab\u00e9tica dos intitulados pelo portal de divulgadores de Santo Ant\u00f4nio de Categer\u00f3, por ordem alfab\u00e9tica, explicitando e linkando, o respectivo apoio.<\/p>\n<p style=\"text-align: left; padding-left: 90px;\">&#8211; \u00a0Ana Marly de Oliveira Jacobino, \u00a0conto: \u00a0<a href=\"http:\/\/categero.org.br\/?p=7236\">&#8220;Louco Amor&#8221;\u00a0<\/a><\/p>\n<p style=\"text-align: left; padding-left: 90px;\">&#8211; \u00a0Anabel Andr\u00e9s, conto: \u00a0<a href=\"http:\/\/categero.org.br\/?p=7222\">&#8220;Da janela&#8221;<\/a><\/p>\n<p style=\"text-align: left; padding-left: 90px;\">&#8211; \u00a0Artur da T\u00e1vola &#8211; \u00a0<a href=\"http:\/\/categero.org.br\/?page_id=715\">&#8220;cr\u00f4nica&#8221;<\/a><\/p>\n<p style=\"text-align: left; padding-left: 90px;\">Segue a rela\u00e7\u00e3o aos poucos<\/p>\n","protected":false},"excerpt":{"rendered":"<p>Rela\u00e7\u00e3o alfab\u00e9tica dos intitulados pelo portal de divulgadores de Santo Ant\u00f4nio de Categer\u00f3, por ordem alfab\u00e9tica, explicitando e linkando, o respectivo apoio. &#8211; \u00a0Ana Marly de Oliveira Jacobino, \u00a0conto: \u00a0&#8220;Louco Amor&#8221;\u00a0 &#8211; \u00a0Anabel Andr\u00e9s, conto: \u00a0&#8220;Da janela&#8221; &#8211; \u00a0Artur da T\u00e1vola &#8211; \u00a0&#8220;cr\u00f4nica&#8221; Segue a rela\u00e7\u00e3o aos poucos<\/p>\n","protected":false},"author":1,"featured_media":8450,"parent":7742,"menu_order":2,"comment_status":"open","ping_status":"open","template":"","meta":{"ngg_post_thumbnail":0,"footnotes":""},"class_list":["post-7748","page","type-page","status-publish","has-post-thumbnail","hentry"],"_links":{"self":[{"href":"https:\/\/categero.org.br\/antigo\/index.php?rest_route=\/wp\/v2\/pages\/7748","targetHints":{"allow":["GET"]}}],"collection":[{"href":"https:\/\/categero.org.br\/antigo\/index.php?rest_route=\/wp\/v2\/pages"}],"about":[{"href":"https:\/\/categero.org.br\/antigo\/index.php?rest_route=\/wp\/v2\/types\/page"}],"author":[{"embeddable":true,"href":"https:\/\/categero.org.br\/antigo\/index.php?rest_route=\/wp\/v2\/users\/1"}],"replies":[{"embeddable":true,"href":"https:\/\/categero.org.br\/antigo\/index.php?rest_route=%2Fwp%2Fv2%2Fcomments&post=7748"}],"version-history":[{"count":5,"href":"https:\/\/categero.org.br\/antigo\/index.php?rest_route=\/wp\/v2\/pages\/7748\/revisions"}],"predecessor-version":[{"id":7750,"href":"https:\/\/categero.org.br\/antigo\/index.php?rest_route=\/wp\/v2\/pages\/7748\/revisions\/7750"}],"up":[{"embeddable":true,"href":"https:\/\/categero.org.br\/antigo\/index.php?rest_route=\/wp\/v2\/pages\/7742"}],"wp:featuredmedia":[{"embeddable":true,"href":"https:\/\/categero.org.br\/antigo\/index.php?rest_route=\/wp\/v2\/media\/8450"}],"wp:attachment":[{"href":"https:\/\/categero.org.br\/antigo\/index.php?rest_route=%2Fwp%2Fv2%2Fmedia&parent=7748"}],"curies":[{"name":"wp","href":"https:\/\/api.w.org\/{rel}","templated":true}]}}