{"id":761,"date":"2010-10-13T01:14:57","date_gmt":"2010-10-13T01:14:57","guid":{"rendered":"http:\/\/www.categero.org.br\/?page_id=761"},"modified":"2013-12-13T09:29:44","modified_gmt":"2013-12-13T12:29:44","slug":"23-religiao-e-identidade-etnica-africanos-crioulos-e-irmandades-na-america-portuguesa","status":"publish","type":"page","link":"https:\/\/categero.org.br\/antigo\/?page_id=761","title":{"rendered":"PR\/2003 &#8211; Religi\u00e3o e Identidade \u00c9tnica. Africanos, Crioulos e  Irmandades na Am\u00e9rica Portuguesa"},"content":{"rendered":"<p>Autor: LUIZ GERALDO SILVA<\/p>\n<p>CAHIERS DES AM\u00c9RIQUES LATINES N\u00b0 44, rodap\u00e9 que est\u00e1 citado, em todas as p\u00e1ginas do trabalho, bem como o local de dep\u00f3sito Internet, \u00e9 na Universidade de Sorbonne em Paris.<\/p>\n<p>RESUMO<br \/>\nEste artigo analisa a rela\u00e7\u00e3o entre tr\u00e1fico de escravos africanos e identidades \u00e9tnicas existentes nas irmandades negras da Am\u00e9rica portuguesa. Compara os casos das irmandades negras das prov\u00edncias de Minas Gerais, Bahia e Rio de Janeiro com o da Irmandade de Nossa Senhora do Ros\u00e1rio dos Pretos, da prov\u00edncia de Pernambuco.<\/p>\n<p>Portal; O trabalho tem muitas cita\u00e7\u00f5es: a primeira, em que refere a Catagar\u00f3, que \u00e9 um vis\u00edvel erro de digita\u00e7\u00e3o; a segunda, com tr\u00eas cita\u00e7\u00f5es que denominam de Santo Antonio da Mouraria, que tamb\u00e9m \u00e9 uma das identifica\u00e7\u00f5es de Categer\u00f3; e a terceira com 10 cita\u00e7\u00f5es sobre Santo Antonio do Recife. (Nos interessa buscar um aprofundamento entre o Santo Antonio da Mouraria e o de Recife, j\u00e1 que h\u00e1 uma imagem de Categer\u00f3 no Convento, outra no museu e uma terceira que sabemos, na igreja de NS do Ros\u00e1rio dos Pretos, dessa cidade, Capital de Pernambuco\/br).<\/p>\n<p>Nosso arquivo de trabalho: <a href=\"http:\/\/www.categero.org.br\/wp-content\/uploads\/2010\/10\/23.-PDF.pdf\">23. PDF<\/a><\/p>\n<p>Local de onde obtivemos o trabalho: <a href=\"http:\/\/www.iheal.univ-paris3.fr\/IMG\/CAL\/dossier5.pdf\">http:\/\/www.iheal.univ-paris3.fr\/IMG\/CAL\/dossier5.pdf<\/a><\/p>\n","protected":false},"excerpt":{"rendered":"<p>Autor: LUIZ GERALDO SILVA CAHIERS DES AM\u00c9RIQUES LATINES N\u00b0 44, rodap\u00e9 que est\u00e1 citado, em todas as p\u00e1ginas do trabalho, bem como o local de dep\u00f3sito Internet, \u00e9 na Universidade de Sorbonne em Paris. RESUMO Este artigo analisa a rela\u00e7\u00e3o entre tr\u00e1fico de escravos africanos e identidades \u00e9tnicas existentes nas irmandades negras da Am\u00e9rica portuguesa. [&hellip;]<\/p>\n","protected":false},"author":1,"featured_media":0,"parent":3838,"menu_order":0,"comment_status":"closed","ping_status":"closed","template":"","meta":{"ngg_post_thumbnail":0,"footnotes":""},"class_list":["post-761","page","type-page","status-publish","hentry"],"_links":{"self":[{"href":"https:\/\/categero.org.br\/antigo\/index.php?rest_route=\/wp\/v2\/pages\/761","targetHints":{"allow":["GET"]}}],"collection":[{"href":"https:\/\/categero.org.br\/antigo\/index.php?rest_route=\/wp\/v2\/pages"}],"about":[{"href":"https:\/\/categero.org.br\/antigo\/index.php?rest_route=\/wp\/v2\/types\/page"}],"author":[{"embeddable":true,"href":"https:\/\/categero.org.br\/antigo\/index.php?rest_route=\/wp\/v2\/users\/1"}],"replies":[{"embeddable":true,"href":"https:\/\/categero.org.br\/antigo\/index.php?rest_route=%2Fwp%2Fv2%2Fcomments&post=761"}],"version-history":[{"count":3,"href":"https:\/\/categero.org.br\/antigo\/index.php?rest_route=\/wp\/v2\/pages\/761\/revisions"}],"predecessor-version":[{"id":5995,"href":"https:\/\/categero.org.br\/antigo\/index.php?rest_route=\/wp\/v2\/pages\/761\/revisions\/5995"}],"up":[{"embeddable":true,"href":"https:\/\/categero.org.br\/antigo\/index.php?rest_route=\/wp\/v2\/pages\/3838"}],"wp:attachment":[{"href":"https:\/\/categero.org.br\/antigo\/index.php?rest_route=%2Fwp%2Fv2%2Fmedia&parent=761"}],"curies":[{"name":"wp","href":"https:\/\/api.w.org\/{rel}","templated":true}]}}