{"id":7585,"date":"2014-02-12T08:13:25","date_gmt":"2014-02-12T11:13:25","guid":{"rendered":"http:\/\/categero.org.br\/?page_id=7585"},"modified":"2018-06-21T23:24:35","modified_gmt":"2018-06-22T02:24:35","slug":"7585-2","status":"publish","type":"page","link":"https:\/\/categero.org.br\/antigo\/?page_id=7585","title":{"rendered":"Novena padr\u00e3o e hist\u00f3rica de Categer\u00f3"},"content":{"rendered":"<p style=\"text-align: center;\"><em><span style=\"color: #ff0000;\"><strong>Link &#8211; &nbsp;<a href=\"http:\/\/categero.org.br\/?p=11452\" target=\"_blank\" rel=\"noopener\">Datas de Categer\u00f3<br \/>\n<\/a><\/strong><\/span><\/em><em><span style=\"color: #ff0000;\"><strong>Link &#8211; &nbsp;<span style=\"color: #000000;\"><a href=\"http:\/\/categero.org.br\/?p=11933\" target=\"_blank\" rel=\"noopener\">Perfil, Linha do Tempo e Vaticano<\/a><\/span><\/strong><\/span><\/em><\/p>\n<p style=\"text-align: center;\">&nbsp;<\/p>\n<p style=\"text-align: center;\"><span style=\"color: #ff0000;\">1\u00aa &nbsp;NOVENA de Categer\u00f3 no Brasil e no mundo (A principal)<\/span><\/p>\n<p style=\"text-align: justify;\">Esta&nbsp;novena foi&nbsp;impressa em um pequeno folder de tr\u00eas folhas (6 p\u00e1ginas), a partir de uma p\u00e1gina A\/4, dobrada em tr\u00eas setores, lateralmente. Data do ano de 1961, tendo hoje, mais de 55 anos de exist\u00eancia.<\/p>\n<p style=\"text-align: justify;\">Foi chancelada, por seu autor, na data de 5 de maio de 1961. Est\u00e1 assinada pelo autor, ent\u00e3o Vig\u00e1rio Geral e Bispo Auxiliar de S\u00e3o Paulo, Dom<a href=\"http:\/\/pt.wikipedia.org\/wiki\/Paulo_Rolim_Loureiro\" target=\"_blank\" rel=\"noopener\"> Paulo Rolim Loureiro<\/a>.<\/p>\n<p style=\"text-align: justify;\">Abre a novena uma ora\u00e7\u00e3o hist\u00f3rica, de autoria do &nbsp;mesmo Bispo, &nbsp;que consta, no verso de diversos santinhos, tanto da &nbsp;igreja Matriz de Nossa Senhora do \u00d3.<\/p>\n<p style=\"text-align: justify;\">O folder que apresenta a novena, em 1961, na igreja de Nossa Senhora do \u00d3, em S\u00e3o Paulo, tem o tamanho 10 cm, de largura, por 21 cm de altura, copiado por inteiro, em suas seis faces, em duas p\u00e1ginas A\/4, &nbsp;devidamente, reconstitu\u00eddo.<\/p>\n<p style=\"text-align: justify;\">Assim, postamos, abaixo, as seis p\u00e1ginas do folder em duas folhas. Tamb\u00e9m disponibilizamos um&nbsp;<a href=\"http:\/\/categero.org.br\/wp-content\/uploads\/2014\/02\/PDF-com-texto-completo-da-novena.pdf\">PDF com texto completo da novena<\/a>. Foi a partir dessa primeira edi\u00e7\u00e3o, que surgiram outras, primeiramente, em S\u00e3o Paulo, na igreja S\u00e3o Francisco, devidamente, chancelados pelo Bispo Rolim. &nbsp; A segunda edi\u00e7\u00e3o vai ocorrer como parte final, do livro com a vida do Beato Ant\u00f4nio de Categer\u00f3, produzido pela Matriz do \u00d3, pesquisado e assinado, pelo intelectual paulista e fundador da Academia Paulista Cat\u00f3lica de Letras. Mas, poucos anos ap\u00f3s, a novena vai estar sendo usada no Rio de Janeiro. Uma Igreja Cat\u00f3lica Brasileira, que tinha como padroeiro, o Beato Ant\u00f4nio de Categer\u00f3, depois transformada em Siriana e, posteriormente, com a devo\u00e7\u00e3o transferida para uma igreja Cat\u00f3lica Ortodoxa Grega. Mas em todas as situa\u00e7\u00f5es, sem a cita\u00e7\u00e3o do bispo Rolim, citando que a novena e ora\u00e7\u00e3o&nbsp;&#8220;APROVA\u00c7\u00c3O ECLESI\u00c1STICA&#8221;. Estabelecida uma pol\u00eamica a C\u00faria do Rio de Janeiro, a partir de a\u00e7\u00f5es, do movimento apolog\u00e9tico de Dom Estev\u00e3o, interv\u00e9m e o Beato perde at\u00e9 o patronato do templo.<\/p>\n<p>Como<\/p>\n<p style=\"text-align: center;\"><img loading=\"lazy\" decoding=\"async\" width=\"479\" height=\"344\" class=\"aligncenter wp-image-10945\" alt=\"1961 1\u00aa pag - Novena Catgro Bsipo Rolim\" src=\"http:\/\/categero.org.br\/wp-content\/uploads\/2014\/02\/1961-1\u00aa-pag-Novena-Catgro-Bsipo-Rolim.jpg\" srcset=\"https:\/\/categero.org.br\/antigo\/wp-content\/uploads\/2014\/02\/1961-1\u00aa-pag-Novena-Catgro-Bsipo-Rolim.jpg 2561w, https:\/\/categero.org.br\/antigo\/wp-content\/uploads\/2014\/02\/1961-1\u00aa-pag-Novena-Catgro-Bsipo-Rolim-300x216.jpg 300w, https:\/\/categero.org.br\/antigo\/wp-content\/uploads\/2014\/02\/1961-1\u00aa-pag-Novena-Catgro-Bsipo-Rolim-768x553.jpg 768w, https:\/\/categero.org.br\/antigo\/wp-content\/uploads\/2014\/02\/1961-1\u00aa-pag-Novena-Catgro-Bsipo-Rolim-1024x738.jpg 1024w, https:\/\/categero.org.br\/antigo\/wp-content\/uploads\/2014\/02\/1961-1\u00aa-pag-Novena-Catgro-Bsipo-Rolim-495x357.jpg 495w, https:\/\/categero.org.br\/antigo\/wp-content\/uploads\/2014\/02\/1961-1\u00aa-pag-Novena-Catgro-Bsipo-Rolim-50x35.jpg 50w, https:\/\/categero.org.br\/antigo\/wp-content\/uploads\/2014\/02\/1961-1\u00aa-pag-Novena-Catgro-Bsipo-Rolim-90x65.jpg 90w\" sizes=\"auto, (max-width: 479px) 100vw, 479px\" \/><\/p>\n<p style=\"text-align: center;\"><img loading=\"lazy\" decoding=\"async\" width=\"478\" height=\"226\" class=\"aligncenter wp-image-10944\" alt=\"1961 2\u00aa pag - Novena Catgro Bispo Rolim\" src=\"http:\/\/categero.org.br\/wp-content\/uploads\/2014\/02\/1961-2\u00aa-pag-Novena-Catgro-Bispo-Rolim.jpg\"\/><\/p>\n<p style=\"text-align: center;\"><em><span style=\"color: #ff0000;\"><strong>Link &#8211; &nbsp;<a href=\"http:\/\/categero.org.br\/?p=11452\" target=\"_blank\" rel=\"noopener\">Datas de Categer\u00f3<br \/>\n<\/a><\/strong><\/span><\/em><em><span style=\"color: #ff0000;\"><strong>Link &#8211; &nbsp;<span style=\"color: #000000;\"><a href=\"http:\/\/categero.org.br\/?p=11933\" target=\"_blank\" rel=\"noopener\">Perfil, Linha do Tempo e Vaticano<\/a><\/span><\/strong><\/span><\/em><\/p>\n","protected":false},"excerpt":{"rendered":"<p>Link &#8211; &nbsp;Datas de Categer\u00f3 Link &#8211; &nbsp;Perfil, Linha do Tempo e Vaticano &nbsp; 1\u00aa &nbsp;NOVENA de Categer\u00f3 no Brasil e no mundo (A principal) Esta&nbsp;novena foi&nbsp;impressa em um pequeno folder de tr\u00eas folhas (6 p\u00e1ginas), a partir de uma p\u00e1gina A\/4, dobrada em tr\u00eas setores, lateralmente. Data do ano de 1961, tendo hoje, mais [&hellip;]<\/p>\n","protected":false},"author":1,"featured_media":7825,"parent":7579,"menu_order":1,"comment_status":"open","ping_status":"open","template":"","meta":{"ngg_post_thumbnail":0,"footnotes":""},"class_list":["post-7585","page","type-page","status-publish","has-post-thumbnail","hentry"],"_links":{"self":[{"href":"https:\/\/categero.org.br\/antigo\/index.php?rest_route=\/wp\/v2\/pages\/7585","targetHints":{"allow":["GET"]}}],"collection":[{"href":"https:\/\/categero.org.br\/antigo\/index.php?rest_route=\/wp\/v2\/pages"}],"about":[{"href":"https:\/\/categero.org.br\/antigo\/index.php?rest_route=\/wp\/v2\/types\/page"}],"author":[{"embeddable":true,"href":"https:\/\/categero.org.br\/antigo\/index.php?rest_route=\/wp\/v2\/users\/1"}],"replies":[{"embeddable":true,"href":"https:\/\/categero.org.br\/antigo\/index.php?rest_route=%2Fwp%2Fv2%2Fcomments&post=7585"}],"version-history":[{"count":12,"href":"https:\/\/categero.org.br\/antigo\/index.php?rest_route=\/wp\/v2\/pages\/7585\/revisions"}],"predecessor-version":[{"id":13106,"href":"https:\/\/categero.org.br\/antigo\/index.php?rest_route=\/wp\/v2\/pages\/7585\/revisions\/13106"}],"up":[{"embeddable":true,"href":"https:\/\/categero.org.br\/antigo\/index.php?rest_route=\/wp\/v2\/pages\/7579"}],"wp:featuredmedia":[{"embeddable":true,"href":"https:\/\/categero.org.br\/antigo\/index.php?rest_route=\/wp\/v2\/media\/7825"}],"wp:attachment":[{"href":"https:\/\/categero.org.br\/antigo\/index.php?rest_route=%2Fwp%2Fv2%2Fmedia&parent=7585"}],"curies":[{"name":"wp","href":"https:\/\/api.w.org\/{rel}","templated":true}]}}