{"id":7461,"date":"2014-02-10T09:50:54","date_gmt":"2014-02-10T12:50:54","guid":{"rendered":"http:\/\/categero.org.br\/?page_id=7461"},"modified":"2014-02-21T14:23:00","modified_gmt":"2014-02-21T17:23:00","slug":"sobre-como-apoiar-o-processo-de-santificacao","status":"publish","type":"page","link":"https:\/\/categero.org.br\/antigo\/?page_id=7461","title":{"rendered":"Sobre como apoiar o processo de Santifica\u00e7\u00e3o"},"content":{"rendered":"<h3 style=\"text-align: center;\"><a href=\"http:\/\/categero.org.br\/wp-content\/uploads\/2014\/01\/categero-aconselhamentos-3.jpg\"><img loading=\"lazy\" decoding=\"async\" alt=\"categero aconselhamentos 3\" src=\"http:\/\/categero.org.br\/wp-content\/uploads\/2014\/01\/categero-aconselhamentos-3.jpg\" width=\"199\" height=\"300\" \/><\/a><br \/>\nAconselhamentos do frei Dorvalino<\/h3>\n<p style=\"text-align: justify;\">T\u00ednhamos, agora, toda a informa\u00e7\u00e3o necess\u00e1ria para buscarmos o aconselhamento com frei Dorvalino, autor de diversos livros religiosos, al\u00e9m de pesquisador e palestrante sobre a devo\u00e7\u00e3o \u00e0 Santa Clara (Clarismo). Num primeiro momento ficamos descontentes com a decis\u00e3o do Ministro Franciscano mas foi uma grata surpresa ter ouvido o frei Dorvalino. Ele se p\u00f4s \u00e0 disposi\u00e7\u00e3o e, atentamente, ouviu e perquiriu quest\u00f5es dos procedimentos de acolhimento da f\u00e9. Demonstrou ter entendido a hist\u00f3ria do beato, do desenvolvimento de sua f\u00e9 no Brasil e das cita\u00e7\u00f5es como beato, na It\u00e1lia, apesar de n\u00e3o constar do hagiol\u00e1rio cat\u00f3lico, e principalmente, de como agirmos para buscar algum efeito positivo e definidor. E, depois de quase uma hora de conversa\u00e7\u00e3o ele apresentou suas sugest\u00f5es, resumidas em tr\u00eas quest\u00f5es b\u00e1sicas. 1\u00ba \u2013 Tem de ter algu\u00e9m em Noto, na It\u00e1lia; 2\u00ba \u2013 N\u00e3o \u00e9 tarefa de uma s\u00f3 pessoa; e 3\u00ba \u2013 Tem de acontecer o surgimento de grupos, n\u00e3o necessariamente, s\u00f3 de cat\u00f3licos, para o estudo da vida de Ant\u00f4nio de Categer\u00f3.<br \/>\nE aduziu a cada uma das suas proposi\u00e7\u00f5es as suas raz\u00f5es, uma argumenta\u00e7\u00e3o correspondente.<br \/>\n1\u00ba \u2013 Tem de ter algu\u00e9m em Noto, na It\u00e1lia;<br \/>\nTodo procecimento de beatifica\u00e7\u00e3o ou canoniza\u00e7\u00e3o ocorre atrav\u00e9s de algu\u00e9m (pessoa ou organiza\u00e7\u00e3o) que faz a gest\u00e3o do processo. Tem de descobrir quem \u00e9 e, isto s\u00f3 e poss\u00edvel, se tendo algu\u00e9m em Noto, na It\u00e1lia. Se l\u00e1 houver algum pedido para iniciar ou localizar se ocorreu um processo de beatifica\u00e7\u00e3o, isso tem de ser resolvido no local de origem dos feitos citados para o reconhecimento can\u00f4nico. E, se l\u00e1 est\u00e3o construindo uma imagem, dele, em tamanho natural, deve existir alguma devo\u00e7\u00e3o. Tem de ser conseguido um devoto, l\u00e1, que se agregue aos atos daqui.<br \/>\n2\u00ba \u2013 N\u00e3o \u00e9 tarefa de uma s\u00f3 pessoa;<br \/>\nExiste a necessidade de que em outras localidades existam pessoas, tamb\u00e9m, comprometidas com o mesmo objetivo.<\/p>\n<p style=\"text-align: justify;\">Segundo frei Dorvalino, as ordens religiosas v\u00e3o ser sens\u00edveis \u00e0 devo\u00e7\u00e3o desses grupos de pessoas e, aos poucos, tudo se auto estrutura.<\/p>\n<p style=\"text-align: justify;\">3\u00ba \u2013 Tem de acontecer o surgimento de grupos, n\u00e3o necessariamente, s\u00f3 de cat\u00f3licos, para o estudo da vida de Ant\u00f4nio de Categer\u00f3.<br \/>\nEle cita o exemplo de na cidade de Assis, na It\u00e1lia, a exist\u00eancia de um grupo de estudo da vida de S\u00e3o Francisco de Assis com integrantes judeus, ateus, presbiterianos, al\u00e9m de diversos segmentos cat\u00f3licos. Sem pessoas que, realmente, se integrem ou se dediquem, uma devo\u00e7\u00e3o n\u00e3o obt\u00e9m sucesso.<br \/>\nConclus\u00e3o<br \/>\nNosso encontro com o Frei Dorvalino foi extremamente enriquecedor. E a decis\u00e3o do Ministro em nos encaminhar a ele foi inspirada pelo Esp\u00edrito Santo. Nosso agradecimento e reconhecimento come\u00e7a pelo devido registro e pelo posterior acatamento dos s\u00e1bios conselhos. Muito nos marcou as palavras do frei quando, em princ\u00edpio, ele disse que dever-se-ia, ir e estar na It\u00e1lia para resolver. E eu redarg\u00fci que n\u00e3o falo italiano. E ele, deixou escapar: \u201c\u2026pena que n\u00e3o sou mais jovem\u201d. Eu recebi dele aquilo como um incentivo para perseverar que a causa era v\u00e1lida.<br \/>\nO mundo se torna um lugar melhor quando entramos o acolhimento que buscamos.<\/p>\n<p style=\"text-align: justify;\"><a href=\"http:\/\/categero.org.br\/wp-content\/uploads\/2014\/02\/santifica\u00e7\u00e3o.jpg\"><img loading=\"lazy\" decoding=\"async\" class=\"aligncenter size-medium wp-image-8444\" alt=\"santifica\u00e7\u00e3o\" src=\"http:\/\/categero.org.br\/wp-content\/uploads\/2014\/02\/santifica\u00e7\u00e3o-300x197.jpg\" width=\"300\" height=\"197\" srcset=\"https:\/\/categero.org.br\/antigo\/wp-content\/uploads\/2014\/02\/santifica\u00e7\u00e3o-300x197.jpg 300w, https:\/\/categero.org.br\/antigo\/wp-content\/uploads\/2014\/02\/santifica\u00e7\u00e3o-75x50.jpg 75w, https:\/\/categero.org.br\/antigo\/wp-content\/uploads\/2014\/02\/santifica\u00e7\u00e3o-120x80.jpg 120w, https:\/\/categero.org.br\/antigo\/wp-content\/uploads\/2014\/02\/santifica\u00e7\u00e3o.jpg 301w\" sizes=\"auto, (max-width: 300px) 100vw, 300px\" \/><\/a><\/p>\n<p style=\"text-align: right;\">Obrigados frei Jo\u00e3o In\u00e1cio Muller e frei Dorvalino Fassini<\/p>\n","protected":false},"excerpt":{"rendered":"<p>Aconselhamentos do frei Dorvalino T\u00ednhamos, agora, toda a informa\u00e7\u00e3o necess\u00e1ria para buscarmos o aconselhamento com frei Dorvalino, autor de diversos livros religiosos, al\u00e9m de pesquisador e palestrante sobre a devo\u00e7\u00e3o \u00e0 Santa Clara (Clarismo). Num primeiro momento ficamos descontentes com a decis\u00e3o do Ministro Franciscano mas foi uma grata surpresa ter ouvido o frei Dorvalino. [&hellip;]<\/p>\n","protected":false},"author":1,"featured_media":8444,"parent":7423,"menu_order":3,"comment_status":"open","ping_status":"open","template":"","meta":{"ngg_post_thumbnail":0,"footnotes":""},"class_list":["post-7461","page","type-page","status-publish","has-post-thumbnail","hentry"],"_links":{"self":[{"href":"https:\/\/categero.org.br\/antigo\/index.php?rest_route=\/wp\/v2\/pages\/7461","targetHints":{"allow":["GET"]}}],"collection":[{"href":"https:\/\/categero.org.br\/antigo\/index.php?rest_route=\/wp\/v2\/pages"}],"about":[{"href":"https:\/\/categero.org.br\/antigo\/index.php?rest_route=\/wp\/v2\/types\/page"}],"author":[{"embeddable":true,"href":"https:\/\/categero.org.br\/antigo\/index.php?rest_route=\/wp\/v2\/users\/1"}],"replies":[{"embeddable":true,"href":"https:\/\/categero.org.br\/antigo\/index.php?rest_route=%2Fwp%2Fv2%2Fcomments&post=7461"}],"version-history":[{"count":4,"href":"https:\/\/categero.org.br\/antigo\/index.php?rest_route=\/wp\/v2\/pages\/7461\/revisions"}],"predecessor-version":[{"id":8446,"href":"https:\/\/categero.org.br\/antigo\/index.php?rest_route=\/wp\/v2\/pages\/7461\/revisions\/8446"}],"up":[{"embeddable":true,"href":"https:\/\/categero.org.br\/antigo\/index.php?rest_route=\/wp\/v2\/pages\/7423"}],"wp:featuredmedia":[{"embeddable":true,"href":"https:\/\/categero.org.br\/antigo\/index.php?rest_route=\/wp\/v2\/media\/8444"}],"wp:attachment":[{"href":"https:\/\/categero.org.br\/antigo\/index.php?rest_route=%2Fwp%2Fv2%2Fmedia&parent=7461"}],"curies":[{"name":"wp","href":"https:\/\/api.w.org\/{rel}","templated":true}]}}