{"id":7448,"date":"2014-02-10T09:27:12","date_gmt":"2014-02-10T12:27:12","guid":{"rendered":"http:\/\/categero.org.br\/?page_id=7448"},"modified":"2015-09-08T11:01:42","modified_gmt":"2015-09-08T14:01:42","slug":"ten-cel-pinheiro-do-correio-brigadiano-devoto-de-categero","status":"publish","type":"page","link":"https:\/\/categero.org.br\/antigo\/?page_id=7448","title":{"rendered":"Ten Cel Pinheiro do jornal JCB\/abc \u00e9 devoto do Beato"},"content":{"rendered":"<p style=\"text-align: center;\"><a href=\"http:\/\/www.categero.org.br\/wp-content\/uploads\/2012\/02\/2.-Categer%C3%B3-72-dpi-Color.jpg\"><img loading=\"lazy\" decoding=\"async\" title=\"2. Categer\u00f3 72 dpi Color\" src=\"http:\/\/www.categero.org.br\/wp-content\/uploads\/2012\/02\/2.-Categer%C3%B3-72-dpi-Color-202x300.jpg\" alt=\"\" width=\"202\" height=\"300\" \/><\/a><\/p>\n<p style=\"text-align: center;\">Vanderlei Pinheiro &#8211; Adm deste Portal<\/p>\n<p><a href=\"http:\/\/categero.org.br\/wp-content\/uploads\/2014\/02\/VP.jpg\"><img loading=\"lazy\" decoding=\"async\" class=\"aligncenter\" src=\"http:\/\/categero.org.br\/wp-content\/uploads\/2014\/02\/VP-192x300.jpg\" alt=\"VP\" width=\"192\" height=\"300\" \/><\/a><\/p>\n<p style=\"text-align: justify;\">Vanderlei Martins Pinheiro \u00e9 Tenente Coronel da Brigada Militar do Estado do Rio Grande do Sul (PM) e propriet\u00e1rio do &#8220;jornal abc da seguran\u00e7a p\u00fablica \/ Correio Brigadiano&#8221;, \u00a0institui\u00e7\u00e3o mantenedora deste portal e da devo\u00e7\u00e3o. Esta devo\u00e7\u00e3o se desenvolve h\u00e1 quase treze anos e recebeu como heran\u00e7a materna.<\/p>\n<p style=\"text-align: justify;\">Por duas ou tr\u00eas vezes perdeu todo o material de p\u00e1ginas, posts e imagens inseridas no Portal. Sempre, reiniciou tudo do zero. O \u00a0importante \u00e9 perseverar. \u00c9 um trabalho pessoal que exige apoio t\u00e9cnico que agora parece estar chegando.<\/p>\n<p style=\"text-align: justify;\">O grande objetivo do Portal com a devo\u00e7\u00e3o \u00e9 reacender o braseiro dessa hist\u00f3rica e centen\u00e1ria devo\u00e7\u00e3o brasileira, comprovar sua interface concreta e poderosa com a seguran\u00e7a p\u00fablica do Brasil, e ainda, auxiliar na agiliza\u00e7\u00e3o do processo de canoniza\u00e7\u00e3o que se encontra no Vaticano.<\/p>\n<p style=\"text-align: justify;\"><a href=\"http:\/\/categero.org.br\/wp-content\/uploads\/2014\/02\/Banner-de-VMP3.jpg\"><img loading=\"lazy\" decoding=\"async\" class=\"aligncenter size-medium wp-image-8464\" src=\"http:\/\/categero.org.br\/wp-content\/uploads\/2014\/02\/Banner-de-VMP3-300x151.jpg\" alt=\"Banner-de-VMP3\" width=\"300\" height=\"151\" srcset=\"https:\/\/categero.org.br\/antigo\/wp-content\/uploads\/2014\/02\/Banner-de-VMP3-300x151.jpg 300w, https:\/\/categero.org.br\/antigo\/wp-content\/uploads\/2014\/02\/Banner-de-VMP3.jpg 397w\" sizes=\"auto, (max-width: 300px) 100vw, 300px\" \/><\/a><\/p>\n<p style=\"text-align: justify;\">\n","protected":false},"excerpt":{"rendered":"<p>Vanderlei Pinheiro &#8211; Adm deste Portal Vanderlei Martins Pinheiro \u00e9 Tenente Coronel da Brigada Militar do Estado do Rio Grande do Sul (PM) e propriet\u00e1rio do &#8220;jornal abc da seguran\u00e7a p\u00fablica \/ Correio Brigadiano&#8221;, \u00a0institui\u00e7\u00e3o mantenedora deste portal e da devo\u00e7\u00e3o. Esta devo\u00e7\u00e3o se desenvolve h\u00e1 quase treze anos e recebeu como heran\u00e7a materna. Por [&hellip;]<\/p>\n","protected":false},"author":1,"featured_media":8464,"parent":5069,"menu_order":2,"comment_status":"open","ping_status":"open","template":"","meta":{"ngg_post_thumbnail":0,"footnotes":""},"class_list":["post-7448","page","type-page","status-publish","has-post-thumbnail","hentry"],"_links":{"self":[{"href":"https:\/\/categero.org.br\/antigo\/index.php?rest_route=\/wp\/v2\/pages\/7448","targetHints":{"allow":["GET"]}}],"collection":[{"href":"https:\/\/categero.org.br\/antigo\/index.php?rest_route=\/wp\/v2\/pages"}],"about":[{"href":"https:\/\/categero.org.br\/antigo\/index.php?rest_route=\/wp\/v2\/types\/page"}],"author":[{"embeddable":true,"href":"https:\/\/categero.org.br\/antigo\/index.php?rest_route=\/wp\/v2\/users\/1"}],"replies":[{"embeddable":true,"href":"https:\/\/categero.org.br\/antigo\/index.php?rest_route=%2Fwp%2Fv2%2Fcomments&post=7448"}],"version-history":[{"count":6,"href":"https:\/\/categero.org.br\/antigo\/index.php?rest_route=\/wp\/v2\/pages\/7448\/revisions"}],"predecessor-version":[{"id":9956,"href":"https:\/\/categero.org.br\/antigo\/index.php?rest_route=\/wp\/v2\/pages\/7448\/revisions\/9956"}],"up":[{"embeddable":true,"href":"https:\/\/categero.org.br\/antigo\/index.php?rest_route=\/wp\/v2\/pages\/5069"}],"wp:featuredmedia":[{"embeddable":true,"href":"https:\/\/categero.org.br\/antigo\/index.php?rest_route=\/wp\/v2\/media\/8464"}],"wp:attachment":[{"href":"https:\/\/categero.org.br\/antigo\/index.php?rest_route=%2Fwp%2Fv2%2Fmedia&parent=7448"}],"curies":[{"name":"wp","href":"https:\/\/api.w.org\/{rel}","templated":true}]}}