{"id":739,"date":"2010-10-12T17:45:14","date_gmt":"2010-10-12T17:45:14","guid":{"rendered":"http:\/\/www.categero.org.br\/?page_id=739"},"modified":"2013-12-13T09:22:59","modified_gmt":"2013-12-13T12:22:59","slug":"22-2009pe-alem-das-formas-a-bem-dos-rostos-faces-mesticas-da-producao-cultural-barroca-recifense-1701-1789","status":"publish","type":"page","link":"https:\/\/categero.org.br\/antigo\/?page_id=739","title":{"rendered":"PE\/2009 &#8211; Al\u00e9m das Formas, a Bem dos Rostos: faces mesti\u00e7as da produ\u00e7\u00e3o cultural barroca recifense (1701-1789)"},"content":{"rendered":"<p>Autor: Jos\u00e9 Nelton Pereira<br \/>\nDisserta\u00e7\u00e3o para obten\u00e7\u00e3o da titula\u00e7\u00e3o de Mestrado do autor<\/p>\n<p>RESUMO Este trabalho aborda o processo de hibridiza\u00e7\u00e3o cultural no Recife setecentista a partir da trajet\u00f3ria de tr\u00eas personagens representativos da produ\u00e7\u00e3o barroca local: Manoel Ferreira J\u00e1come, mestre-pedreiro; Jo\u00e3o de Deus e Sep\u00falveda, pintor; e Luiz Alves Pinto, m\u00fasico. Pretende-se, atrav\u00e9s da an\u00e1lise de suas influ\u00eancias e processo criativo, compreender os aspectos determinantes e intr\u00ednsecos relacionados \u00e0 conjuntura recifense do s\u00e9culo XVIII, marcada pela condi\u00e7\u00e3o de centro mercantil e portu\u00e1rio de significativa import\u00e2ncia no mundo colonial portugu\u00eas. A partir do conceito de \u201csociabilidade cotidiana\u201d as obras barrocas de tais art\u00edfices &#8230;<\/p>\n<p>Local de onde foi retirado este trabalho: <a href=\"http:\/\/www.pgh.ufrpe.br\/textos.html\">http:\/\/www.pgh.ufrpe.br\/textos.html<\/a><\/p>\n<p>Nossa c\u00f3pia <a href=\"http:\/\/www.categero.org.br\/wp-content\/uploads\/2010\/10\/21.pdf\">PDF<\/a> do referido trabalho.<\/p>\n<p>Portal: Categer\u00f3, neste trabalho, \u00e9 citado com <strong>Antonio do Nodo (ou de Catalagiroma)<\/strong><\/p>\n","protected":false},"excerpt":{"rendered":"<p>Autor: Jos\u00e9 Nelton Pereira Disserta\u00e7\u00e3o para obten\u00e7\u00e3o da titula\u00e7\u00e3o de Mestrado do autor RESUMO Este trabalho aborda o processo de hibridiza\u00e7\u00e3o cultural no Recife setecentista a partir da trajet\u00f3ria de tr\u00eas personagens representativos da produ\u00e7\u00e3o barroca local: Manoel Ferreira J\u00e1come, mestre-pedreiro; Jo\u00e3o de Deus e Sep\u00falveda, pintor; e Luiz Alves Pinto, m\u00fasico. Pretende-se, atrav\u00e9s da [&hellip;]<\/p>\n","protected":false},"author":1,"featured_media":0,"parent":3840,"menu_order":0,"comment_status":"closed","ping_status":"closed","template":"","meta":{"ngg_post_thumbnail":0,"footnotes":""},"class_list":["post-739","page","type-page","status-publish","hentry"],"_links":{"self":[{"href":"https:\/\/categero.org.br\/antigo\/index.php?rest_route=\/wp\/v2\/pages\/739","targetHints":{"allow":["GET"]}}],"collection":[{"href":"https:\/\/categero.org.br\/antigo\/index.php?rest_route=\/wp\/v2\/pages"}],"about":[{"href":"https:\/\/categero.org.br\/antigo\/index.php?rest_route=\/wp\/v2\/types\/page"}],"author":[{"embeddable":true,"href":"https:\/\/categero.org.br\/antigo\/index.php?rest_route=\/wp\/v2\/users\/1"}],"replies":[{"embeddable":true,"href":"https:\/\/categero.org.br\/antigo\/index.php?rest_route=%2Fwp%2Fv2%2Fcomments&post=739"}],"version-history":[{"count":2,"href":"https:\/\/categero.org.br\/antigo\/index.php?rest_route=\/wp\/v2\/pages\/739\/revisions"}],"predecessor-version":[{"id":5925,"href":"https:\/\/categero.org.br\/antigo\/index.php?rest_route=\/wp\/v2\/pages\/739\/revisions\/5925"}],"up":[{"embeddable":true,"href":"https:\/\/categero.org.br\/antigo\/index.php?rest_route=\/wp\/v2\/pages\/3840"}],"wp:attachment":[{"href":"https:\/\/categero.org.br\/antigo\/index.php?rest_route=%2Fwp%2Fv2%2Fmedia&parent=739"}],"curies":[{"name":"wp","href":"https:\/\/api.w.org\/{rel}","templated":true}]}}