{"id":7324,"date":"2014-02-07T05:58:00","date_gmt":"2014-02-07T08:58:00","guid":{"rendered":"http:\/\/categero.org.br\/?page_id=7324"},"modified":"2014-02-07T05:58:34","modified_gmt":"2014-02-07T08:58:34","slug":"america-espanhola-e-caribe","status":"publish","type":"page","link":"https:\/\/categero.org.br\/antigo\/?page_id=7324","title":{"rendered":"9. Am\u00e9rica espanhola e Caribe"},"content":{"rendered":"<p>&nbsp;<\/p>\n<p>Duas cita\u00e7\u00f5es, mas pesquisadores, dizem existir Imagens de Santo Ant\u00f4nio de Categer\u00f3 ou Santo Ant\u00f4nio Et\u00edope, na Am\u00e9rica do Sul espanhola e Caribe. Inclusive j\u00e1 encontrei cita\u00e7\u00e3o nos Estados Unidos que vou tentar recuper\u00e1-la.<\/p>\n<p>&nbsp;<\/p>\n<p>Chile &#8211;<\/p>\n<p>Uma imagem artesanal que infere a exist\u00eancia de alguma imagem tradicional<\/p>\n<p>&nbsp;<\/p>\n<p>&nbsp;<\/p>\n<p>Haiti \u2013<a href=\"http:\/\/categero.org.br\/?page_id=4592\">\u00a0Ilha de S\u00e3o Tom\u00e9 \/ RDST e Pr\u00edncipe<\/a><\/p>\n<p>Uma imagem artesanal que infere a exist\u00eancia de alguma imagem tradicional<\/p>\n<p>&nbsp;<\/p>\n","protected":false},"excerpt":{"rendered":"<p>&nbsp; Duas cita\u00e7\u00f5es, mas pesquisadores, dizem existir Imagens de Santo Ant\u00f4nio de Categer\u00f3 ou Santo Ant\u00f4nio Et\u00edope, na Am\u00e9rica do Sul espanhola e Caribe. Inclusive j\u00e1 encontrei cita\u00e7\u00e3o nos Estados Unidos que vou tentar recuper\u00e1-la. &nbsp; Chile &#8211; Uma imagem artesanal que infere a exist\u00eancia de alguma imagem tradicional &nbsp; &nbsp; Haiti \u2013\u00a0Ilha de S\u00e3o [&hellip;]<\/p>\n","protected":false},"author":1,"featured_media":0,"parent":6,"menu_order":9,"comment_status":"open","ping_status":"open","template":"","meta":{"ngg_post_thumbnail":0,"footnotes":""},"class_list":["post-7324","page","type-page","status-publish","hentry"],"_links":{"self":[{"href":"https:\/\/categero.org.br\/antigo\/index.php?rest_route=\/wp\/v2\/pages\/7324","targetHints":{"allow":["GET"]}}],"collection":[{"href":"https:\/\/categero.org.br\/antigo\/index.php?rest_route=\/wp\/v2\/pages"}],"about":[{"href":"https:\/\/categero.org.br\/antigo\/index.php?rest_route=\/wp\/v2\/types\/page"}],"author":[{"embeddable":true,"href":"https:\/\/categero.org.br\/antigo\/index.php?rest_route=\/wp\/v2\/users\/1"}],"replies":[{"embeddable":true,"href":"https:\/\/categero.org.br\/antigo\/index.php?rest_route=%2Fwp%2Fv2%2Fcomments&post=7324"}],"version-history":[{"count":3,"href":"https:\/\/categero.org.br\/antigo\/index.php?rest_route=\/wp\/v2\/pages\/7324\/revisions"}],"predecessor-version":[{"id":7327,"href":"https:\/\/categero.org.br\/antigo\/index.php?rest_route=\/wp\/v2\/pages\/7324\/revisions\/7327"}],"up":[{"embeddable":true,"href":"https:\/\/categero.org.br\/antigo\/index.php?rest_route=\/wp\/v2\/pages\/6"}],"wp:attachment":[{"href":"https:\/\/categero.org.br\/antigo\/index.php?rest_route=%2Fwp%2Fv2%2Fmedia&parent=7324"}],"curies":[{"name":"wp","href":"https:\/\/api.w.org\/{rel}","templated":true}]}}