{"id":7314,"date":"2014-02-06T12:11:37","date_gmt":"2014-02-06T15:11:37","guid":{"rendered":"http:\/\/categero.org.br\/?page_id=7314"},"modified":"2014-02-21T14:14:10","modified_gmt":"2014-02-21T17:14:10","slug":"2-morte-de-categero","status":"publish","type":"page","link":"https:\/\/categero.org.br\/antigo\/?page_id=7314","title":{"rendered":"2. Morte de Categer\u00f3"},"content":{"rendered":"<p><a href=\"http:\/\/categero.org.br\/wp-content\/uploads\/2011\/06\/Ora\u00e7\u00f5es1.jpg\"><img loading=\"lazy\" decoding=\"async\" class=\"aligncenter size-medium wp-image-8260\" alt=\"Ora\u00e7\u00f5es\" src=\"http:\/\/categero.org.br\/wp-content\/uploads\/2011\/06\/Ora\u00e7\u00f5es1-300x149.jpg\" width=\"300\" height=\"149\" srcset=\"https:\/\/categero.org.br\/antigo\/wp-content\/uploads\/2011\/06\/Ora\u00e7\u00f5es1-300x149.jpg 300w, https:\/\/categero.org.br\/antigo\/wp-content\/uploads\/2011\/06\/Ora\u00e7\u00f5es1.jpg 397w\" sizes=\"auto, (max-width: 300px) 100vw, 300px\" \/><\/a><\/p>\n<p>Foi t\u00e3o grande o n\u00famero de pessoas presentes \u00e0 cerimonia f\u00fanebre que os padres Sim\u00e3o e Pedro Ansaldo depuseram sob juramento no processo informativo que nem na festa de S\u00e3o Conrado nem na do Sant\u00edssimo Crucifixo tinham visto tanta gente de outros lugares e de \u00c0vola. Muitos para verem o cortejo f\u00fanebre, subiam em \u00e1rvores, e todos diziam: Morreu um Santo! Morreu um Santo!<\/p>\n","protected":false},"excerpt":{"rendered":"<p>Foi t\u00e3o grande o n\u00famero de pessoas presentes \u00e0 cerimonia f\u00fanebre que os padres Sim\u00e3o e Pedro Ansaldo depuseram sob juramento no processo informativo que nem na festa de S\u00e3o Conrado nem na do Sant\u00edssimo Crucifixo tinham visto tanta gente de outros lugares e de \u00c0vola. Muitos para verem o cortejo f\u00fanebre, subiam em \u00e1rvores, [&hellip;]<\/p>\n","protected":false},"author":1,"featured_media":8260,"parent":73,"menu_order":3,"comment_status":"open","ping_status":"open","template":"","meta":{"ngg_post_thumbnail":0,"footnotes":""},"class_list":["post-7314","page","type-page","status-publish","has-post-thumbnail","hentry"],"_links":{"self":[{"href":"https:\/\/categero.org.br\/antigo\/index.php?rest_route=\/wp\/v2\/pages\/7314","targetHints":{"allow":["GET"]}}],"collection":[{"href":"https:\/\/categero.org.br\/antigo\/index.php?rest_route=\/wp\/v2\/pages"}],"about":[{"href":"https:\/\/categero.org.br\/antigo\/index.php?rest_route=\/wp\/v2\/types\/page"}],"author":[{"embeddable":true,"href":"https:\/\/categero.org.br\/antigo\/index.php?rest_route=\/wp\/v2\/users\/1"}],"replies":[{"embeddable":true,"href":"https:\/\/categero.org.br\/antigo\/index.php?rest_route=%2Fwp%2Fv2%2Fcomments&post=7314"}],"version-history":[{"count":4,"href":"https:\/\/categero.org.br\/antigo\/index.php?rest_route=\/wp\/v2\/pages\/7314\/revisions"}],"predecessor-version":[{"id":8438,"href":"https:\/\/categero.org.br\/antigo\/index.php?rest_route=\/wp\/v2\/pages\/7314\/revisions\/8438"}],"up":[{"embeddable":true,"href":"https:\/\/categero.org.br\/antigo\/index.php?rest_route=\/wp\/v2\/pages\/73"}],"wp:featuredmedia":[{"embeddable":true,"href":"https:\/\/categero.org.br\/antigo\/index.php?rest_route=\/wp\/v2\/media\/8260"}],"wp:attachment":[{"href":"https:\/\/categero.org.br\/antigo\/index.php?rest_route=%2Fwp%2Fv2%2Fmedia&parent=7314"}],"curies":[{"name":"wp","href":"https:\/\/api.w.org\/{rel}","templated":true}]}}