{"id":7312,"date":"2014-02-06T12:04:39","date_gmt":"2014-02-06T15:04:39","guid":{"rendered":"http:\/\/categero.org.br\/?page_id=7312"},"modified":"2014-02-21T14:12:20","modified_gmt":"2014-02-21T17:12:20","slug":"1-alguns-dos-milagres","status":"publish","type":"page","link":"https:\/\/categero.org.br\/antigo\/?page_id=7312","title":{"rendered":"1. Alguns dos Milagres"},"content":{"rendered":"<p><a href=\"http:\/\/categero.org.br\/wp-content\/uploads\/2014\/02\/milagres.jpg\"><img loading=\"lazy\" decoding=\"async\" class=\"aligncenter size-full wp-image-8435\" alt=\"milagres\" src=\"http:\/\/categero.org.br\/wp-content\/uploads\/2014\/02\/milagres.jpg\" width=\"300\" height=\"149\" \/><\/a><\/p>\n<p style=\"text-align: center;\">Atribu\u00eddos a beato Ant\u00f4nio Et\u00edope ou de Categer\u00f3<\/p>\n<p>Como de costume naquele tempo, muitos raspavam o p\u00f3 que se depositava na sepultura e levavam para tomarem com \u00e1gua e darem aos doentes, muitos desses doentes atribu\u00edram a Ant\u00f4nio sua cura de doen\u00e7as incur\u00e1veis naqueles tempos. Margarida Leone conseguiu se curar de uma inflama\u00e7\u00e3o e muitas dores nas pernas atrav\u00e9s disso.<\/p>\n<p>H\u00e9rnia e H\u00e9rnia Umbilical, Margarida Bongiorno foi logo em romaria ao seu sepulcro para pedir a cura de seu filho Natal, que sofria de H\u00e9rnia. Acomponhavam-na sua m\u00e3e, Clara Constanzo, sua tia, Giovana Constanzo, e sua sogra, Aldonza Bongiorno. Chegando \u00e0 Igreja de Santa Maria, ajoelharam-se em ora\u00e7\u00e3o no altar-mor.<\/p>\n<p>Ficaram sabendo, por um frade, onde era o t\u00famulo; enquanto eles rezavam, o pequeno Natal adormeceu em cima dele. Quando acordou estava curado. Ao voltarem para \u00c1vola, Margarida com o filho nos bra\u00e7os, gritava de alegria: \u201c Estou chegando de Noto, onde recebi uma gra\u00e7a pela intercess\u00e3o do tio Ant\u00f4nio: \u201cmeu filho estava com h\u00e9rnia agora est\u00e1 curado\u201d.<\/p>\n","protected":false},"excerpt":{"rendered":"<p>Atribu\u00eddos a beato Ant\u00f4nio Et\u00edope ou de Categer\u00f3 Como de costume naquele tempo, muitos raspavam o p\u00f3 que se depositava na sepultura e levavam para tomarem com \u00e1gua e darem aos doentes, muitos desses doentes atribu\u00edram a Ant\u00f4nio sua cura de doen\u00e7as incur\u00e1veis naqueles tempos. Margarida Leone conseguiu se curar de uma inflama\u00e7\u00e3o e muitas [&hellip;]<\/p>\n","protected":false},"author":1,"featured_media":8435,"parent":73,"menu_order":2,"comment_status":"open","ping_status":"open","template":"","meta":{"ngg_post_thumbnail":0,"footnotes":""},"class_list":["post-7312","page","type-page","status-publish","has-post-thumbnail","hentry"],"_links":{"self":[{"href":"https:\/\/categero.org.br\/antigo\/index.php?rest_route=\/wp\/v2\/pages\/7312","targetHints":{"allow":["GET"]}}],"collection":[{"href":"https:\/\/categero.org.br\/antigo\/index.php?rest_route=\/wp\/v2\/pages"}],"about":[{"href":"https:\/\/categero.org.br\/antigo\/index.php?rest_route=\/wp\/v2\/types\/page"}],"author":[{"embeddable":true,"href":"https:\/\/categero.org.br\/antigo\/index.php?rest_route=\/wp\/v2\/users\/1"}],"replies":[{"embeddable":true,"href":"https:\/\/categero.org.br\/antigo\/index.php?rest_route=%2Fwp%2Fv2%2Fcomments&post=7312"}],"version-history":[{"count":3,"href":"https:\/\/categero.org.br\/antigo\/index.php?rest_route=\/wp\/v2\/pages\/7312\/revisions"}],"predecessor-version":[{"id":8434,"href":"https:\/\/categero.org.br\/antigo\/index.php?rest_route=\/wp\/v2\/pages\/7312\/revisions\/8434"}],"up":[{"embeddable":true,"href":"https:\/\/categero.org.br\/antigo\/index.php?rest_route=\/wp\/v2\/pages\/73"}],"wp:featuredmedia":[{"embeddable":true,"href":"https:\/\/categero.org.br\/antigo\/index.php?rest_route=\/wp\/v2\/media\/8435"}],"wp:attachment":[{"href":"https:\/\/categero.org.br\/antigo\/index.php?rest_route=%2Fwp%2Fv2%2Fmedia&parent=7312"}],"curies":[{"name":"wp","href":"https:\/\/api.w.org\/{rel}","templated":true}]}}