{"id":7192,"date":"2014-02-05T19:20:48","date_gmt":"2014-02-05T22:20:48","guid":{"rendered":"http:\/\/categero.org.br\/?page_id=7192"},"modified":"2014-03-02T18:05:22","modified_gmt":"2014-03-02T21:05:22","slug":"a-vida-de-categero-textos","status":"publish","type":"page","link":"https:\/\/categero.org.br\/antigo\/?page_id=7192","title":{"rendered":"A vida de Categer\u00f3 &#8211; Textos"},"content":{"rendered":"<p>Textos livres, sem uma sequ\u00eancia cronol\u00f3gica, tomando por base, a bibliografia do Ms. Salvatore Gusatella, a vida do beato Ant\u00f4nio de Categer\u00f3 e o desenvolvimento de sua devo\u00e7\u00e3o no Brasil e no mundo. \u00a0O primeiro texto foi elaborado pelo pr\u00f3prio Monsenhor Salvatore, foi escrito, especialmente, para o Portal \u00a0e permite uma introdu\u00e7\u00e3o valiosa aos textos elaborados pelo portal e sua equipe.<\/p>\n<p>E os livros editados por Ms. Salvatore Guastella na Caritas diocesana de Noto sobre a vida, obra e devo\u00e7\u00e3o ao beato Ant\u00f4nio de Categer\u00f3, de Noto ou Et\u00edope.<\/p>\n<p><a href=\"http:\/\/categero.org.br\/wp-content\/uploads\/2014\/02\/pessoas-nome-CT1.jpg\"><img loading=\"lazy\" decoding=\"async\" class=\"aligncenter size-medium wp-image-8397\" alt=\"pessoas nome CT\" src=\"http:\/\/categero.org.br\/wp-content\/uploads\/2014\/02\/pessoas-nome-CT1-300x157.jpg\" width=\"300\" height=\"157\" srcset=\"https:\/\/categero.org.br\/antigo\/wp-content\/uploads\/2014\/02\/pessoas-nome-CT1-300x157.jpg 300w, https:\/\/categero.org.br\/antigo\/wp-content\/uploads\/2014\/02\/pessoas-nome-CT1.jpg 358w\" sizes=\"auto, (max-width: 300px) 100vw, 300px\" \/><\/a><\/p>\n<p>1. \u00a0 <a href=\"http:\/\/categero.org.br\/?page_id=3794\">A vida de Categer\u00f3 &#8211; Ms. Salvatore Guastella<\/a><\/p>\n<p>2. <a href=\"http:\/\/categero.org.br\/?page_id=5\">\u00a0Quem \u00e9 Categer\u00f3<\/a><\/p>\n<p>3. \u00a0<a href=\"http:\/\/categero.org.br\/?page_id=7115\">Devo\u00e7\u00e3o de Categer\u00f3 no Brasil<\/a><\/p>\n<p>4. \u00a0<a href=\"http:\/\/categero.org.br\/?page_id=7119\">Quando Categer\u00f3 chegou a S\u00e3o Paulo<\/a><\/p>\n<p>5. Santo Ant\u00f4nio de Categer\u00f3 &#8211; vida, obra e devo\u00e7\u00e3o &#8220;Fratello negro&#8221; (<a href=\"http:\/\/categero.org.br\/?page_id=8762\" target=\"_blank\">Livro<\/a>)<\/p>\n<p>6. Santo Ant\u00f4nio de Categer\u00f3 &#8211; Porcesso de beatifica\u00e7\u00e3o e outros (<a href=\"http:\/\/categero.org.br\/?page_id=8776\" target=\"_blank\">Livro<\/a>)<\/p>\n<p>&nbsp;<\/p>\n","protected":false},"excerpt":{"rendered":"<p>Textos livres, sem uma sequ\u00eancia cronol\u00f3gica, tomando por base, a bibliografia do Ms. Salvatore Gusatella, a vida do beato Ant\u00f4nio de Categer\u00f3 e o desenvolvimento de sua devo\u00e7\u00e3o no Brasil e no mundo. \u00a0O primeiro texto foi elaborado pelo pr\u00f3prio Monsenhor Salvatore, foi escrito, especialmente, para o Portal \u00a0e permite uma introdu\u00e7\u00e3o valiosa aos textos [&hellip;]<\/p>\n","protected":false},"author":1,"featured_media":8397,"parent":3714,"menu_order":2,"comment_status":"open","ping_status":"open","template":"","meta":{"ngg_post_thumbnail":0,"footnotes":""},"class_list":["post-7192","page","type-page","status-publish","has-post-thumbnail","hentry"],"_links":{"self":[{"href":"https:\/\/categero.org.br\/antigo\/index.php?rest_route=\/wp\/v2\/pages\/7192","targetHints":{"allow":["GET"]}}],"collection":[{"href":"https:\/\/categero.org.br\/antigo\/index.php?rest_route=\/wp\/v2\/pages"}],"about":[{"href":"https:\/\/categero.org.br\/antigo\/index.php?rest_route=\/wp\/v2\/types\/page"}],"author":[{"embeddable":true,"href":"https:\/\/categero.org.br\/antigo\/index.php?rest_route=\/wp\/v2\/users\/1"}],"replies":[{"embeddable":true,"href":"https:\/\/categero.org.br\/antigo\/index.php?rest_route=%2Fwp%2Fv2%2Fcomments&post=7192"}],"version-history":[{"count":13,"href":"https:\/\/categero.org.br\/antigo\/index.php?rest_route=\/wp\/v2\/pages\/7192\/revisions"}],"predecessor-version":[{"id":8780,"href":"https:\/\/categero.org.br\/antigo\/index.php?rest_route=\/wp\/v2\/pages\/7192\/revisions\/8780"}],"up":[{"embeddable":true,"href":"https:\/\/categero.org.br\/antigo\/index.php?rest_route=\/wp\/v2\/pages\/3714"}],"wp:featuredmedia":[{"embeddable":true,"href":"https:\/\/categero.org.br\/antigo\/index.php?rest_route=\/wp\/v2\/media\/8397"}],"wp:attachment":[{"href":"https:\/\/categero.org.br\/antigo\/index.php?rest_route=%2Fwp%2Fv2%2Fmedia&parent=7192"}],"curies":[{"name":"wp","href":"https:\/\/api.w.org\/{rel}","templated":true}]}}