{"id":715,"date":"2010-10-12T15:51:54","date_gmt":"2010-10-12T15:51:54","guid":{"rendered":"http:\/\/www.categero.org.br\/?page_id=715"},"modified":"2013-12-13T09:31:52","modified_gmt":"2013-12-13T12:31:52","slug":"2007-porte-luso-brasileiro-para-lusofonos-revista-de-artur-da-tavola","status":"publish","type":"page","link":"https:\/\/categero.org.br\/antigo\/?page_id=715","title":{"rendered":"2007 \u2013 Porte Luso-brasileiro para lus\u00f3fonos; Revista de Artur da T\u00e1vola"},"content":{"rendered":"<p><strong>GAVETA DE MALUCO<\/strong><br \/>\nautor: Artur da T\u00e1vola<\/p>\n<p><a href=\"http:\/\/www.categero.org.br\/wp-content\/uploads\/2010\/10\/Artur-da-T\u00e1vola.jpg\"><img loading=\"lazy\" decoding=\"async\" src=\"http:\/\/www.categero.org.br\/wp-content\/uploads\/2010\/10\/Artur-da-T\u00e1vola.jpg\" alt=\"\" title=\"Artur da T\u00e1vola\" width=\"258\" height=\"252\" class=\"alignright size-full wp-image-716\" \/><\/a> Perten\u00e7o a essa estranha esp\u00e9cie existente entre os mortais que tem a mania de guardar inexplic\u00e1veis trecos nas gavetas. Admiro os cidad\u00e3os de mesa limpinha que t\u00eam coragem de jogar fora pap\u00e9is, ora\u00e7\u00f5es no verso de santinhos, vidros velhos de homeopatia, marcadores de livros com mensagens edificantes, benjamins para alguma utilidade, fio dental, radinhos de pilha velhos.<br \/>\n              Eu n\u00e3o.<br \/>\n            Acumulo-os por motivos misteriosos pois reconhe\u00e7o inexistir qualquer l\u00f3gica ou coer\u00eancia no ato. H\u00e1 algo que d\u00f3i ao jogar fora qualquer resultado do trabalho humano. E na d\u00favida, guardo. Fios velhos, pilha que n\u00e3o gastaram at\u00e9 o fim, clips enferrujados, um olho de boi contra a inveja e o mau olhado, um pente de osso reserva do principal que anda no bolso de tr\u00e1s, dois ou tr\u00eas comprimidos (com validade vencida&#8230;) para eventual acidez estomacal, uma r\u00e9gua velha rachada, os el\u00e1sticos que recebi e n\u00e3o joguei fora, bloquinhos, uma prece milagrosa para Santo Antonio de Categer\u00f3 que diz : \u201cOh <strong>Santo Antonio de Categer\u00f3<\/strong>, estendei Vossas m\u00e3os agora mesmo sobre mim, livrando-me dos desastres, da inveja e de todas as obras malignas\u201d.<br \/>\n            L\u00e1 podem ser encontrados, ademais: um caderninho com sugest\u00f5es de rem\u00e9dios da flora que possivelmente nunca usarei mas me traz seguran\u00e7a t\u00ea-lo pois apresenta, entre tantas outras maravilhas curativas: a pomada cip\u00f3 azougue, a pomada Cal\u00eandula, palavra que ademais \u00e9 linda e fico a repetir, Cal\u00eandula, Cal\u00eandula, e aconselha ainda o afamado col\u00edrio de ciner\u00e1ria mar\u00edtima que com um nome assim elegante deve possuir formid\u00e1vel poder de sarar. E um livrinho pequeno, de capa amarela, que h\u00e1 muitos anos recebi do trovista mineiro Waldemar Pequeno onde posso ler entre quarenta outras, esta graciosa trova:<\/p>\n<p>                                                           \u201c De todos os bens do mundo,<br \/>\n                                                              jamais se alcan\u00e7a o melhor.<br \/>\n                                                              Mas dos pesares da vida,<br \/>\n                                                              O nosso \u00e9 sempre o pior.\u201d<\/p>\n<p>            Salve as minhas bugigangas! Mania de reter o que me parece latejar de boas inten\u00e7\u00f5es, esp\u00e9cie de \u201cter po\u00e9tico\u201d ao qual raramente recorro mas do qual chego a sentir a pulsa\u00e7\u00e3o de significados ocultos e meio m\u00e1gicos. Coisa de doido, de poeta ou de velho mesmo.<\/p>\n<p>Este \u00e9 o endere\u00e7o do Blog da Revista de Artur da T\u00e1vola, de onde retiramos o presente material:<br \/>\n<a href=\"http:\/\/www.caestamosnos.org\/Revista_Artur_da_Tavola\/3_2007.htm\">http:\/\/www.caestamosnos.org\/Revista_Artur_da_Tavola\/3_2007.htm<\/a><\/p>\n","protected":false},"excerpt":{"rendered":"<p>GAVETA DE MALUCO autor: Artur da T\u00e1vola Perten\u00e7o a essa estranha esp\u00e9cie existente entre os mortais que tem a mania de guardar inexplic\u00e1veis trecos nas gavetas. Admiro os cidad\u00e3os de mesa limpinha que t\u00eam coragem de jogar fora pap\u00e9is, ora\u00e7\u00f5es no verso de santinhos, vidros velhos de homeopatia, marcadores de livros com mensagens edificantes, benjamins [&hellip;]<\/p>\n","protected":false},"author":1,"featured_media":0,"parent":3848,"menu_order":0,"comment_status":"closed","ping_status":"closed","template":"","meta":{"ngg_post_thumbnail":0,"footnotes":""},"class_list":["post-715","page","type-page","status-publish","hentry"],"_links":{"self":[{"href":"https:\/\/categero.org.br\/antigo\/index.php?rest_route=\/wp\/v2\/pages\/715","targetHints":{"allow":["GET"]}}],"collection":[{"href":"https:\/\/categero.org.br\/antigo\/index.php?rest_route=\/wp\/v2\/pages"}],"about":[{"href":"https:\/\/categero.org.br\/antigo\/index.php?rest_route=\/wp\/v2\/types\/page"}],"author":[{"embeddable":true,"href":"https:\/\/categero.org.br\/antigo\/index.php?rest_route=\/wp\/v2\/users\/1"}],"replies":[{"embeddable":true,"href":"https:\/\/categero.org.br\/antigo\/index.php?rest_route=%2Fwp%2Fv2%2Fcomments&post=715"}],"version-history":[{"count":3,"href":"https:\/\/categero.org.br\/antigo\/index.php?rest_route=\/wp\/v2\/pages\/715\/revisions"}],"predecessor-version":[{"id":6017,"href":"https:\/\/categero.org.br\/antigo\/index.php?rest_route=\/wp\/v2\/pages\/715\/revisions\/6017"}],"up":[{"embeddable":true,"href":"https:\/\/categero.org.br\/antigo\/index.php?rest_route=\/wp\/v2\/pages\/3848"}],"wp:attachment":[{"href":"https:\/\/categero.org.br\/antigo\/index.php?rest_route=%2Fwp%2Fv2%2Fmedia&parent=715"}],"curies":[{"name":"wp","href":"https:\/\/api.w.org\/{rel}","templated":true}]}}