{"id":7115,"date":"2014-02-04T10:02:04","date_gmt":"2014-02-04T13:02:04","guid":{"rendered":"http:\/\/categero.org.br\/?page_id=7115"},"modified":"2014-02-21T13:36:50","modified_gmt":"2014-02-21T16:36:50","slug":"a-devocao-de-categero-no-brasil","status":"publish","type":"page","link":"https:\/\/categero.org.br\/antigo\/?page_id=7115","title":{"rendered":"3. A devo\u00e7\u00e3o de Categer\u00f3 no Brasil"},"content":{"rendered":"<p style=\"text-align: center;\"><strong>\u00a0Devo\u00e7\u00e3o avaliada atrav\u00e9s das Igrejas em que est\u00e1 entronizado<\/strong><\/p>\n<p style=\"text-align: center;\"><a href=\"http:\/\/categero.org.br\/wp-content\/uploads\/2014\/02\/DEVO\u00c7\u00c3O-NO-BR.jpg\"><img loading=\"lazy\" decoding=\"async\" class=\"aligncenter size-medium wp-image-8404\" alt=\"DEVO\u00c7\u00c3O NO BR\" src=\"http:\/\/categero.org.br\/wp-content\/uploads\/2014\/02\/DEVO\u00c7\u00c3O-NO-BR-300x168.jpg\" width=\"300\" height=\"168\" srcset=\"https:\/\/categero.org.br\/antigo\/wp-content\/uploads\/2014\/02\/DEVO\u00c7\u00c3O-NO-BR-300x168.jpg 300w, https:\/\/categero.org.br\/antigo\/wp-content\/uploads\/2014\/02\/DEVO\u00c7\u00c3O-NO-BR.jpg 347w\" sizes=\"auto, (max-width: 300px) 100vw, 300px\" \/><\/a><\/p>\n<p>&nbsp;<\/p>\n<p>Sua devo\u00e7\u00e3o foi trazida para o Brasil em 1699, para Salvador\/Bahia, na Matriz de S\u00e3o Pedro, onde foi fundada sua primeira irmandade. Logo em seguida os escravos constru\u00edram uma igreja a qual queriam para patrono o Beato Ant\u00f4nio de Categer\u00f3. Havendo impossibilidade dessa pretens\u00e3o, a igreja foi entregue para N\u00aa S\u00aa do Ros\u00e1rio, no Pelourinho, tamb\u00e9m em Salvador, hoje sendo um dos pontos tur\u00edsticos da Capital da Bahia, no Brasil. \u00c9 uma devo\u00e7\u00e3o que j\u00e1 conta com 313 anos de exist\u00eancia e a partir dali, Salvador\/Bahia percorreu o Brasil.<\/p>\n<p>Em Pernambuco existem tr\u00eas imagens que sabemos:Goiania \u2013\u00a0<a href=\"http:\/\/www.categero.org.br\/?page_id=79\">Museu da Cidade<\/a>;\u00a0Recife \u2013\u00a0<a href=\"http:\/\/www.categero.org.br\/?page_id=81\">Convento da Penha<\/a>\u00a0e a\u00a0<a href=\"http:\/\/www.categero.org.br\/?page_id=83\">Igreja de Nossa Senhora do Ros\u00e1rio dos Pretos<\/a>.<\/p>\n<p>No Rio de Janeiro existem \u00a0algumas devo\u00e7\u00f5es Cat\u00f3licas Romanas bastante \u00a0antigas, centro antigo da cidade \u00a0<a href=\"http:\/\/www.categero.org.br\/?page_id=96\">Igreja da Lampadosa<\/a>,\u00a0<a href=\"http:\/\/www.categero.org.br\/?page_id=107\">Igreja de Santo Elesb\u00e3o e Santa Efig\u00eania<\/a>, \u00a0e\u00a0a\u00a0<a href=\"http:\/\/www.categero.org.br\/?page_id=570\">Igreja da Ordem Terceira de S\u00e3o Francisco da Penit\u00eancia<\/a>\u00a0(onde h\u00e1 um complexo cultural e museu sacro) e na cidade de\u00a0Campos na\u00a0<a href=\"http:\/\/www.categero.org.br\/?page_id=1500\">Igreja N\u00aaS\u00aa da Concei\u00e7\u00e3o<\/a>; Ainda no Rio de Janeiro, no bairro da Penha a<a href=\"http:\/\/www.categero.org.br\/?page_id=111\">Par\u00f3quia Nossa Senhora da Anuncia\u00e7\u00e3o<\/a>, Cat\u00f3lica Ortodoxa Grega (onde h\u00e1 um pequeno museu do Beato Ant\u00f4nio de Categer\u00f3).<\/p>\n<p>Em Minas Gerais, n\u00e3o o sabemos na Capital Belo Horizonte, mas h\u00e1 9 cidades interioranas e perif\u00e9ricas que possuem imagem do Beato. S\u00e3o elas: Vila Rica \u2013\u00a0<a href=\"http:\/\/www.categero.org.br\/?page_id=229\">Igreja de Nossa Senhora do Ros\u00e1rio<\/a>; Passos \u2013\u00a0<a href=\"http:\/\/www.categero.org.br\/?page_id=932\">Par\u00f3quia S\u00e3o Benedito<\/a>;\u00a0Milho Verde \u2013 Igreja\u00a0<a href=\"http:\/\/www.categero.org.br\/?page_id=1053\">Matriz N\u00aa S\u00aa dos Prazeres<\/a>;\u00a0Baldim \u2013 Igreja\u00a0<a href=\"http:\/\/www.categero.org.br\/?page_id=1168\">ou Capela n\u00e3o identificada<\/a>;\u00a0Ouro Preto \u2013\u00a0<a href=\"http:\/\/www.categero.org.br\/?page_id=1175\">Igreja de Santa Efig\u00eania<\/a>;\u00a0Sabar\u00e1 \u2013\u00a0<a href=\"http:\/\/www.categero.org.br\/?page_id=1208\">Par\u00f3quia Nossa Senhora do Ros\u00e1rio<\/a>;\u00a0MG\/S\u00e3o Jo\u00e3o Del Rei \u2013\u00a0<a href=\"http:\/\/www.categero.org.br\/?page_id=1471\">Igreja da Irmandade do Ros\u00e1rio<\/a>;\u00a0Tiradentes \u2013\u00a0<a href=\"http:\/\/www.categero.org.br\/?page_id=1472\">Igreja Ros\u00e1rio dos Pretos<\/a>;\u00a0tapecerica \u2013\u00a0<a href=\"http:\/\/www.categero.org.br\/?page_id=1503\">Igreja N\u00aa S\u00aa do Ros\u00e1rio<\/a>.<\/p>\n<p>No Estado de S\u00e3o Paulo, tamb\u00e9m existem devo\u00e7\u00f5es antigas. H\u00e1 abund\u00e2ncia de igrejas com imagens do beato em templos cat\u00f3licos Romanos, como:\u00a0<a href=\"http:\/\/www.categero.org.br\/?page_id=113\">Igreja das Chagas do Ser\u00e1fico Pai S\u00e3o Farncisco (ordem 3\u00aa) ou tamb\u00e9m da Penit\u00eancia<\/a>;\u00a0<a href=\"http:\/\/www.categero.org.br\/?page_id=116\">Capela de N\u00aa S\u00aa dos Aflitos<\/a>;\u00a0\u00a0<a href=\"http:\/\/www.categero.org.br\/?page_id=119\">Igreja da Irmandade de N\u00aa S\u00aa do Ros\u00e1rio dos Pretos<\/a>;\u00a0\u00a0<a href=\"http:\/\/www.categero.org.br\/?page_id=124\">Igreja de Nossa Senhora da Acripta<\/a>;\u00a0\u00a0<a href=\"http:\/\/www.categero.org.br\/?page_id=133\">Igreja de Santa Cruz das Almas Enforcadas<\/a>;\u00a0\u00a0<a href=\"http:\/\/www.categero.org.br\/?page_id=136\">Igreja de Santa Edviges<\/a>;\u00a0\u00a0<a href=\"http:\/\/www.categero.org.br\/?page_id=138\">Igreja de Santo Amaro<\/a>;\u00a0\u00a0<a href=\"http:\/\/www.categero.org.br\/?page_id=141\">Matriz de N\u00aa S\u00aa do \u00d3<\/a>\u00a0todos na Capital. No Interior: Ilha Comprida\u00a0\u2013\u00a0<a href=\"http:\/\/www.categero.org.br\/?page_id=1183\">Capela Santo Ant\u00f4nio de Catiger\u00f3<\/a>\u00a0e\u00a0Itu \u2013\u00a0<a href=\"http:\/\/www.categero.org.br\/?page_id=1275\">Igreja de Nossa Senhora da Candel\u00e1ria<\/a>; H\u00e1 ainda na cidade de S\u00e3o Paulo um Santu\u00e1rio de igreja cat\u00f3lica Brasileira, com uma ampla gruta, fora da igreja principal, dedica ao Beato Ant\u00f4nio de Categer\u00f3.<\/p>\n<p>Na regi\u00e3o Sul do Brasil no Estado de Santa Catarina, Florian\u00f3polis \u00a0a Igreja de S\u00e3o Francisco. No Estado do Rio Grande do Sul quatro igreja de Porto Alegre e duas no Interior.\u00a0Canoas \u2013\u00a0<a href=\"http:\/\/www.categero.org.br\/?page_id=178\">Igreja S\u00e3o Paulo Ap\u00f3stolo<\/a>;\u00a0Cap\u00e3o da Canoa \u2013\u00a0<a href=\"http:\/\/www.categero.org.br\/?page_id=183\">Igreja de S\u00e3o Jos\u00e9<\/a>;\u00a0Porto Alegre \u2013\u00a0<a href=\"http:\/\/www.categero.org.br\/?page_id=186\">Igreja de S\u00e3o Carlos<\/a>;\u00a0\u2013\u00a0<a href=\"http:\/\/www.categero.org.br\/2-altares-da-fe\/6-regiao-sulbr\/igreja-sao-fra%E2%80%A6lorianopolissc\/\">Igreja S\u00e3o Francisco de Assis<\/a>;\u00a0\u2013\u00a0<a href=\"http:\/\/www.categero.org.br\/?page_id=201\">Par\u00f3quia Nossa Senhora das Gra\u00e7as<\/a>\u00a0e\u00a0\u2013\u00a0<a href=\"http:\/\/www.categero.org.br\/?page_id=209\">Santu\u00e1rio de Nossa Senhora Aparecida<\/a>;<\/p>\n<p>Este \u00e9 um rol de locais de devo\u00e7\u00e3o que n\u00e3o inclui uma s\u00e9rie de locais como empresas, quart\u00e9is e particulares que mant\u00e9m altar para devo\u00e7\u00e3o p\u00fablica. Em Salvador na Bahia est\u00e1 h\u00e1 mais de 300 anos, j\u00e1 no extremo sul do Brasil est\u00e1 h\u00e1 quatro d\u00e9cadas. Mas \u00e9 um fen\u00f4meno sua expans\u00e3o no territ\u00f3rio brasileiro haja vista que, apesar de franciscano, n\u00e3o \u00e9 levado por essa ou outra \u00a0ordem religiosa. O desenvolvimento de sua f\u00e9 j\u00e1 atinge os pa\u00edses de l\u00edngua espanhola da Am\u00e9rica Latina.<\/p>\n<p>&nbsp;<\/p>\n","protected":false},"excerpt":{"rendered":"<p>\u00a0Devo\u00e7\u00e3o avaliada atrav\u00e9s das Igrejas em que est\u00e1 entronizado &nbsp; Sua devo\u00e7\u00e3o foi trazida para o Brasil em 1699, para Salvador\/Bahia, na Matriz de S\u00e3o Pedro, onde foi fundada sua primeira irmandade. Logo em seguida os escravos constru\u00edram uma igreja a qual queriam para patrono o Beato Ant\u00f4nio de Categer\u00f3. Havendo impossibilidade dessa pretens\u00e3o, a [&hellip;]<\/p>\n","protected":false},"author":1,"featured_media":8404,"parent":7192,"menu_order":4,"comment_status":"open","ping_status":"open","template":"","meta":{"ngg_post_thumbnail":0,"footnotes":""},"class_list":["post-7115","page","type-page","status-publish","has-post-thumbnail","hentry"],"_links":{"self":[{"href":"https:\/\/categero.org.br\/antigo\/index.php?rest_route=\/wp\/v2\/pages\/7115","targetHints":{"allow":["GET"]}}],"collection":[{"href":"https:\/\/categero.org.br\/antigo\/index.php?rest_route=\/wp\/v2\/pages"}],"about":[{"href":"https:\/\/categero.org.br\/antigo\/index.php?rest_route=\/wp\/v2\/types\/page"}],"author":[{"embeddable":true,"href":"https:\/\/categero.org.br\/antigo\/index.php?rest_route=\/wp\/v2\/users\/1"}],"replies":[{"embeddable":true,"href":"https:\/\/categero.org.br\/antigo\/index.php?rest_route=%2Fwp%2Fv2%2Fcomments&post=7115"}],"version-history":[{"count":7,"href":"https:\/\/categero.org.br\/antigo\/index.php?rest_route=\/wp\/v2\/pages\/7115\/revisions"}],"predecessor-version":[{"id":8406,"href":"https:\/\/categero.org.br\/antigo\/index.php?rest_route=\/wp\/v2\/pages\/7115\/revisions\/8406"}],"up":[{"embeddable":true,"href":"https:\/\/categero.org.br\/antigo\/index.php?rest_route=\/wp\/v2\/pages\/7192"}],"wp:featuredmedia":[{"embeddable":true,"href":"https:\/\/categero.org.br\/antigo\/index.php?rest_route=\/wp\/v2\/media\/8404"}],"wp:attachment":[{"href":"https:\/\/categero.org.br\/antigo\/index.php?rest_route=%2Fwp%2Fv2%2Fmedia&parent=7115"}],"curies":[{"name":"wp","href":"https:\/\/api.w.org\/{rel}","templated":true}]}}