{"id":7102,"date":"2014-02-04T09:36:43","date_gmt":"2014-02-04T12:36:43","guid":{"rendered":"http:\/\/categero.org.br\/?page_id=7102"},"modified":"2018-06-21T22:37:38","modified_gmt":"2018-06-22T01:37:38","slug":"oracao-do-livro-antigo","status":"publish","type":"page","link":"https:\/\/categero.org.br\/antigo\/?page_id=7102","title":{"rendered":"14\u00aa Ora\u00e7\u00e3o do Livro antigo (ICAB &#8211; RJ, d\u00e9cada de 70)"},"content":{"rendered":"<p style=\"text-align: left;\"><strong>14\u00aa Ora\u00e7\u00e3o<\/strong><\/p>\n<p style=\"text-align: right;\"><em><span style=\"color: #ff0000;\"><strong>Link &#8211; &nbsp;<a href=\"http:\/\/categero.org.br\/?p=11452\" target=\"_blank\" rel=\"noopener\">Datas de Categer\u00f3<br \/>\n<\/a><\/strong><\/span><\/em><em><span style=\"color: #ff0000;\"><strong>Link &#8211; &nbsp;<span style=\"color: #000000;\"><a href=\"http:\/\/categero.org.br\/?p=11933\" target=\"_blank\" rel=\"noopener\">Perfil, Linha do Tempo e Vaticano<\/a><\/span><\/strong><\/span><\/em><\/p>\n<p style=\"text-align: center;\"><strong>PRECE MILAGROSA PARA ALCAN\u00c7AR UMA GRA\u00c7A<\/strong><\/p>\n<p style=\"text-align: center;\"><strong>URGENTE DE SANTO ANT\u00d4NIO DE CATEGER\u00d3<\/strong><\/p>\n<pre style=\"text-align: right;\">(*) Hist\u00f3rico desta ora\u00e7\u00e3o<\/pre>\n<p style=\"text-align: center;\"><a href=\"http:\/\/categero.org.br\/wp-content\/uploads\/2014\/02\/1-Capa.jpg\"><br \/>\n<img loading=\"lazy\" decoding=\"async\" width=\"140\" height=\"210\" class=\"aligncenter wp-image-7104\" alt=\"1 - Capa\" src=\"http:\/\/categero.org.br\/wp-content\/uploads\/2014\/02\/1-Capa-200x300.jpg\" srcset=\"https:\/\/categero.org.br\/antigo\/wp-content\/uploads\/2014\/02\/1-Capa-200x300.jpg 200w, https:\/\/categero.org.br\/antigo\/wp-content\/uploads\/2014\/02\/1-Capa-683x1024.jpg 683w, https:\/\/categero.org.br\/antigo\/wp-content\/uploads\/2014\/02\/1-Capa-495x741.jpg 495w, https:\/\/categero.org.br\/antigo\/wp-content\/uploads\/2014\/02\/1-Capa.jpg 831w\" sizes=\"auto, (max-width: 140px) 100vw, 140px\" \/><\/a><\/p>\n<p style=\"padding-left: 120px;\">Oh! Glorioso SANTO ANT\u00d4NIO DE CATEGER\u00d3 poderoso intercessor daqueles que a V\u00f3s, com f\u00e9 e confian\u00e7a, recorrem implorando o vosso aux\u00edlio e a vossa prote\u00e7\u00e3o.<\/p>\n<p style=\"padding-left: 120px;\">Olhai am\u00e1vel SANTO, olhai as necessidades que afligem a nossa vida, seja de ordem espiritual como material. Afastai para longe de n\u00f3s as doen\u00e7as, persegui\u00e7\u00f5es, maus esp\u00edritos, desempregos, tenta\u00e7\u00f5es, v\u00edcios e pecados.<\/p>\n<p style=\"padding-left: 120px;\">Em modo particular pedimos esta gra\u00e7a&#8230;.. (aqui fa\u00e7a o seu pedido)<\/p>\n<p style=\"padding-left: 120px;\">1\u00ba &#8211; &nbsp;Ajudai-me a salvar minha alma.<\/p>\n<p style=\"padding-left: 120px;\">2\u00ba &#8211; Empregos.<\/p>\n<p style=\"padding-left: 120px;\">3\u00ba &#8211; Pacificai a minha fam\u00edlia.<\/p>\n<p style=\"padding-left: 120px;\">4\u00ba &#8211; Dai-me sorte nos neg\u00f3cios.<\/p>\n<p style=\"padding-left: 120px;\">5\u00ba &#8211; Devolvei-me as coisas perdidas.<\/p>\n<p style=\"padding-left: 120px;\">6\u00ba &#8211; Preservai-me dos defeitos f\u00edsicos.<\/p>\n<p style=\"padding-left: 120px;\">7\u00ba &#8211; Curai-me das doen\u00e7as.<\/p>\n<p style=\"padding-left: 120px;\">8\u00ba &#8211; N\u00e3o me deixe cair em heresias.<\/p>\n<p style=\"padding-left: 120px;\">9\u00ba &#8211; Defendei-me dos acidentes.<\/p>\n<p style=\"padding-left: 120px;\">10\u00ba &#8211; Liberta\u00e7\u00e3o do v\u00edcio.<\/p>\n<p style=\"padding-left: 120px;\">11\u00ba &#8211; Fazei com que eu seja bom crist\u00e3o.<\/p>\n<p style=\"padding-left: 120px;\">12\u2022 &#8211; Liberta\u00e7\u00e3o das invejas.<\/p>\n<p style=\"padding-left: 120px;\">13\u00ba &#8211; Atendei-me a este pedido.<\/p>\n<p style=\"padding-left: 120px;\">N\u00e3o sairemos de vossos p\u00e9s sem antes termos alcan\u00e7ado a gra\u00e7a de que tanto necessitamos. Nunca ouvimos dizer que algu\u00e9m recorreu a vossa prote\u00e7\u00e3o e n\u00e3o tenha sido exautido e amparado na sua ora\u00e7\u00e3o. Tudo pedimos em nome de Jesus, Nosso Salvador.<\/p>\n<p style=\"text-align: right; padding-left: 120px;\">Assim Seja.<br \/>\n<span style=\"display: inline !important; float: none; background-color: transparent; color: #333333; cursor: text; font-family: Georgia,'Times New Roman','Bitstream Charter',Times,serif; font-size: 16px; font-style: normal; font-variant: normal; font-weight: 400; letter-spacing: normal; orphans: 2; text-align: left; text-decoration: none; text-indent: 0px; text-transform: none; -webkit-text-stroke-width: 0px; white-space: normal; word-spacing: 0px;\">Esta \u00e9 uma segunda ora\u00e7\u00e3o, tamb\u00e9m, denominada de &#8220;Milagrosa&#8221;. Ela consta na p\u00e1gina 2, juntamente, com a outra de mesma denomina\u00e7\u00e3o, em outra p\u00e1gina do mesmo folheto, de 26 p\u00e1ginas, da igreja Cat\u00f3lica Brasileira &#8211; ICAB, quando existia, no Rio de Janeiro, na d\u00e9cada de 70, na Igreja Santu\u00e1rio Santo Ant\u00f4nio de Categer\u00f3, na rua Leopoldina Rego, 917, pr\u00f3ximo \u00e0 esta\u00e7\u00e3o ferrovi\u00e1ria da Penha, com tels (no opsiculo) 270 7464 \/ 590 6869. Material produzido, apurado por nossa pesquisa, pelo Pe. Geraldo Avelino, \u00e0 \u00e9poca da ICAB, hoje, vinculado \u00e0 ICAS (Siriana), e com aquela mesma Igreja, hoje consagrada a Santo Expedito e Nossa Senhora desatadora de N\u00f3s. Em nossa publica\u00e7\u00e3o indicado abaixo, temos 15 das 26 p\u00e1ginas desse original.<\/span><\/p>\n<p style=\"text-align: right;\">Para conferir pode ir no ISSUU consultar o livro antigo de ora\u00e7\u00f5es, na <a href=\"http:\/\/issuu.com\/categero.br\/docs\/categero\">p\u00e1gina 2.<\/a><\/p>\n<p style=\"text-align: center;\"><em><span style=\"color: #ff0000;\"><strong>Link &#8211; &nbsp;<a href=\"http:\/\/categero.org.br\/?p=11452\" target=\"_blank\" rel=\"noopener\">Datas de Categer\u00f3<br \/>\n<\/a><\/strong><\/span><\/em><em><span style=\"color: #ff0000;\"><strong>Link &#8211; &nbsp;<span style=\"color: #000000;\"><a href=\"http:\/\/categero.org.br\/?p=11933\" target=\"_blank\" rel=\"noopener\">Perfil, Linha do Tempo e Vaticano<\/a><\/span><\/strong><\/span><\/em><\/p>\n","protected":false},"excerpt":{"rendered":"<p>14\u00aa Ora\u00e7\u00e3o Link &#8211; &nbsp;Datas de Categer\u00f3 Link &#8211; &nbsp;Perfil, Linha do Tempo e Vaticano PRECE MILAGROSA PARA ALCAN\u00c7AR UMA GRA\u00c7A URGENTE DE SANTO ANT\u00d4NIO DE CATEGER\u00d3 (*) Hist\u00f3rico desta ora\u00e7\u00e3o Oh! Glorioso SANTO ANT\u00d4NIO DE CATEGER\u00d3 poderoso intercessor daqueles que a V\u00f3s, com f\u00e9 e confian\u00e7a, recorrem implorando o vosso aux\u00edlio e a vossa [&hellip;]<\/p>\n","protected":false},"author":1,"featured_media":8388,"parent":3719,"menu_order":14,"comment_status":"open","ping_status":"open","template":"","meta":{"ngg_post_thumbnail":0,"footnotes":""},"class_list":["post-7102","page","type-page","status-publish","has-post-thumbnail","hentry"],"_links":{"self":[{"href":"https:\/\/categero.org.br\/antigo\/index.php?rest_route=\/wp\/v2\/pages\/7102","targetHints":{"allow":["GET"]}}],"collection":[{"href":"https:\/\/categero.org.br\/antigo\/index.php?rest_route=\/wp\/v2\/pages"}],"about":[{"href":"https:\/\/categero.org.br\/antigo\/index.php?rest_route=\/wp\/v2\/types\/page"}],"author":[{"embeddable":true,"href":"https:\/\/categero.org.br\/antigo\/index.php?rest_route=\/wp\/v2\/users\/1"}],"replies":[{"embeddable":true,"href":"https:\/\/categero.org.br\/antigo\/index.php?rest_route=%2Fwp%2Fv2%2Fcomments&post=7102"}],"version-history":[{"count":10,"href":"https:\/\/categero.org.br\/antigo\/index.php?rest_route=\/wp\/v2\/pages\/7102\/revisions"}],"predecessor-version":[{"id":13054,"href":"https:\/\/categero.org.br\/antigo\/index.php?rest_route=\/wp\/v2\/pages\/7102\/revisions\/13054"}],"up":[{"embeddable":true,"href":"https:\/\/categero.org.br\/antigo\/index.php?rest_route=\/wp\/v2\/pages\/3719"}],"wp:featuredmedia":[{"embeddable":true,"href":"https:\/\/categero.org.br\/antigo\/index.php?rest_route=\/wp\/v2\/media\/8388"}],"wp:attachment":[{"href":"https:\/\/categero.org.br\/antigo\/index.php?rest_route=%2Fwp%2Fv2%2Fmedia&parent=7102"}],"curies":[{"name":"wp","href":"https:\/\/api.w.org\/{rel}","templated":true}]}}