{"id":7097,"date":"2014-02-04T09:05:46","date_gmt":"2014-02-04T12:05:46","guid":{"rendered":"http:\/\/categero.org.br\/?page_id=7097"},"modified":"2018-06-21T22:36:49","modified_gmt":"2018-06-22T01:36:49","slug":"oracao-do-livro-da-novena","status":"publish","type":"page","link":"https:\/\/categero.org.br\/antigo\/?page_id=7097","title":{"rendered":"13\u00aa &#8211; Ora\u00e7\u00e3o &#8211; do livro da Novena"},"content":{"rendered":"<p style=\"padding-left: 30px; text-align: left;\"><strong>13\u00aa &nbsp;Ora\u00e7\u00e3o<\/strong><\/p>\n<p style=\"padding-left: 30px; text-align: center;\"><em><span style=\"color: #ff0000;\"><strong>Link &#8211; &nbsp;<a href=\"http:\/\/categero.org.br\/?p=11452\" target=\"_blank\" rel=\"noopener\">Datas de Categer\u00f3<br \/>\n<\/a><\/strong><\/span><\/em><em><span style=\"color: #ff0000;\"><strong>Link &#8211; &nbsp;<span style=\"color: #000000;\"><a href=\"http:\/\/categero.org.br\/?p=11933\" target=\"_blank\" rel=\"noopener\">Perfil, Linha do Tempo e Vaticano<\/a><\/span><\/strong><\/span><\/em><\/p>\n<p style=\"padding-left: 30px; text-align: center;\"><img loading=\"lazy\" decoding=\"async\" width=\"174\" height=\"230\" class=\"aligncenter wp-image-11224\" alt=\"3-categero-meio-corpo-color\" src=\"http:\/\/categero.org.br\/wp-content\/uploads\/2016\/12\/3.-Categer\u00f3-Meio-corpo-Color.jpg\" srcset=\"https:\/\/categero.org.br\/antigo\/wp-content\/uploads\/2016\/12\/3.-Categer\u00f3-Meio-corpo-Color.jpg 482w, https:\/\/categero.org.br\/antigo\/wp-content\/uploads\/2016\/12\/3.-Categer\u00f3-Meio-corpo-Color-227x300.jpg 227w\" sizes=\"auto, (max-width: 174px) 100vw, 174px\" \/><\/p>\n<p style=\"padding-left: 180px;\"><strong>Ora\u00e7\u00e3o a Santo Ant\u00f4nio de Categer\u00f3<\/strong><\/p>\n<p style=\"padding-left: 180px;\">\u00d3 Santo Ant\u00f4nio de Categer\u00f3,<\/p>\n<p style=\"padding-left: 180px;\">iluminai os meus passos,<\/p>\n<p style=\"padding-left: 180px;\">a fim de que, aonde quer que v\u00e1,<\/p>\n<p style=\"padding-left: 180px;\">n\u00e3o encontre empecilhos, e, guiado<\/p>\n<p style=\"padding-left: 180px;\">pela vossa luz, me desvie de todas<\/p>\n<p style=\"padding-left: 180px;\">as armadilhas preparadas<\/p>\n<p style=\"padding-left: 180px;\">pelos meus advers\u00e1rios.<\/p>\n<p style=\"padding-left: 180px;\">\u00d3 Santo Ant\u00f4nio de Categer\u00f3,<\/p>\n<p style=\"padding-left: 180px;\">aben\u00e7oai a minha fam\u00edlia,<\/p>\n<p style=\"padding-left: 180px;\">o meu p\u00e3o e a minha casa,<\/p>\n<p style=\"padding-left: 180px;\">cobrindo-nos com o v\u00e9u<\/p>\n<p style=\"padding-left: 180px;\">da prosperidade, do amor,<\/p>\n<p style=\"padding-left: 180px;\">da sa\u00fade e da felicidade<\/p>\n<p style=\"padding-left: 180px;\">para sempre. Am\u00e9m.<\/p>\n<p>Ora\u00e7\u00e3o do &nbsp;Pe. Ant\u00f4nio L\u00facio da Silva Lima, autor&nbsp;livreto &#8220;Novenas a Santo Ant\u00f4nio de Categer\u00f3&#8221;, constante da contra capa da obra e sem indica\u00e7\u00e3o de t\u00edtulo.<\/p>\n<p style=\"text-align: center;\"><a href=\"http:\/\/categero.org.br\/wp-content\/uploads\/2014\/02\/Sem-T\u00edtulo-1.jpg\"><img loading=\"lazy\" decoding=\"async\" width=\"300\" height=\"205\" class=\"aligncenter size-medium wp-image-7100\" alt=\"Sem T\u00edtulo-1\" src=\"http:\/\/categero.org.br\/wp-content\/uploads\/2014\/02\/Sem-T\u00edtulo-1-300x205.jpg\" srcset=\"https:\/\/categero.org.br\/antigo\/wp-content\/uploads\/2014\/02\/Sem-T\u00edtulo-1-300x205.jpg 300w, https:\/\/categero.org.br\/antigo\/wp-content\/uploads\/2014\/02\/Sem-T\u00edtulo-1-1024x701.jpg 1024w, https:\/\/categero.org.br\/antigo\/wp-content\/uploads\/2014\/02\/Sem-T\u00edtulo-1-495x338.jpg 495w, https:\/\/categero.org.br\/antigo\/wp-content\/uploads\/2014\/02\/Sem-T\u00edtulo-1-75x50.jpg 75w, https:\/\/categero.org.br\/antigo\/wp-content\/uploads\/2014\/02\/Sem-T\u00edtulo-1-50x35.jpg 50w\" sizes=\"auto, (max-width: 300px) 100vw, 300px\" \/><\/a><\/p>\n<p style=\"text-align: center;\"><em><span style=\"color: #ff0000;\"><strong>Link &#8211; &nbsp;<a href=\"http:\/\/categero.org.br\/?p=11452\" target=\"_blank\" rel=\"noopener\">Datas de Categer\u00f3<br \/>\n<\/a><\/strong><\/span><\/em><em><span style=\"color: #ff0000;\"><strong>Link &#8211; &nbsp;<span style=\"color: #000000;\"><a href=\"http:\/\/categero.org.br\/?p=11933\" target=\"_blank\" rel=\"noopener\">Perfil, Linha do Tempo e Vaticano<\/a><\/span><\/strong><\/span><\/em><\/p>\n<address>&nbsp;<\/address>\n","protected":false},"excerpt":{"rendered":"<p>13\u00aa &nbsp;Ora\u00e7\u00e3o Link &#8211; &nbsp;Datas de Categer\u00f3 Link &#8211; &nbsp;Perfil, Linha do Tempo e Vaticano Ora\u00e7\u00e3o a Santo Ant\u00f4nio de Categer\u00f3 \u00d3 Santo Ant\u00f4nio de Categer\u00f3, iluminai os meus passos, a fim de que, aonde quer que v\u00e1, n\u00e3o encontre empecilhos, e, guiado pela vossa luz, me desvie de todas as armadilhas preparadas pelos meus [&hellip;]<\/p>\n","protected":false},"author":1,"featured_media":7825,"parent":3719,"menu_order":13,"comment_status":"open","ping_status":"open","template":"","meta":{"ngg_post_thumbnail":0,"footnotes":""},"class_list":["post-7097","page","type-page","status-publish","has-post-thumbnail","hentry"],"_links":{"self":[{"href":"https:\/\/categero.org.br\/antigo\/index.php?rest_route=\/wp\/v2\/pages\/7097","targetHints":{"allow":["GET"]}}],"collection":[{"href":"https:\/\/categero.org.br\/antigo\/index.php?rest_route=\/wp\/v2\/pages"}],"about":[{"href":"https:\/\/categero.org.br\/antigo\/index.php?rest_route=\/wp\/v2\/types\/page"}],"author":[{"embeddable":true,"href":"https:\/\/categero.org.br\/antigo\/index.php?rest_route=\/wp\/v2\/users\/1"}],"replies":[{"embeddable":true,"href":"https:\/\/categero.org.br\/antigo\/index.php?rest_route=%2Fwp%2Fv2%2Fcomments&post=7097"}],"version-history":[{"count":10,"href":"https:\/\/categero.org.br\/antigo\/index.php?rest_route=\/wp\/v2\/pages\/7097\/revisions"}],"predecessor-version":[{"id":13093,"href":"https:\/\/categero.org.br\/antigo\/index.php?rest_route=\/wp\/v2\/pages\/7097\/revisions\/13093"}],"up":[{"embeddable":true,"href":"https:\/\/categero.org.br\/antigo\/index.php?rest_route=\/wp\/v2\/pages\/3719"}],"wp:featuredmedia":[{"embeddable":true,"href":"https:\/\/categero.org.br\/antigo\/index.php?rest_route=\/wp\/v2\/media\/7825"}],"wp:attachment":[{"href":"https:\/\/categero.org.br\/antigo\/index.php?rest_route=%2Fwp%2Fv2%2Fmedia&parent=7097"}],"curies":[{"name":"wp","href":"https:\/\/api.w.org\/{rel}","templated":true}]}}