{"id":7081,"date":"2014-02-03T22:36:58","date_gmt":"2014-02-04T01:36:58","guid":{"rendered":"http:\/\/categero.org.br\/?page_id=7081"},"modified":"2018-06-21T22:36:26","modified_gmt":"2018-06-22T01:36:26","slug":"tres-novenas-a-categero","status":"publish","type":"page","link":"https:\/\/categero.org.br\/antigo\/?page_id=7081","title":{"rendered":"Quatro novenas a Categer\u00f3"},"content":{"rendered":"<p style=\"text-align: center;\"><em><span style=\"color: #ff0000;\"><strong>Link &#8211; &nbsp;<a href=\"http:\/\/categero.org.br\/?p=11452\" target=\"_blank\" rel=\"noopener\">Datas de Categer\u00f3<br \/>\n<\/a><\/strong><\/span><\/em><em><span style=\"color: #ff0000;\"><strong>Link &#8211; &nbsp;<span style=\"color: #000000;\"><a href=\"http:\/\/categero.org.br\/?p=11933\" target=\"_blank\" rel=\"noopener\">Perfil, Linha do Tempo e Vaticano<\/a><\/span><\/strong><\/span><\/em><\/p>\n<p style=\"text-align: center;\"><img loading=\"lazy\" decoding=\"async\" width=\"174\" height=\"230\" class=\"aligncenter wp-image-11224\" alt=\"3-categero-meio-corpo-color\" src=\"http:\/\/categero.org.br\/wp-content\/uploads\/2016\/12\/3.-Categer\u00f3-Meio-corpo-Color.jpg\" srcset=\"https:\/\/categero.org.br\/antigo\/wp-content\/uploads\/2016\/12\/3.-Categer\u00f3-Meio-corpo-Color.jpg 482w, https:\/\/categero.org.br\/antigo\/wp-content\/uploads\/2016\/12\/3.-Categer\u00f3-Meio-corpo-Color-227x300.jpg 227w\" sizes=\"auto, (max-width: 174px) 100vw, 174px\" \/><\/p>\n<h3 style=\"text-align: center;\">tr\u00eas novenas coletadas pela internet<\/h3>\n<h3 style=\"text-align: center;\">e uma recebida de Ms. Salvadore Gusatella da N\u00aa S\u00aa do \u00d3 em S\u00e3o Paulo<\/h3>\n<p>&nbsp;<\/p>\n<p style=\"text-align: center;\">As novenas s\u00e3o bem diferentes, entre si, &nbsp;na formula\u00e7\u00e3o, na origem e na forma de obten\u00e7\u00e3o.<\/p>\n<p style=\"text-align: center;\"><span style=\"color: #ff0000;\">A &nbsp;4\u00aa &nbsp;novena &nbsp;\u00e9 a hist\u00f3rica de Categer\u00f3 no Brasil<\/span><\/p>\n<p>&nbsp;<\/p>\n<p><span style=\"color: #ff0000;\">1\u00aa &nbsp;NOVENA<\/span><\/p>\n<p style=\"text-align: justify;\">A primeira novena&nbsp;foi obtida na internet, faz dois anos. Estava no blog de Simpatia e Ora\u00e7\u00f5es, cujo link, hoje, j\u00e1 n\u00e3o exibe mais a novena, pois agora, \u00e9 apenas um espa\u00e7o de publicidade &nbsp;massiva, sem qualquer informa\u00e7\u00e3o. Est\u00e1 identificado e, portanto, reconhecido como fonte desta novena, pois \u00e9 o mesmo endere\u00e7o &#8211;<a href=\"http:\/\/simpatiaseoracoes.com\/novena-de-sao-antonio.php#more-2420\">&nbsp;Blog simpatia e ora\u00e7\u00f5es<\/a>&nbsp;&nbsp;No local de onde foi coletada na rede Internet, hoje j\u00e1 n\u00e3o mais est\u00e1 postada. Existe o endere\u00e7o, mas se tornou uma p\u00e1gina comercial massiva em an\u00fancios.<\/p>\n<p style=\"text-align: justify;\">Como documento religioso \u00e9 bastante simples e de linguagem nada t\u00e9cnico religiosa. T\u00edpicamente, produzida por algum devoto. O teor da novena &nbsp;\u00e9 menor do que uma p\u00e1gina de of\u00edcio (A4). E ela s\u00f3 est\u00e1 dispon\u00edvel, pois foi coletada e preservada, pelo Portal de Categer\u00f3.<\/p>\n<p style=\"text-align: justify;\">&#8211;<a href=\"http:\/\/categero.org.br\/wp-content\/uploads\/2014\/02\/1\u00aa-Novena-Categer\u00b4do-portal1.pdf\">1\u00aa Novena Categer\u00b4do portal<\/a>, em PDF, que pode ser vista, lida, ou&nbsp; baixa do Portal do ISSUU, sem qualquer custo, \u00f4nus ou risco de Spam.<\/p>\n<p><span style=\"color: #ff0000;\">2\u00aa &nbsp;NOVENA<\/span><\/p>\n<p style=\"text-align: justify;\">A segunda novena consta de um livro produzido por um sacerdote, especialista em elaborar novenas. \u00c9 autor de diversas novenas de santos. O Pe. Ant\u00f4nio L\u00facio da Silva Lima produziu a Novena a Santo Ant\u00f4nio de Categer\u00f3, em um pequeno op\u00fasculo, de 9 cm de largura, por 13 cm de altura, com 40 p\u00e1ginas, da Editora Paulus, de S\u00e3o Paulo, ao pre\u00e7o de R$ 5,12 (cinco reias e doze centavos), dispon\u00edvel na rede livreira.<\/p>\n<p style=\"text-align: justify;\">A na novena do Pe. Ant\u00f4nio L\u00facio \u00e9 um texto, muito bem elaborado e fundamentado, que est\u00e1 assentado na tradicional ora\u00e7\u00e3o de Categer\u00f3: \u201c<strong>Prece milagrosa para alcan\u00e7ar uma gra\u00e7a urgente\u201d, <\/strong>que em nosso <b>&nbsp;<\/b>&nbsp;Portal consta como a mais difundida, tradicional ou padr\u00e3o. A capa do pequeno op\u00fasculo \u00e9 ilustrado pela imagem do beato Ant\u00f4nio de Categer\u00f3, est\u00e1tua barroca, entronizada na igreja Nossa Senhora do Ros\u00e1rio dos Pretos, de Salvador, na Bahia. Em sua contra capa o padre autor expressa dois par\u00e1grafos de exalta\u00e7\u00e3o \u00e0s virtudes do beato, em forma ora\u00e7\u00e3o evocativa de b\u00ean\u00e7\u00e3os, Pena que a esta bela ora\u00e7\u00e3o n\u00e3o foi dada t\u00edtulo. Ser\u00e1 incorporada ao patrim\u00f4nio do beato de Categer\u00f3, inventariado pelo Portal. Busque sua Novena na livraria mais pr\u00f3xima.<\/p>\n<p style=\"text-align: center;\"><a href=\"http:\/\/categero.org.br\/wp-content\/uploads\/2014\/02\/Capa-Novena.jpg\"><img loading=\"lazy\" decoding=\"async\" width=\"225\" height=\"225\" class=\"aligncenter size-full wp-image-7085\" alt=\"Capa Novena\" src=\"http:\/\/categero.org.br\/wp-content\/uploads\/2014\/02\/Capa-Novena.jpg\" srcset=\"https:\/\/categero.org.br\/antigo\/wp-content\/uploads\/2014\/02\/Capa-Novena.jpg 225w, https:\/\/categero.org.br\/antigo\/wp-content\/uploads\/2014\/02\/Capa-Novena-150x150.jpg 150w, https:\/\/categero.org.br\/antigo\/wp-content\/uploads\/2014\/02\/Capa-Novena-50x50.jpg 50w\" sizes=\"auto, (max-width: 225px) 100vw, 225px\" \/><\/a><\/p>\n<p>&nbsp;<\/p>\n<p><span style=\"color: #ff0000;\">3\u00aa &nbsp;NOVENA<\/span><\/p>\n<p style=\"text-align: justify;\">A terceira novena est\u00e1 impressa em um antigo livro de ora\u00e7\u00f5es com quase 40 anos de exist\u00eancia. A obra tem 30 p\u00e1ginas, no tamanho de 9,5 cm de largura, por 13 cm de altura, com ora\u00e7\u00f5es a uma dezena de santos da igreja Siriana. Ocorre que seu uso foi polemizado por questionamentos da Diocese do Rio de Janeiro \u00e0 igreja Ortodoxa Siriana, ent\u00e3o existente, Igreja situada na Rua Leopoldina Rego, 917, no no bairro da Penha. Essa igreja dedicada ao beato Ant\u00f4nio de Categer\u00f3foi a primeira e, ainda \u00e9, a \u00fanica no Brasil e no mundo com patronato de Categer\u00f3, Hoje no endere\u00e7o est\u00e1 funcionando uma Par\u00f3chia de Santo Expedito, que em sua fachada expressa a data do in\u00edcio desse patronato, como sendo 19 de abril de 1988.<\/p>\n<p style=\"text-align: justify;\">Os desencontros entre a Diocese Romana e a igreja Siriana ocorreram em raz\u00e3o de tr\u00eas quest\u00f5es b\u00e1sicas: a cita\u00e7\u00e3o de que ora\u00e7\u00f5es, constantes, eram portadoras de \u201cAprova\u00e7\u00e3o Eclesi\u00e1stica\u201d; a cita\u00e7\u00e3o da obra do Ms. Salvatore Guastella sobre a vida de Categer\u00f3, publicado pelas Paulinas, como fundamenta\u00e7\u00e3o, j\u00e1 que um te\u00f3logo da Diocese questionava, tamb\u00e9m, o Categer\u00f3; e, principalmente, um estilo agressivo e insistente na busca de donativos \u00e0 igreja.<\/p>\n<p style=\"text-align: justify;\">No entanto, esse livreto, principalmente, pela ora\u00e7\u00e3o padr\u00e3o de Categer\u00f3 e pela novena, tinham um grande p\u00fablico e uma prociss\u00e3o anual com milhares de fieis.&nbsp; E, toda esse desentendimento das dire\u00e7\u00f5es religiosas n\u00e3o invalida os atos de f\u00e9 e devo\u00e7\u00e3o v\u00e1lidos. A novena, resgatada pelo Portal, existe e est\u00e1 dispon\u00edvel, em PDF, podendo ser vista, lida, ou&nbsp; baixada do Portal do ISSUU, sem qualquer custo, \u00f4nus ou risco de Spam. Acesse a 3\u00aa Novena de Categer\u00f3 do Portal. Ela tamb\u00e9m est\u00e1 assentada como fundamenta\u00e7\u00e3o na mesma ora\u00e7\u00e3o padr\u00e3o de Categer\u00f3:&nbsp;\u201c<strong>Prece milagrosa para alcan\u00e7ar uma gra\u00e7a urgente\u201d, <\/strong>mas l\u00e1, tamb\u00e9m, possui uma outra ora\u00e7\u00e3o a Categer\u00f3, no estilo &#8220;para alcan\u00e7ar uma gra\u00e7a urgente&#8221;, que ser\u00e1 incorporada ao patrim\u00f4nio do beato de Categer\u00f3, inventariado pelo Portal.<\/p>\n<p>&nbsp;1. &nbsp;&#8211; &nbsp;<a href=\"http:\/\/categero.org.br\/wp-content\/uploads\/2014\/02\/Categero-antigo.pdf\">3\u00aa Novena de Categero <\/a>&nbsp;PDF do Portal com somente a Novena;<\/p>\n<p>2. &nbsp;&#8211; &nbsp;<a href=\"http:\/\/issuu.com\/categero.br\/docs\/categero_antigo\">PDF<\/a>, tamb\u00e9m, s\u00f3 da Novena, depositado no ISSUU, para baixar;<\/p>\n<p>2. &nbsp;&#8211; <a href=\"http:\/\/issuu.com\/categero.br\/docs\/categero\">&nbsp;Link do ISSUU<\/a> com acesso ao op\u00fasculo completo.<\/p>\n<p>&nbsp;<\/p>\n<p><span style=\"color: #ff0000;\">4\u00aa &nbsp;NOVENA (A principal)<\/span><\/p>\n<p>A quarta novena est\u00e1 impressa em um pequeno santinho folder de tr\u00eas folhas. e tem 40 anos de exist\u00eancia. Data de 5 de maio de 1961 e est\u00e1 assinada pelo ent\u00e3o Vig\u00e1rio Geral e Bispo Auxiliar de S\u00e3o Paulo, Paulo RoIlim Loureiro. A obra est\u00e1 composta em 30 p\u00e1ginas, no tamanho de 7 cm de largura, por 15 cm de altura, com uma ora\u00e7\u00e3o hist\u00f3rica, desse mesmo Bispo, que consta no verso de um santinho da &nbsp;igreja Matriz de Nossa Senhora do \u00d3, com a mesma data.<\/p>\n<p>S\u00f3 possu\u00edmos a parte traseira do pequeno folder da novena, no entanto, j\u00e1 a t\u00ednhamos copiado por inteiro.<\/p>\n<p>Assim, postamos &nbsp;a estampa que temos da novena, abaixo, e antes o <a href=\"http:\/\/categero.org.br\/wp-content\/uploads\/2014\/02\/PDF-com-texto-completo-da-novena.pdf\">PDF com texto completo da novena<\/a>&nbsp;de Santo Ant\u00f4nio de Categer\u00f3, da Matriz do \u00d3.<\/p>\n<p style=\"text-align: center;\"><a href=\"http:\/\/categero.org.br\/wp-content\/uploads\/2014\/02\/santo-antonio-10001.jpg\"><img loading=\"lazy\" decoding=\"async\" width=\"300\" height=\"226\" class=\"aligncenter size-medium wp-image-7464\" alt=\"santo antonio 10001\" src=\"http:\/\/categero.org.br\/wp-content\/uploads\/2014\/02\/santo-antonio-10001-300x226.jpg\" srcset=\"https:\/\/categero.org.br\/antigo\/wp-content\/uploads\/2014\/02\/santo-antonio-10001-300x226.jpg 300w, https:\/\/categero.org.br\/antigo\/wp-content\/uploads\/2014\/02\/santo-antonio-10001-1024x774.jpg 1024w, https:\/\/categero.org.br\/antigo\/wp-content\/uploads\/2014\/02\/santo-antonio-10001-495x374.jpg 495w, https:\/\/categero.org.br\/antigo\/wp-content\/uploads\/2014\/02\/santo-antonio-10001-80x60.jpg 80w, https:\/\/categero.org.br\/antigo\/wp-content\/uploads\/2014\/02\/santo-antonio-10001-161x120.jpg 161w, https:\/\/categero.org.br\/antigo\/wp-content\/uploads\/2014\/02\/santo-antonio-10001.jpg 1661w\" sizes=\"auto, (max-width: 300px) 100vw, 300px\" \/><\/a><\/p>\n<p style=\"text-align: center;\"><em><span style=\"color: #ff0000;\"><strong>Link &#8211; &nbsp;<a href=\"http:\/\/categero.org.br\/?p=11452\" target=\"_blank\" rel=\"noopener\">Datas de Categer\u00f3<br \/>\n<\/a><\/strong><\/span><\/em><em><span style=\"color: #ff0000;\"><strong>Link &#8211; &nbsp;<span style=\"color: #000000;\"><a href=\"http:\/\/categero.org.br\/?p=11933\" target=\"_blank\" rel=\"noopener\">Perfil, Linha do Tempo e Vaticano<\/a><\/span><\/strong><\/span><\/em><\/p>\n","protected":false},"excerpt":{"rendered":"<p>Link &#8211; &nbsp;Datas de Categer\u00f3 Link &#8211; &nbsp;Perfil, Linha do Tempo e Vaticano tr\u00eas novenas coletadas pela internet e uma recebida de Ms. Salvadore Gusatella da N\u00aa S\u00aa do \u00d3 em S\u00e3o Paulo &nbsp; As novenas s\u00e3o bem diferentes, entre si, &nbsp;na formula\u00e7\u00e3o, na origem e na forma de obten\u00e7\u00e3o. A &nbsp;4\u00aa &nbsp;novena &nbsp;\u00e9 a [&hellip;]<\/p>\n","protected":false},"author":1,"featured_media":7825,"parent":7579,"menu_order":0,"comment_status":"open","ping_status":"open","template":"","meta":{"ngg_post_thumbnail":0,"footnotes":""},"class_list":["post-7081","page","type-page","status-publish","has-post-thumbnail","hentry"],"_links":{"self":[{"href":"https:\/\/categero.org.br\/antigo\/index.php?rest_route=\/wp\/v2\/pages\/7081","targetHints":{"allow":["GET"]}}],"collection":[{"href":"https:\/\/categero.org.br\/antigo\/index.php?rest_route=\/wp\/v2\/pages"}],"about":[{"href":"https:\/\/categero.org.br\/antigo\/index.php?rest_route=\/wp\/v2\/types\/page"}],"author":[{"embeddable":true,"href":"https:\/\/categero.org.br\/antigo\/index.php?rest_route=\/wp\/v2\/users\/1"}],"replies":[{"embeddable":true,"href":"https:\/\/categero.org.br\/antigo\/index.php?rest_route=%2Fwp%2Fv2%2Fcomments&post=7081"}],"version-history":[{"count":21,"href":"https:\/\/categero.org.br\/antigo\/index.php?rest_route=\/wp\/v2\/pages\/7081\/revisions"}],"predecessor-version":[{"id":13094,"href":"https:\/\/categero.org.br\/antigo\/index.php?rest_route=\/wp\/v2\/pages\/7081\/revisions\/13094"}],"up":[{"embeddable":true,"href":"https:\/\/categero.org.br\/antigo\/index.php?rest_route=\/wp\/v2\/pages\/7579"}],"wp:featuredmedia":[{"embeddable":true,"href":"https:\/\/categero.org.br\/antigo\/index.php?rest_route=\/wp\/v2\/media\/7825"}],"wp:attachment":[{"href":"https:\/\/categero.org.br\/antigo\/index.php?rest_route=%2Fwp%2Fv2%2Fmedia&parent=7081"}],"curies":[{"name":"wp","href":"https:\/\/api.w.org\/{rel}","templated":true}]}}