{"id":705,"date":"2010-10-12T15:32:08","date_gmt":"2010-10-12T15:32:08","guid":{"rendered":"http:\/\/www.categero.org.br\/?page_id=705"},"modified":"2013-12-13T09:30:22","modified_gmt":"2013-12-13T12:30:22","slug":"705-2","status":"publish","type":"page","link":"https:\/\/categero.org.br\/antigo\/?page_id=705","title":{"rendered":"RJ\/2007 &#8211; A Santo dos Pretos:Apropria\u00e7\u00f5es do Culto de Santa Efig\u00eania no Brasil Colonial"},"content":{"rendered":"<p><a href=\"http:\/\/www.categero.org.br\/wp-content\/uploads\/2010\/10\/19.-PDF.pdf\">19. PDF<\/a><\/p>\n<p>Autor: Anderson Jos\u00e9 M. de Oliveira<br \/>\nDoutor em Hist\u00f3ria pela Universidade Federal Fluminense. Professor Adjunto do Instituto de Aplica\u00e7\u00e3o da Universidade do Estado do Rio de Janeiro e Professor Titular do Curso de Hist\u00f3ria da Funda\u00e7\u00e3o Educacional Unificada Campograndense\/RJ.<\/p>\n<p>A exist\u00eancia da escravid\u00e3o foi um dos fatores fundamentais a<br \/>\ninterferir no processo de constru\u00e7\u00e3o da Cristandade colonial e de seu<br \/>\ndiscurso pretensamente uniformizador. Elemento fundamental na afirma\u00e7\u00e3o<br \/>\ndos interesses portugueses nos tr\u00f3picos, a escravid\u00e3o fazia parte<br \/>\nda l\u00f3gica de funcionamento da pr\u00f3pria sociedade. Compreende-se, deste<br \/>\nmodo, o papel desempenhado pela Igreja na legitima\u00e7\u00e3o do regime<br \/>\nescravista, principalmente do cativeiro africano, que se intensificou noBrasil a partir do s\u00e9culo XVII. Coube \u00e0 Igreja n\u00e3o s\u00f3 justificar a escravid\u00e3o<br \/>\nnegra, mas tamb\u00e9m garantir a inser\u00e7\u00e3o subordinada de africanos<br \/>\ne seus descendentes na Cristandade colonial, por meio da catequese.<\/p>\n<p>Portal: Constam seis cita\u00e7\u00f5es a Categer\u00f3.<\/p>\n<p>Local de onde obtivemos o trabalho: <a href=\"redalyc.uaemex.mx\/redalyc\/pdf\/770\/77003507.pdf\">redalyc.uaemex.mx\/redalyc\/pdf\/770\/77003507.pdf<\/a><\/p>\n","protected":false},"excerpt":{"rendered":"<p>19. PDF Autor: Anderson Jos\u00e9 M. de Oliveira Doutor em Hist\u00f3ria pela Universidade Federal Fluminense. Professor Adjunto do Instituto de Aplica\u00e7\u00e3o da Universidade do Estado do Rio de Janeiro e Professor Titular do Curso de Hist\u00f3ria da Funda\u00e7\u00e3o Educacional Unificada Campograndense\/RJ. A exist\u00eancia da escravid\u00e3o foi um dos fatores fundamentais a interferir no processo de [&hellip;]<\/p>\n","protected":false},"author":1,"featured_media":0,"parent":3838,"menu_order":0,"comment_status":"closed","ping_status":"closed","template":"","meta":{"ngg_post_thumbnail":0,"footnotes":""},"class_list":["post-705","page","type-page","status-publish","hentry"],"_links":{"self":[{"href":"https:\/\/categero.org.br\/antigo\/index.php?rest_route=\/wp\/v2\/pages\/705","targetHints":{"allow":["GET"]}}],"collection":[{"href":"https:\/\/categero.org.br\/antigo\/index.php?rest_route=\/wp\/v2\/pages"}],"about":[{"href":"https:\/\/categero.org.br\/antigo\/index.php?rest_route=\/wp\/v2\/types\/page"}],"author":[{"embeddable":true,"href":"https:\/\/categero.org.br\/antigo\/index.php?rest_route=\/wp\/v2\/users\/1"}],"replies":[{"embeddable":true,"href":"https:\/\/categero.org.br\/antigo\/index.php?rest_route=%2Fwp%2Fv2%2Fcomments&post=705"}],"version-history":[{"count":3,"href":"https:\/\/categero.org.br\/antigo\/index.php?rest_route=\/wp\/v2\/pages\/705\/revisions"}],"predecessor-version":[{"id":6000,"href":"https:\/\/categero.org.br\/antigo\/index.php?rest_route=\/wp\/v2\/pages\/705\/revisions\/6000"}],"up":[{"embeddable":true,"href":"https:\/\/categero.org.br\/antigo\/index.php?rest_route=\/wp\/v2\/pages\/3838"}],"wp:attachment":[{"href":"https:\/\/categero.org.br\/antigo\/index.php?rest_route=%2Fwp%2Fv2%2Fmedia&parent=705"}],"curies":[{"name":"wp","href":"https:\/\/api.w.org\/{rel}","templated":true}]}}