{"id":7049,"date":"2014-02-03T20:06:41","date_gmt":"2014-02-03T23:06:41","guid":{"rendered":"http:\/\/categero.org.br\/?page_id=7049"},"modified":"2017-04-05T22:53:59","modified_gmt":"2017-04-06T01:53:59","slug":"3a-oracao-mais-difundida-de-categero-na-internet","status":"publish","type":"page","link":"https:\/\/categero.org.br\/antigo\/?page_id=7049","title":{"rendered":"3\u00aa ora\u00e7\u00e3o mais difundida de Categer\u00f3 na Internet"},"content":{"rendered":"<p style=\"text-align: center;\"><img loading=\"lazy\" decoding=\"async\" class=\"aligncenter wp-image-11224\" src=\"http:\/\/categero.org.br\/wp-content\/uploads\/2016\/12\/3.-Categer\u00f3-Meio-corpo-Color.jpg\" alt=\"3-categero-meio-corpo-color\" width=\"208\" height=\"274\" srcset=\"https:\/\/categero.org.br\/antigo\/wp-content\/uploads\/2016\/12\/3.-Categer\u00f3-Meio-corpo-Color.jpg 482w, https:\/\/categero.org.br\/antigo\/wp-content\/uploads\/2016\/12\/3.-Categer\u00f3-Meio-corpo-Color-227x300.jpg 227w\" sizes=\"auto, (max-width: 208px) 100vw, 208px\" \/><\/p>\n<p style=\"text-align: center;\"><strong>Ora\u00e7\u00e3o a Santo Antonio de Categer\u00f3 &nbsp; (3\u00aa)&nbsp;<\/strong><\/p>\n<p>&nbsp;<\/p>\n<p style=\"padding-left: 180px;\">&nbsp;Meu cora\u00e7\u00e3o suplica um milagre!<\/p>\n<p style=\"padding-left: 180px;\">&nbsp;Penso em vosso amor constantemente.<\/p>\n<p style=\"padding-left: 180px;\">&nbsp;Ajuda-me a realizar este sonho que faz a alma pulsar.<\/p>\n<p style=\"padding-left: 180px;\">&nbsp;Quem sabe, no horizonte infinito do vosso amor, encontre guarida, meu desejo forte, meu sonho personificado de tanto querer algo t\u00e3o expressamente dif\u00edcil.<\/p>\n<p style=\"padding-left: 180px;\">&nbsp;Perd\u00e3o, n\u00e3o vivo no sobrenatural\u2026.bem queria, mas n\u00e3o consigo!<\/p>\n<p style=\"padding-left: 180px;\">&nbsp;Meu cora\u00e7\u00e3o \u00e9 humano\u2026 sonhador, esperan\u00e7a \u00e9 minha motiva\u00e7\u00e3o!<\/p>\n<p style=\"padding-left: 180px;\">&nbsp;Venha me ajudar, querido Santo de Categer\u00f3, interceda ao Pai, por mim, pelo meu pedido, que com ousadia vos pe\u00e7o, neste momento.<\/p>\n<p style=\"padding-left: 180px;\">Que Assim Seja.<\/p>\n<p style=\"text-align: center;\"><strong>&nbsp;<\/strong><\/p>\n<p style=\"padding-left: 180px; text-align: center;\"><em><span style=\"color: #ff0000;\"><strong>Link &#8211; &nbsp;<a href=\"http:\/\/categero.org.br\/?p=11452\" target=\"_blank\">Datas de Categer\u00f3<br \/>\n<\/a><\/strong><\/span><\/em><em><span style=\"color: #ff0000;\"><strong>Link &#8211; &nbsp;<span style=\"color: #000000;\"><a href=\"http:\/\/categero.org.br\/?p=11933\" target=\"_blank\">Perfil, Linha do Tempo e Vaticano<\/a><\/span><\/strong><\/span><\/em><\/p>\n<address>&nbsp;&nbsp;<\/address>\n<address style=\"padding-left: 180px;\">Junto com as duas ora\u00e7\u00f5es, anteriores, dos dois \u00faltimas postagens, na sequencia, &nbsp;comp\u00f5e um tipo de tr\u00edduo popular.&nbsp;Aparecem, sempre as tr\u00eas juntas. Exceto a primeira, que &nbsp;\u00e9 a mais divulgada.<\/address>\n<address style=\"padding-left: 180px;\"><strong>Adm do Portal<\/strong><\/address>\n","protected":false},"excerpt":{"rendered":"<p>Ora\u00e7\u00e3o a Santo Antonio de Categer\u00f3 &nbsp; (3\u00aa)&nbsp; &nbsp; &nbsp;Meu cora\u00e7\u00e3o suplica um milagre! &nbsp;Penso em vosso amor constantemente. &nbsp;Ajuda-me a realizar este sonho que faz a alma pulsar. &nbsp;Quem sabe, no horizonte infinito do vosso amor, encontre guarida, meu desejo forte, meu sonho personificado de tanto querer algo t\u00e3o expressamente dif\u00edcil. &nbsp;Perd\u00e3o, n\u00e3o vivo [&hellip;]<\/p>\n","protected":false},"author":1,"featured_media":8246,"parent":3719,"menu_order":3,"comment_status":"open","ping_status":"open","template":"","meta":{"ngg_post_thumbnail":0,"footnotes":""},"class_list":["post-7049","page","type-page","status-publish","has-post-thumbnail","hentry"],"_links":{"self":[{"href":"https:\/\/categero.org.br\/antigo\/index.php?rest_route=\/wp\/v2\/pages\/7049","targetHints":{"allow":["GET"]}}],"collection":[{"href":"https:\/\/categero.org.br\/antigo\/index.php?rest_route=\/wp\/v2\/pages"}],"about":[{"href":"https:\/\/categero.org.br\/antigo\/index.php?rest_route=\/wp\/v2\/types\/page"}],"author":[{"embeddable":true,"href":"https:\/\/categero.org.br\/antigo\/index.php?rest_route=\/wp\/v2\/users\/1"}],"replies":[{"embeddable":true,"href":"https:\/\/categero.org.br\/antigo\/index.php?rest_route=%2Fwp%2Fv2%2Fcomments&post=7049"}],"version-history":[{"count":8,"href":"https:\/\/categero.org.br\/antigo\/index.php?rest_route=\/wp\/v2\/pages\/7049\/revisions"}],"predecessor-version":[{"id":12175,"href":"https:\/\/categero.org.br\/antigo\/index.php?rest_route=\/wp\/v2\/pages\/7049\/revisions\/12175"}],"up":[{"embeddable":true,"href":"https:\/\/categero.org.br\/antigo\/index.php?rest_route=\/wp\/v2\/pages\/3719"}],"wp:featuredmedia":[{"embeddable":true,"href":"https:\/\/categero.org.br\/antigo\/index.php?rest_route=\/wp\/v2\/media\/8246"}],"wp:attachment":[{"href":"https:\/\/categero.org.br\/antigo\/index.php?rest_route=%2Fwp%2Fv2%2Fmedia&parent=7049"}],"curies":[{"name":"wp","href":"https:\/\/api.w.org\/{rel}","templated":true}]}}