{"id":701,"date":"2010-10-12T15:22:06","date_gmt":"2010-10-12T15:22:06","guid":{"rendered":"http:\/\/www.categero.org.br\/?page_id=701"},"modified":"2013-12-13T09:23:44","modified_gmt":"2013-12-13T12:23:44","slug":"18-2007ba-cultura-e-sociedade-no-antigo-centro-de-salvadormapeamento-de-referencias-culturais","status":"publish","type":"page","link":"https:\/\/categero.org.br\/antigo\/?page_id=701","title":{"rendered":"BA\/2007 &#8211; Cultura e Sociedade no Antigo Centro de Salvador: mapeamento de refer\u00eancias culturais"},"content":{"rendered":"<p>autoras:<br \/>\nCarlota de Sousa Gottschall &#8211; Economista, mestra em Comunica\u00e7\u00e3o e Cultura e coordenadora de pesquisa na Secretaria de Cultura do<br \/>\nestado da Bahia.<br \/>\nMariely Cabral de Santana &#8211; Arquiteta, doutorando do Programa de P\u00f3s-Gradua\u00e7\u00e3o em Arquitetura e Urbanismo da Faculdade de<br \/>\nArquitetura da UFBA.<\/p>\n<p>RESUMO<br \/>\nNas \u00faltimas d\u00e9cadas do s\u00e9culo XX, o Antigo Centro de Salvador, especificamente o Pelourinho, foi transformado em lugar de consumo, lazer e com\u00e9rcio, pautado no conceito de shopping a c\u00e9u aberto. Esta \u00e9poca foi marcada por altos investimentos por parte do Estado, retirada de moradores, movimenta\u00e7\u00e3o musical e apelo de marketing. Passada quase duas d\u00e9cadas do in\u00edcio deste processo, o mapeamento das refer\u00eancias culturais, nessa \u00e1rea se constata que o Antigo Centro de Salvador, ainda resguarda uma diversidade cultural&#8230;<\/p>\n<p>Nosso PDF dispon\u00edvel: <a href=\"http:\/\/www.categero.org.br\/wp-content\/uploads\/2010\/10\/18.-PDF.pdf\">18. PDF<\/a><\/p>\n<p>Local onde foi obtido o trabalho:<br \/>\n<a href=\"http:\/\/www.cult.ufba.br\/enecult2007\/CarlotadeSousaGottschal_MarielySantana.pdf\">http:\/\/www.cult.ufba.br\/enecult2007\/CarlotadeSousaGottschal_MarielySantana.pdf<\/a><\/p>\n","protected":false},"excerpt":{"rendered":"<p>autoras: Carlota de Sousa Gottschall &#8211; Economista, mestra em Comunica\u00e7\u00e3o e Cultura e coordenadora de pesquisa na Secretaria de Cultura do estado da Bahia. Mariely Cabral de Santana &#8211; Arquiteta, doutorando do Programa de P\u00f3s-Gradua\u00e7\u00e3o em Arquitetura e Urbanismo da Faculdade de Arquitetura da UFBA. RESUMO Nas \u00faltimas d\u00e9cadas do s\u00e9culo XX, o Antigo Centro [&hellip;]<\/p>\n","protected":false},"author":1,"featured_media":0,"parent":3844,"menu_order":0,"comment_status":"closed","ping_status":"closed","template":"","meta":{"ngg_post_thumbnail":0,"footnotes":""},"class_list":["post-701","page","type-page","status-publish","hentry"],"_links":{"self":[{"href":"https:\/\/categero.org.br\/antigo\/index.php?rest_route=\/wp\/v2\/pages\/701","targetHints":{"allow":["GET"]}}],"collection":[{"href":"https:\/\/categero.org.br\/antigo\/index.php?rest_route=\/wp\/v2\/pages"}],"about":[{"href":"https:\/\/categero.org.br\/antigo\/index.php?rest_route=\/wp\/v2\/types\/page"}],"author":[{"embeddable":true,"href":"https:\/\/categero.org.br\/antigo\/index.php?rest_route=\/wp\/v2\/users\/1"}],"replies":[{"embeddable":true,"href":"https:\/\/categero.org.br\/antigo\/index.php?rest_route=%2Fwp%2Fv2%2Fcomments&post=701"}],"version-history":[{"count":3,"href":"https:\/\/categero.org.br\/antigo\/index.php?rest_route=\/wp\/v2\/pages\/701\/revisions"}],"predecessor-version":[{"id":5934,"href":"https:\/\/categero.org.br\/antigo\/index.php?rest_route=\/wp\/v2\/pages\/701\/revisions\/5934"}],"up":[{"embeddable":true,"href":"https:\/\/categero.org.br\/antigo\/index.php?rest_route=\/wp\/v2\/pages\/3844"}],"wp:attachment":[{"href":"https:\/\/categero.org.br\/antigo\/index.php?rest_route=%2Fwp%2Fv2%2Fmedia&parent=701"}],"curies":[{"name":"wp","href":"https:\/\/api.w.org\/{rel}","templated":true}]}}