{"id":6982,"date":"2014-01-30T16:21:08","date_gmt":"2014-01-30T19:21:08","guid":{"rendered":"http:\/\/categero.org.br\/?page_id=6982"},"modified":"2014-02-07T05:53:35","modified_gmt":"2014-02-07T08:53:35","slug":"categero-na-africa","status":"publish","type":"page","link":"https:\/\/categero.org.br\/antigo\/?page_id=6982","title":{"rendered":"Categer\u00f3 na \u00c1frica"},"content":{"rendered":"<p>&nbsp;<\/p>\n<p>&nbsp;<\/p>\n<p style=\"text-align: center;\"><span style=\"text-decoration: underline;\">Cita\u00e7\u00e3o \u00fanica, por enquanto<\/span><\/p>\n<p>&nbsp;<\/p>\n<p>&nbsp;<\/p>\n<p><a href=\"http:\/\/categero.org.br\/?page_id=4599\">\u00c1frica \u2013 Angola: cita\u00e7\u00e3o hist\u00f3rica de Categer\u00f3<\/a><br \/>\nUm fato hist\u00f3rico, comprovado na bibliografia, que garante a possibilidade de alguma imagem ter conseguido sobreviver \u00e0 Republica Democr\u00e1tica, l\u00e1 implantada e, normalmente, revisora dos costumes religiosos.<\/p>\n","protected":false},"excerpt":{"rendered":"<p>&nbsp; &nbsp; Cita\u00e7\u00e3o \u00fanica, por enquanto &nbsp; &nbsp; \u00c1frica \u2013 Angola: cita\u00e7\u00e3o hist\u00f3rica de Categer\u00f3 Um fato hist\u00f3rico, comprovado na bibliografia, que garante a possibilidade de alguma imagem ter conseguido sobreviver \u00e0 Republica Democr\u00e1tica, l\u00e1 implantada e, normalmente, revisora dos costumes religiosos.<\/p>\n","protected":false},"author":1,"featured_media":0,"parent":1753,"menu_order":0,"comment_status":"open","ping_status":"open","template":"tpl-NoSidebar.php","meta":{"ngg_post_thumbnail":0,"footnotes":""},"class_list":["post-6982","page","type-page","status-publish","hentry"],"_links":{"self":[{"href":"https:\/\/categero.org.br\/antigo\/index.php?rest_route=\/wp\/v2\/pages\/6982","targetHints":{"allow":["GET"]}}],"collection":[{"href":"https:\/\/categero.org.br\/antigo\/index.php?rest_route=\/wp\/v2\/pages"}],"about":[{"href":"https:\/\/categero.org.br\/antigo\/index.php?rest_route=\/wp\/v2\/types\/page"}],"author":[{"embeddable":true,"href":"https:\/\/categero.org.br\/antigo\/index.php?rest_route=\/wp\/v2\/users\/1"}],"replies":[{"embeddable":true,"href":"https:\/\/categero.org.br\/antigo\/index.php?rest_route=%2Fwp%2Fv2%2Fcomments&post=6982"}],"version-history":[{"count":7,"href":"https:\/\/categero.org.br\/antigo\/index.php?rest_route=\/wp\/v2\/pages\/6982\/revisions"}],"predecessor-version":[{"id":7323,"href":"https:\/\/categero.org.br\/antigo\/index.php?rest_route=\/wp\/v2\/pages\/6982\/revisions\/7323"}],"up":[{"embeddable":true,"href":"https:\/\/categero.org.br\/antigo\/index.php?rest_route=\/wp\/v2\/pages\/1753"}],"wp:attachment":[{"href":"https:\/\/categero.org.br\/antigo\/index.php?rest_route=%2Fwp%2Fv2%2Fmedia&parent=6982"}],"curies":[{"name":"wp","href":"https:\/\/api.w.org\/{rel}","templated":true}]}}