{"id":697,"date":"2010-10-12T15:05:57","date_gmt":"2010-10-12T15:05:57","guid":{"rendered":"http:\/\/www.categero.org.br\/?page_id=697"},"modified":"2013-12-13T09:30:25","modified_gmt":"2013-12-13T12:30:25","slug":"17-2007rj-sao-jorge-do-rio-o-culto-os-significados-as-representacoes","status":"publish","type":"page","link":"https:\/\/categero.org.br\/antigo\/?page_id=697","title":{"rendered":"RJ\/2007 &#8211; S\u00e3o Jorge do Rio: O culto, os significados, as representa\u00e7\u00f5es"},"content":{"rendered":"<p>Autor: Bartolomeu Tito Figueir\u00f4a de Medeiros<br \/>\nProfessor Adjunto e pesquisador do PPGA\/UFPE<\/p>\n<p>Resumo<br \/>\nEste artigo pretende discutir quest\u00f5es da Antropologia da Religi\u00e3o, dentro do contexto urbano, relativas ao fen\u00f4meno dos cultos e rituais religiosos, \u00e0s passagens da magia para a religi\u00e3o e vice-versa, ao mesmo tempo que a incurs\u00f5es mais te\u00f3ricas com respeito \u00e0s representa\u00e7\u00f5es e \u00e0s redes de significados que estas proporcionam e delas prov\u00eam, ao sincretismo afro-kardecista-cat\u00f3lico, estudado dentro do horizonte das rela\u00e7\u00f5es que povoam o amplo espectro do relacional brasileiro.<\/p>\n<p>Nosso PDF dispon\u00edvel: <a href=\"http:\/\/www.categero.org.br\/wp-content\/uploads\/2010\/10\/17.-PDF.pdf\">17. PDF<\/a><\/p>\n<p>Portal: Fez tr\u00eas cita\u00e7\u00f5es e bastante significativas sobre Categer\u00f3<\/p>\n<p>Local de obtivemos este material: <a href=\"www.ufpe.br\/revistaanthropologicas\/internas\/volume18(2)\/Artigo_3_.pdf\">www.ufpe.br\/revistaanthropologicas\/internas\/volume18(2)\/Artigo_3_.pdf<\/a><\/p>\n","protected":false},"excerpt":{"rendered":"<p>Autor: Bartolomeu Tito Figueir\u00f4a de Medeiros Professor Adjunto e pesquisador do PPGA\/UFPE Resumo Este artigo pretende discutir quest\u00f5es da Antropologia da Religi\u00e3o, dentro do contexto urbano, relativas ao fen\u00f4meno dos cultos e rituais religiosos, \u00e0s passagens da magia para a religi\u00e3o e vice-versa, ao mesmo tempo que a incurs\u00f5es mais te\u00f3ricas com respeito \u00e0s representa\u00e7\u00f5es [&hellip;]<\/p>\n","protected":false},"author":1,"featured_media":0,"parent":3838,"menu_order":0,"comment_status":"closed","ping_status":"closed","template":"","meta":{"ngg_post_thumbnail":0,"footnotes":""},"class_list":["post-697","page","type-page","status-publish","hentry"],"_links":{"self":[{"href":"https:\/\/categero.org.br\/antigo\/index.php?rest_route=\/wp\/v2\/pages\/697","targetHints":{"allow":["GET"]}}],"collection":[{"href":"https:\/\/categero.org.br\/antigo\/index.php?rest_route=\/wp\/v2\/pages"}],"about":[{"href":"https:\/\/categero.org.br\/antigo\/index.php?rest_route=\/wp\/v2\/types\/page"}],"author":[{"embeddable":true,"href":"https:\/\/categero.org.br\/antigo\/index.php?rest_route=\/wp\/v2\/users\/1"}],"replies":[{"embeddable":true,"href":"https:\/\/categero.org.br\/antigo\/index.php?rest_route=%2Fwp%2Fv2%2Fcomments&post=697"}],"version-history":[{"count":3,"href":"https:\/\/categero.org.br\/antigo\/index.php?rest_route=\/wp\/v2\/pages\/697\/revisions"}],"predecessor-version":[{"id":6001,"href":"https:\/\/categero.org.br\/antigo\/index.php?rest_route=\/wp\/v2\/pages\/697\/revisions\/6001"}],"up":[{"embeddable":true,"href":"https:\/\/categero.org.br\/antigo\/index.php?rest_route=\/wp\/v2\/pages\/3838"}],"wp:attachment":[{"href":"https:\/\/categero.org.br\/antigo\/index.php?rest_route=%2Fwp%2Fv2%2Fmedia&parent=697"}],"curies":[{"name":"wp","href":"https:\/\/api.w.org\/{rel}","templated":true}]}}