{"id":688,"date":"2010-10-12T13:48:31","date_gmt":"2010-10-12T13:48:31","guid":{"rendered":"http:\/\/www.categero.org.br\/?page_id=688"},"modified":"2013-12-13T09:30:39","modified_gmt":"2013-12-13T12:30:39","slug":"2008sp-memorias-e-re-invencoes-de-identidades","status":"publish","type":"page","link":"https:\/\/categero.org.br\/antigo\/?page_id=688","title":{"rendered":"SP\/2008 &#8211; Mem\u00f3rias e (Re) inven\u00e7\u00f5es de Identidades"},"content":{"rendered":"<p>Autora: Ana Santiago da Silva<br \/>\nDoutoranda em Letras (UFBA)<\/p>\n<p>RESUMO:<br \/>\nA literatura de escritoras negras baianas, na contemporaneidade, configura-se como uma (re) significa\u00e7\u00e3o de si e de mem\u00f3rias coletivas. S\u00e3o cantos, em que se (re) inventam o passado, presentificando-o, atrav\u00e9s de figura\u00e7\u00f5es relacionais, din\u00e2micas e tensas. S\u00e3o recantos, inclusive, pelos quais tecem afirmativamente identidades afro-brasileiras e desconstroem representa\u00e7\u00f5es depreciativas de tra\u00e7os identit\u00e1rios.<br \/>\nPortal &#8211; Faz uma cita\u00e7\u00e3o de Categer\u00f3 comparando-o a Leduma uma entidade africana.<\/p>\n<p>Portal onde obtivemos o material. <a href=\"www.abralic.org\/anais\/cong2008\/AnaisOnline\/\">www.abralic.org\/anais\/cong2008\/AnaisOnline\/<\/a><\/p>\n<p><a href='http:\/\/www.categero.org.br\/wp-content\/uploads\/2010\/10\/16-PDF.pdf'>16 PDF<\/a><\/p>\n","protected":false},"excerpt":{"rendered":"<p>Autora: Ana Santiago da Silva Doutoranda em Letras (UFBA) RESUMO: A literatura de escritoras negras baianas, na contemporaneidade, configura-se como uma (re) significa\u00e7\u00e3o de si e de mem\u00f3rias coletivas. S\u00e3o cantos, em que se (re) inventam o passado, presentificando-o, atrav\u00e9s de figura\u00e7\u00f5es relacionais, din\u00e2micas e tensas. S\u00e3o recantos, inclusive, pelos quais tecem afirmativamente identidades afro-brasileiras [&hellip;]<\/p>\n","protected":false},"author":1,"featured_media":0,"parent":3838,"menu_order":0,"comment_status":"closed","ping_status":"closed","template":"","meta":{"ngg_post_thumbnail":0,"footnotes":""},"class_list":["post-688","page","type-page","status-publish","hentry"],"_links":{"self":[{"href":"https:\/\/categero.org.br\/antigo\/index.php?rest_route=\/wp\/v2\/pages\/688","targetHints":{"allow":["GET"]}}],"collection":[{"href":"https:\/\/categero.org.br\/antigo\/index.php?rest_route=\/wp\/v2\/pages"}],"about":[{"href":"https:\/\/categero.org.br\/antigo\/index.php?rest_route=\/wp\/v2\/types\/page"}],"author":[{"embeddable":true,"href":"https:\/\/categero.org.br\/antigo\/index.php?rest_route=\/wp\/v2\/users\/1"}],"replies":[{"embeddable":true,"href":"https:\/\/categero.org.br\/antigo\/index.php?rest_route=%2Fwp%2Fv2%2Fcomments&post=688"}],"version-history":[{"count":3,"href":"https:\/\/categero.org.br\/antigo\/index.php?rest_route=\/wp\/v2\/pages\/688\/revisions"}],"predecessor-version":[{"id":6004,"href":"https:\/\/categero.org.br\/antigo\/index.php?rest_route=\/wp\/v2\/pages\/688\/revisions\/6004"}],"up":[{"embeddable":true,"href":"https:\/\/categero.org.br\/antigo\/index.php?rest_route=\/wp\/v2\/pages\/3838"}],"wp:attachment":[{"href":"https:\/\/categero.org.br\/antigo\/index.php?rest_route=%2Fwp%2Fv2%2Fmedia&parent=688"}],"curies":[{"name":"wp","href":"https:\/\/api.w.org\/{rel}","templated":true}]}}