{"id":6,"date":"2010-09-27T22:12:12","date_gmt":"2010-09-28T01:12:12","guid":{"rendered":"http:\/\/www.categero.org.br\/?page_id=6"},"modified":"2014-02-12T10:31:43","modified_gmt":"2014-02-12T13:31:43","slug":"2-altares-da-fe","status":"publish","type":"page","link":"https:\/\/categero.org.br\/antigo\/?page_id=6","title":{"rendered":"2. Altares da F\u00e9"},"content":{"rendered":"<p>1. <a href=\"\/?page_id=12\">Conte\u00fado de Altares da F\u00e9<\/a><\/p>\n<p>2. <a href=\"http:\/\/www.categero.org.br\/?page_id=14 \">Regi\u00e3o Norte (Br)<\/a><\/p>\n<p>3. <a href=\"http:\/\/www.categero.org.br\/?page_id=20 \">Regi\u00e3o Nordeste (Br)<\/a><\/p>\n<p>4. <a href=\"http:\/\/www.categero.org.br\/?page_id=29 \">Regi\u00e3o Centro Oeste (Br)<\/a><\/p>\n<p>5. <a href=\"http:\/\/www.categero.org.br\/?page_id=31 \">Regi\u00e3o Sudeste (Br)<\/a><\/p>\n<p>6. <a href=\"http:\/\/www.categero.org.br\/?page_id=153 \">Regi\u00e3o Sul (br)<\/a><\/p>\n<p>7. <a href=\"http:\/\/www.categero.org.br\/?page_id=33 \">Europa\/It\u00e1lia e Portugal<\/a><\/p>\n<p>8. Africa<\/p>\n","protected":false},"excerpt":{"rendered":"<p>1. Conte\u00fado de Altares da F\u00e9 2. Regi\u00e3o Norte (Br) 3. Regi\u00e3o Nordeste (Br) 4. Regi\u00e3o Centro Oeste (Br) 5. Regi\u00e3o Sudeste (Br) 6. Regi\u00e3o Sul (br) 7. Europa\/It\u00e1lia e Portugal 8. Africa<\/p>\n","protected":false},"author":1,"featured_media":0,"parent":0,"menu_order":2,"comment_status":"closed","ping_status":"closed","template":"","meta":{"ngg_post_thumbnail":0,"footnotes":""},"class_list":["post-6","page","type-page","status-publish","hentry"],"_links":{"self":[{"href":"https:\/\/categero.org.br\/antigo\/index.php?rest_route=\/wp\/v2\/pages\/6","targetHints":{"allow":["GET"]}}],"collection":[{"href":"https:\/\/categero.org.br\/antigo\/index.php?rest_route=\/wp\/v2\/pages"}],"about":[{"href":"https:\/\/categero.org.br\/antigo\/index.php?rest_route=\/wp\/v2\/types\/page"}],"author":[{"embeddable":true,"href":"https:\/\/categero.org.br\/antigo\/index.php?rest_route=\/wp\/v2\/users\/1"}],"replies":[{"embeddable":true,"href":"https:\/\/categero.org.br\/antigo\/index.php?rest_route=%2Fwp%2Fv2%2Fcomments&post=6"}],"version-history":[{"count":7,"href":"https:\/\/categero.org.br\/antigo\/index.php?rest_route=\/wp\/v2\/pages\/6\/revisions"}],"predecessor-version":[{"id":7687,"href":"https:\/\/categero.org.br\/antigo\/index.php?rest_route=\/wp\/v2\/pages\/6\/revisions\/7687"}],"wp:attachment":[{"href":"https:\/\/categero.org.br\/antigo\/index.php?rest_route=%2Fwp%2Fv2%2Fmedia&parent=6"}],"curies":[{"name":"wp","href":"https:\/\/api.w.org\/{rel}","templated":true}]}}