{"id":598,"date":"2010-10-04T15:56:27","date_gmt":"2010-10-04T15:56:27","guid":{"rendered":"http:\/\/www.categero.org.br\/?page_id=598"},"modified":"2013-12-13T09:32:10","modified_gmt":"2013-12-13T12:32:10","slug":"baia-de-camara-de-lobos-por-manuel-pedro-freitas","status":"publish","type":"page","link":"https:\/\/categero.org.br\/antigo\/?page_id=598","title":{"rendered":"Ba\u00eda de C\u00e2mara de Lobos&#8221; por Manuel Pedro Freitas"},"content":{"rendered":"<p><strong>Portal de Ba\u00eda de C\u00e2mara de Lobos (Portugal)<\/strong><\/p>\n<p>Esta \u00e9 uma p\u00e1gina privada elaborada por Manuel Pedro Freitas, sobre C\u00e2mara de Lobos, um dos onze concelhos em que se encontra administrativamente dividido o arquip\u00e9lago da MADEIRA. Nela s\u00e3o dados a conhecer alguns dos aspectos hist\u00f3ricos, culturais e sociais, relacionados com este concelho, constitu\u00eddo pelas freguesias de C\u00e2mara de Lobos, do Estreito de C\u00e2mara de Lobos, da Quinta Grande, do Curral das Freiras e do Jardim da Serra.<\/p>\n<p>Local de onde foi coletado o material:  <a href=\"http:\/\/www.concelhodecamaradelobos.com\/index.html\">http:\/\/www.concelhodecamaradelobos.com\/index.html<\/a><\/p>\n<p>Descrevemos como, a partir do Portal acima, chegar ao(s) texto(s). No menu a esquerda busque: Dicionario \/ letra P \/ e role at\u00e9 Prociss\u00e3o das Cinzas. Outra forma \u00e9 atrav\u00e9s do mecanismo de Busca do Portal, a esquerda, digitando Prociss\u00e3o das Cinzas e aparecer\u00e1 o caminho para o documento.<\/p>\n<p>Ao t\u00e9rmino do texto de Prociss\u00e3o das Cinzas, dessa localidade de Portugal, segue um texto junto na mesma folha de internet um texto sobre Prociss\u00e3o das Cinzas no Brasil, conforme as indica\u00e7\u00f5es abaixo:<br \/>\nOs dois textos falam de Santo Antonio de Noto ou Categer\u00f3.<\/p>\n<p>Autor: Anderson Moura, OFS\/JUFRA<br \/>\nPublicado: In Boletim da Par\u00f3quia N. S. da Concei\u00e7\u00e3o, Nil\u00f3polis-Brasil, n. 9, p. 7, mar. 2003. <\/p>\n<p>Nosso arquivo do Material portugu\u00eas:<a href='http:\/\/www.categero.org.br\/wp-content\/uploads\/2010\/10\/Prociss\u00e3o-das-Cinzas-em-Portugal.docx'>Prociss\u00e3o das Cinzas em Portugal<\/a><br \/>\nNoss arquivo do Material brasileiro:<a href='http:\/\/www.categero.org.br\/wp-content\/uploads\/2010\/10\/A-Prociss\u00e3o-das-Cinzas-no-Brasil.docx'>A Prociss\u00e3o das Cinzas no Brasil<\/a><br \/>\nOs dois no mesmo arquivo: <a href='http:\/\/www.categero.org.br\/wp-content\/uploads\/2010\/10\/Prociss\u00e3o-das-Cinzas-2-trab4.docx'>Prociss\u00e3o das Cinzas (2 trab)<\/a><\/p>\n","protected":false},"excerpt":{"rendered":"<p>Portal de Ba\u00eda de C\u00e2mara de Lobos (Portugal) Esta \u00e9 uma p\u00e1gina privada elaborada por Manuel Pedro Freitas, sobre C\u00e2mara de Lobos, um dos onze concelhos em que se encontra administrativamente dividido o arquip\u00e9lago da MADEIRA. Nela s\u00e3o dados a conhecer alguns dos aspectos hist\u00f3ricos, culturais e sociais, relacionados com este concelho, constitu\u00eddo pelas freguesias [&hellip;]<\/p>\n","protected":false},"author":1,"featured_media":0,"parent":3848,"menu_order":0,"comment_status":"closed","ping_status":"closed","template":"","meta":{"ngg_post_thumbnail":0,"footnotes":""},"class_list":["post-598","page","type-page","status-publish","hentry"],"_links":{"self":[{"href":"https:\/\/categero.org.br\/antigo\/index.php?rest_route=\/wp\/v2\/pages\/598","targetHints":{"allow":["GET"]}}],"collection":[{"href":"https:\/\/categero.org.br\/antigo\/index.php?rest_route=\/wp\/v2\/pages"}],"about":[{"href":"https:\/\/categero.org.br\/antigo\/index.php?rest_route=\/wp\/v2\/types\/page"}],"author":[{"embeddable":true,"href":"https:\/\/categero.org.br\/antigo\/index.php?rest_route=\/wp\/v2\/users\/1"}],"replies":[{"embeddable":true,"href":"https:\/\/categero.org.br\/antigo\/index.php?rest_route=%2Fwp%2Fv2%2Fcomments&post=598"}],"version-history":[{"count":2,"href":"https:\/\/categero.org.br\/antigo\/index.php?rest_route=\/wp\/v2\/pages\/598\/revisions"}],"predecessor-version":[{"id":6021,"href":"https:\/\/categero.org.br\/antigo\/index.php?rest_route=\/wp\/v2\/pages\/598\/revisions\/6021"}],"up":[{"embeddable":true,"href":"https:\/\/categero.org.br\/antigo\/index.php?rest_route=\/wp\/v2\/pages\/3848"}],"wp:attachment":[{"href":"https:\/\/categero.org.br\/antigo\/index.php?rest_route=%2Fwp%2Fv2%2Fmedia&parent=598"}],"curies":[{"name":"wp","href":"https:\/\/api.w.org\/{rel}","templated":true}]}}