{"id":5817,"date":"2014-02-05T19:40:22","date_gmt":"2014-02-05T22:40:22","guid":{"rendered":"http:\/\/categero.org.br\/?page_id=5817"},"modified":"2014-02-21T14:28:01","modified_gmt":"2014-02-21T17:28:01","slug":"apoiador-correio-brigadiano","status":"publish","type":"page","link":"https:\/\/categero.org.br\/antigo\/?page_id=5817","title":{"rendered":"Apoiador : Jornal Correio Brigadiano"},"content":{"rendered":"<p align=\"center\">Que o Beato Ant\u00f4nio de Categer\u00f3 nos alimente com sua f\u00e9.<\/p>\n<h3 align=\"center\">O Correio Brigadiano se sente \u00fatil \u00e0 f\u00e9, em apoiar esta DEVO\u00c7\u00c3O<\/h3>\n<p align=\"center\">Nome: jornal &#8220;abc da seguran\u00e7a p\u00fablica&#8221; ou &#8220;Correio Brigadiano&#8221;<\/p>\n<p>Sede: \u00a0Rua Bispo Willian Thomaz, 61, bairro Teres\u00f3polis. CEP 91.720-030<\/p>\n<p>Cidade de Porto Alegre &#8211; Rio Grande do Sul<\/p>\n<p>Fundado em 5 e julho de 1994 \u00a0 e \u00a0\u00a0Mantenedor deste Site<\/p>\n<p style=\"text-align: center;\"><a href=\"http:\/\/categero.org.br\/wp-content\/uploads\/2014\/02\/CASA-POLOST-428-Small.jpg\"><img loading=\"lazy\" decoding=\"async\" class=\"aligncenter size-medium wp-image-7434\" alt=\"CASA POLOST-428 (Small)\" src=\"http:\/\/categero.org.br\/wp-content\/uploads\/2014\/02\/CASA-POLOST-428-Small-300x225.jpg\" width=\"300\" height=\"225\" srcset=\"https:\/\/categero.org.br\/antigo\/wp-content\/uploads\/2014\/02\/CASA-POLOST-428-Small-300x225.jpg 300w, https:\/\/categero.org.br\/antigo\/wp-content\/uploads\/2014\/02\/CASA-POLOST-428-Small-495x371.jpg 495w, https:\/\/categero.org.br\/antigo\/wp-content\/uploads\/2014\/02\/CASA-POLOST-428-Small-80x60.jpg 80w, https:\/\/categero.org.br\/antigo\/wp-content\/uploads\/2014\/02\/CASA-POLOST-428-Small-161x120.jpg 161w, https:\/\/categero.org.br\/antigo\/wp-content\/uploads\/2014\/02\/CASA-POLOST-428-Small.jpg 640w\" sizes=\"auto, (max-width: 300px) 100vw, 300px\" \/><\/a><\/p>\n<p>Al\u00e9m do jornal impresso, tamb\u00e9m, com os sites:<\/p>\n<p><a href=\"http:\/\/www.correiobrigadiano.com.br\/\">http:\/\/www.correiobrigadiano.com.br\/<\/a>\u00a0&#8211; Not\u00edcias policiais ga\u00fachas on-line<\/p>\n<p>&nbsp;<\/p>\n<p><a href=\"http:\/\/www.abcdaseguranca.org.br\/\">http:\/\/www.abcdaseguranca.org.br\/<\/a>\u00a0&#8211; Revista eletr\u00f4nica da seguran\u00e7a p\u00fablica ga\u00facha<\/p>\n<p>&nbsp;<\/p>\n<p><a href=\"http:\/\/issuu.com\/correiobrigadiano\/docs\">http:\/\/issuu.com\/correiobrigadiano\/docs<\/a>\u00a0 &#8211; \u00a0Galeria virtual dos ve\u00edculos impressos<\/p>\n<p>&nbsp;<\/p>\n<p><a href=\"http:\/\/issuu.com\/brigadiano\/docs\">http:\/\/issuu.com\/brigadiano\/docs\u00a0 &#8211; \u00a0Galeria virtual d<\/a>e livros de seguran\u00e7a p\u00fablica e brigadianos<\/p>\n<p>&nbsp;<\/p>\n<p>Aceitamos apoiadores, mas nunca ser\u00e1 feito qualquer contato, com institui\u00e7\u00e3o voltada ou denominada ao Santo Ant\u00f4nio de Categer\u00f3, com este interesse.<\/p>\n<p>&nbsp;<\/p>\n","protected":false},"excerpt":{"rendered":"<p>Que o Beato Ant\u00f4nio de Categer\u00f3 nos alimente com sua f\u00e9. O Correio Brigadiano se sente \u00fatil \u00e0 f\u00e9, em apoiar esta DEVO\u00c7\u00c3O Nome: jornal &#8220;abc da seguran\u00e7a p\u00fablica&#8221; ou &#8220;Correio Brigadiano&#8221; Sede: \u00a0Rua Bispo Willian Thomaz, 61, bairro Teres\u00f3polis. CEP 91.720-030 Cidade de Porto Alegre &#8211; Rio Grande do Sul Fundado em 5 e [&hellip;]<\/p>\n","protected":false},"author":1,"featured_media":8447,"parent":7742,"menu_order":1,"comment_status":"open","ping_status":"open","template":"","meta":{"ngg_post_thumbnail":0,"footnotes":""},"class_list":["post-5817","page","type-page","status-publish","has-post-thumbnail","hentry"],"_links":{"self":[{"href":"https:\/\/categero.org.br\/antigo\/index.php?rest_route=\/wp\/v2\/pages\/5817","targetHints":{"allow":["GET"]}}],"collection":[{"href":"https:\/\/categero.org.br\/antigo\/index.php?rest_route=\/wp\/v2\/pages"}],"about":[{"href":"https:\/\/categero.org.br\/antigo\/index.php?rest_route=\/wp\/v2\/types\/page"}],"author":[{"embeddable":true,"href":"https:\/\/categero.org.br\/antigo\/index.php?rest_route=\/wp\/v2\/users\/1"}],"replies":[{"embeddable":true,"href":"https:\/\/categero.org.br\/antigo\/index.php?rest_route=%2Fwp%2Fv2%2Fcomments&post=5817"}],"version-history":[{"count":11,"href":"https:\/\/categero.org.br\/antigo\/index.php?rest_route=\/wp\/v2\/pages\/5817\/revisions"}],"predecessor-version":[{"id":8449,"href":"https:\/\/categero.org.br\/antigo\/index.php?rest_route=\/wp\/v2\/pages\/5817\/revisions\/8449"}],"up":[{"embeddable":true,"href":"https:\/\/categero.org.br\/antigo\/index.php?rest_route=\/wp\/v2\/pages\/7742"}],"wp:featuredmedia":[{"embeddable":true,"href":"https:\/\/categero.org.br\/antigo\/index.php?rest_route=\/wp\/v2\/media\/8447"}],"wp:attachment":[{"href":"https:\/\/categero.org.br\/antigo\/index.php?rest_route=%2Fwp%2Fv2%2Fmedia&parent=5817"}],"curies":[{"name":"wp","href":"https:\/\/api.w.org\/{rel}","templated":true}]}}