{"id":570,"date":"2010-10-04T13:48:47","date_gmt":"2010-10-04T13:48:47","guid":{"rendered":"http:\/\/www.categero.org.br\/?page_id=570"},"modified":"2014-03-25T16:18:22","modified_gmt":"2014-03-25T19:18:22","slug":"rio-de-janeirorj-igreja-da-ordem-terceira-de-sao-francisco-da-penitencia","status":"publish","type":"page","link":"https:\/\/categero.org.br\/antigo\/?page_id=570","title":{"rendered":"RJ\/Rio de Janeiro &#8211; Igreja da Ordem Terceira de S\u00e3o Francisco da Penit\u00eancia"},"content":{"rendered":"<p><strong>Tem uma apar\u00eancia bastante singular<\/strong><br \/>\n<a href=\"http:\/\/www.categero.org.br\/wp-content\/uploads\/2010\/10\/Noto.jpg\"><img loading=\"lazy\" decoding=\"async\" class=\"alignleft size-medium wp-image-571\" title=\"Noto\" alt=\"\" src=\"http:\/\/www.categero.org.br\/wp-content\/uploads\/2010\/10\/Noto-260x300.jpg\" width=\"260\" height=\"300\" \/><\/a><\/p>\n<p>H\u00e1 uma imagem de Santo Antonio de Noto na Igreja da Ordem Terceira de S\u00e3o Francisco da Penit\u00eancia, no Rio de Janeiro. H\u00e1 um grupo de imagens de vestir que se encontram no espa\u00e7o-museu, localizado \u00e0 esquerda da igreja, \u00e9 constitu\u00eddo de onze imagens processionais, incluindo o Cristo, que pertenciam ao acervo da prociss\u00e3o das Cinzas no Rio de janeiro.<br \/>\nDeve ser a imagem usada nos desfiles &#8211; no quinto andor da prociss\u00e3o de Cinzas. Era este o local que exibia a imagem de Santo Ant\u00f4nio de Noto, na prociss\u00e3o de Cinzas que ocorria nos s\u00e9culos XVI e XVII. (Mat\u00e9ria postada neste Portal, sobre a referida Prociss\u00e3o tendo como fonte de Debret)<br \/>\nH\u00e1 por\u00e9m, quanto a essa imagem a d\u00favida, posta pelo autor, de ser S\u00e3o Vivaldo. No entanto, est\u00e1 cadastrado como\u00a0Santo Ant\u00f4nio de Noto (que \u00e9 Categer\u00f3), apesar da apar\u00eancia bem diferente.<\/p>\n<p>Fonte de onde foram buscados estes dados: http:\/\/www.dezenovevinte.net\/obras\/imagens_nancy.htm io de Janeiro\/RJ &#8211; Igreja da Ordem Terceira de S\u00e3o Francisco da Penit\u00eancia<\/p>\n<p style=\"text-align: center;\"><a href=\"http:\/\/www.categero.org.br\/wp-content\/uploads\/2010\/10\/Igr-SFranc-Pen-RJ.jpg\"><img loading=\"lazy\" decoding=\"async\" class=\"aligncenter size-full wp-image-1222\" title=\"Igr SFranc Pen RJ\" alt=\"\" src=\"http:\/\/www.categero.org.br\/wp-content\/uploads\/2010\/10\/Igr-SFranc-Pen-RJ.jpg\" width=\"117\" height=\"79\" \/><\/a><\/p>\n<p>Dia 30 de dezembro de 2010 visitei o Convento S\u00e3o Bento. Ele est\u00e1 ainda em obras de restaura\u00e7\u00e3o, mas est\u00e1 aberto ao p\u00fablico. O acesso \u00e9 apartir de uma entrada bastante discreta, ao final do muro (pared\u00e3o) c\u00f4ncavo tipo com um jardim, ao\u00a0lado da entrada do Metr\u00f4, no Largo da Carioca. H\u00e1 um corredor e uma escadaria que eleva para uma pracinha e a final dela uma entrada com um elevador.\u00a0Est\u00e1 em obras e n\u00e3o h\u00e1 a devida sinaliza\u00e7\u00e3o. O elevador, ao fundo e \u00e0 direita,\u00a0conduz\u00a0aos dois andares al\u00e9m do t\u00e9rreo (2\u00ba e 3\u00ba), mas \u00e9 no segundo que est\u00e3o o Museu e as\u00a0capelas de S\u00e3o Francisco da Penit\u00eancia e a de Santo Ant\u00f4nio de P\u00e1dua.<\/p>\n<p><a href=\"http:\/\/www.categero.org.br\/wp-content\/uploads\/2010\/10\/Noto_Categ-CSB.jpg\"><img loading=\"lazy\" decoding=\"async\" class=\"alignleft size-medium wp-image-1622\" title=\"Noto_Categ CSB\" alt=\"\" src=\"http:\/\/www.categero.org.br\/wp-content\/uploads\/2010\/10\/Noto_Categ-CSB-225x300.jpg\" width=\"225\" height=\"300\" \/><\/a><\/p>\n<p><a href=\"http:\/\/www.categero.org.br\/wp-content\/uploads\/2010\/10\/Noto_Categ-CSB1.jpg\"><img loading=\"lazy\" decoding=\"async\" class=\"alignright size-medium wp-image-1623\" title=\"Noto_Categ CSB1\" alt=\"\" src=\"http:\/\/www.categero.org.br\/wp-content\/uploads\/2010\/10\/Noto_Categ-CSB1-225x300.jpg\" width=\"225\" height=\"300\" \/><\/a><\/p>\n<p>&nbsp;<\/p>\n<p>Fotos tirada pelo portal em 30 de dezembro de 2010. Apesar da grande\u00a0diferen\u00e7a f\u00edsica este era o Santo Ant\u00f4nio de Categer\u00f3, com o nome de &#8220;Santo Ant\u00f4nio de Noto&#8221; que por muitas d\u00e9cadas, foi o\u00a0\u00a0quinto andor da Prociss\u00e3o de Cinzas, que percorria as ruas do Centro da cidade do Rio de Janeiro.<\/p>\n<p>H\u00e1 de se pesquisar essa diferen\u00e7a entre esta imagem e as demais existentes, nas igrejas antigas do centro do Rio, como Santo Elesb\u00e3o e Santa Efig\u00eania e\u00a0da Lampadosa, entre outras, tamb\u00e9m antigas do Estado Carioca.<\/p>\n<p>Talvez, para os devotos de Categer\u00f3, o Santo Ant\u00f4nio de Noto do Mosteiro dos Benedetinos do Rio de Janeiro, seja mais um dos diversos n\u00f3s g\u00f3rdios que se encontra ao resgatar Categer\u00f3. Mas por certo a visita a todas as instala\u00e7\u00f5es do complexo \u00e9 gratificante.<\/p>\n<p>H\u00e1 um\u00a0prospecto patrocinado pelo BNDS que se recebe ao entrar\u00a0nesse complexo cultural e que \u00a0expressa &#8220;j\u00f3ia rara do barroco brasileiro&#8221;.\u00a0\u00c9 a plena verdade. O endere\u00e7o de internet que consta no panfleto n\u00e3o funciona o que \u00e9 uma l\u00e1stima, pois n\u00e3o existem informa\u00e7\u00f5es virtuais sobre esse maravilhoso patrim\u00f4nio cultural brasileiro. O linck recomendado\u00a0 \u00e9 <a href=\"http:\/\/www.bndes.gov.br\/culutral\/patrimonio\">www.bndes.gov.br\/cultutra\/patrimonio<\/a> est\u00e1 quebrado. Em raz\u00e3o disso estamos disponibilizando uma c\u00f3pia PDF do referido prospecto.<\/p>\n","protected":false},"excerpt":{"rendered":"<p>Tem uma apar\u00eancia bastante singular H\u00e1 uma imagem de Santo Antonio de Noto na Igreja da Ordem Terceira de S\u00e3o Francisco da Penit\u00eancia, no Rio de Janeiro. H\u00e1 um grupo de imagens de vestir que se encontram no espa\u00e7o-museu, localizado \u00e0 esquerda da igreja, \u00e9 constitu\u00eddo de onze imagens processionais, incluindo o Cristo, que pertenciam [&hellip;]<\/p>\n","protected":false},"author":1,"featured_media":8520,"parent":8865,"menu_order":0,"comment_status":"closed","ping_status":"closed","template":"","meta":{"ngg_post_thumbnail":0,"footnotes":""},"class_list":["post-570","page","type-page","status-publish","has-post-thumbnail","hentry"],"_links":{"self":[{"href":"https:\/\/categero.org.br\/antigo\/index.php?rest_route=\/wp\/v2\/pages\/570","targetHints":{"allow":["GET"]}}],"collection":[{"href":"https:\/\/categero.org.br\/antigo\/index.php?rest_route=\/wp\/v2\/pages"}],"about":[{"href":"https:\/\/categero.org.br\/antigo\/index.php?rest_route=\/wp\/v2\/types\/page"}],"author":[{"embeddable":true,"href":"https:\/\/categero.org.br\/antigo\/index.php?rest_route=\/wp\/v2\/users\/1"}],"replies":[{"embeddable":true,"href":"https:\/\/categero.org.br\/antigo\/index.php?rest_route=%2Fwp%2Fv2%2Fcomments&post=570"}],"version-history":[{"count":4,"href":"https:\/\/categero.org.br\/antigo\/index.php?rest_route=\/wp\/v2\/pages\/570\/revisions"}],"predecessor-version":[{"id":8890,"href":"https:\/\/categero.org.br\/antigo\/index.php?rest_route=\/wp\/v2\/pages\/570\/revisions\/8890"}],"up":[{"embeddable":true,"href":"https:\/\/categero.org.br\/antigo\/index.php?rest_route=\/wp\/v2\/pages\/8865"}],"wp:featuredmedia":[{"embeddable":true,"href":"https:\/\/categero.org.br\/antigo\/index.php?rest_route=\/wp\/v2\/media\/8520"}],"wp:attachment":[{"href":"https:\/\/categero.org.br\/antigo\/index.php?rest_route=%2Fwp%2Fv2%2Fmedia&parent=570"}],"curies":[{"name":"wp","href":"https:\/\/api.w.org\/{rel}","templated":true}]}}