{"id":522,"date":"2010-10-03T01:23:21","date_gmt":"2010-10-03T01:23:21","guid":{"rendered":"http:\/\/www.categero.org.br\/?page_id=522"},"modified":"2013-12-13T09:31:09","modified_gmt":"2013-12-13T12:31:09","slug":"sec-xvi-e-xviirj-antiga-procissao-de-categero","status":"publish","type":"page","link":"https:\/\/categero.org.br\/antigo\/?page_id=522","title":{"rendered":"Debret registrou Santo Antonio de Noto nas Prociss\u00f5es do Rio nos s\u00e9c XVI e XVII"},"content":{"rendered":"<p><strong>S\u00e9c XVI e XVII\/RJ &#8211; Antiga prociss\u00e3o com Categer\u00f3 (Noto)<\/strong><br \/>\n<a href=\"http:\/\/www.categero.org.br\/wp-content\/uploads\/2010\/10\/Espa\u00e7o-museu-da-igrj-da-ord-3\u00aa-de-SFranc-Penit-RJ.jpg\"><img loading=\"lazy\" decoding=\"async\" src=\"http:\/\/www.categero.org.br\/wp-content\/uploads\/2010\/10\/Espa\u00e7o-museu-da-igrj-da-ord-3\u00aa-de-SFranc-Penit-RJ-300x267.jpg\" alt=\"\" title=\"Espa\u00e7o museu da igrj da ord 3\u00aa de SFranc Penit RJ\" width=\"300\" height=\"267\" class=\"aligncenter size-medium wp-image-526\" \/><\/a><\/p>\n<p>Fonte de onde foram buscados estes dados: http:\/\/www.dezenovevinte.net\/obras\/imagens_nancy.htm <\/p>\n<p>Uma imagem grande de Santo Antonio de Categer\u00f3 (Noto) compunha o 5\u00ba andor na Prociss\u00e3o de Cinzas do Rio de Janeiro nos s\u00e9culos XVI e XVII.<br \/>\nA tradicional Prociss\u00e3o de Cinzas, no Rio de Janeiro, em seu dispositivo era composta pelos membros mais abastados e influentes da sociedade carioca. Era organizada anualmente a partir de 1650. A Prociss\u00e3o, na quarta-feira de Cinzas, anunciava o tempo de Quaresma e Penit\u00eancia que se iniciava. O primeiro cortejo (1\u00aa edi\u00e7\u00e3o do evento) saiu com vinte andores, e assim se manteve at\u00e9 1758, quando uma forte tempestade destruiu os objetos e alfaias. Em 1850 foi reorganizada, saindo com um s\u00e9quito constitu\u00eddo de doze andores.<br \/>\nSegundo Debret \u201cEsta prociss\u00e3o, que tem a reputa\u00e7\u00e3o ali\u00e1s justa de apresentar aos fi\u00e9is o maior n\u00famero de imagens esculpidas, durava quatro horas; regressa noite fechada e o seu percurso se enche, sem descontinuar, de uma multid\u00e3o de espectadores nacionais e estrangeiros\u201d. (DEBRET, 1839, p. 373-374). A prociss\u00e3o das Cinzas acontecia em 1650 na seguinte disposi\u00e7\u00e3o: o pomposo  s\u00e9quito era inaugurado por oficiais, anjos e portadores de candelabros e cruzes. O primeiro andor apresentava um casal de reis. Em seguida, vinha um andor com imagens representando S\u00e3o Francisco com a cruz, ao lado de Cristo tamb\u00e9m com a cruz, aludindo \u00e0 similaridade da vida de S. Francisco com a de Jesus Cristo. O terceiro andor trazia o conjunto da C\u00faria, representando a entrega da Regra de S\u00e3o Francisco ao papa, assistida pelos cardeais. O quarto andor trazia \u201cum rei e uma rainha de p\u00e9\u201d. <strong>O quinto andor exibia a imagem de Santo Ant\u00f4nio de Noto. <\/strong>Seguia-se Nossa Senhora da Concei\u00e7\u00e3o, a padroeira da Ordem. Logo em seguida, a imagem de Santa Margarida de Cortona, a pecadora arrependida. O andor seguinte vinha com a representa\u00e7\u00e3o de S\u00e3o Francisco e o Senhor crucificado. Ap\u00f3s este, aparecia o andor de S\u00e3o Roque seguido pelo de S\u00e3o Lu\u00eds, Rei de Fran\u00e7a, e logo atr\u00e1s, Santa Isabel, rainha de Portugal. O \u00faltimo andor, que encerrava a prociss\u00e3o, era a cena marcante do recebimento das chagas, em que S\u00e3o Francisco adora o Cristo Ser\u00e1fico na cruz e dele recebe os estigmas.  <\/p>\n<p><a href=\"http:\/\/www.categero.org.br\/?attachment_id=1490\" rel=\"attachment wp-att-1490\"><img loading=\"lazy\" decoding=\"async\" src=\"http:\/\/categero.org.br\/wp-content\/uploads\/santonio_de-Noto-Muse-da-Ord-3\u00aa-SFranc-RJ3-260x300.jpg\" alt=\"\" title=\"santonio_de Noto - Muse da Ord 3\u00aa SFranc RJ\" width=\"260\" height=\"300\" class=\"aligncenter size-medium wp-image-1490\" \/><\/a><\/p>\n","protected":false},"excerpt":{"rendered":"<p>S\u00e9c XVI e XVII\/RJ &#8211; Antiga prociss\u00e3o com Categer\u00f3 (Noto) Fonte de onde foram buscados estes dados: http:\/\/www.dezenovevinte.net\/obras\/imagens_nancy.htm Uma imagem grande de Santo Antonio de Categer\u00f3 (Noto) compunha o 5\u00ba andor na Prociss\u00e3o de Cinzas do Rio de Janeiro nos s\u00e9culos XVI e XVII. A tradicional Prociss\u00e3o de Cinzas, no Rio de Janeiro, em seu [&hellip;]<\/p>\n","protected":false},"author":1,"featured_media":0,"parent":3846,"menu_order":0,"comment_status":"closed","ping_status":"closed","template":"","meta":{"ngg_post_thumbnail":0,"footnotes":""},"class_list":["post-522","page","type-page","status-publish","hentry"],"_links":{"self":[{"href":"https:\/\/categero.org.br\/antigo\/index.php?rest_route=\/wp\/v2\/pages\/522","targetHints":{"allow":["GET"]}}],"collection":[{"href":"https:\/\/categero.org.br\/antigo\/index.php?rest_route=\/wp\/v2\/pages"}],"about":[{"href":"https:\/\/categero.org.br\/antigo\/index.php?rest_route=\/wp\/v2\/types\/page"}],"author":[{"embeddable":true,"href":"https:\/\/categero.org.br\/antigo\/index.php?rest_route=\/wp\/v2\/users\/1"}],"replies":[{"embeddable":true,"href":"https:\/\/categero.org.br\/antigo\/index.php?rest_route=%2Fwp%2Fv2%2Fcomments&post=522"}],"version-history":[{"count":3,"href":"https:\/\/categero.org.br\/antigo\/index.php?rest_route=\/wp\/v2\/pages\/522\/revisions"}],"predecessor-version":[{"id":5130,"href":"https:\/\/categero.org.br\/antigo\/index.php?rest_route=\/wp\/v2\/pages\/522\/revisions\/5130"}],"up":[{"embeddable":true,"href":"https:\/\/categero.org.br\/antigo\/index.php?rest_route=\/wp\/v2\/pages\/3846"}],"wp:attachment":[{"href":"https:\/\/categero.org.br\/antigo\/index.php?rest_route=%2Fwp%2Fv2%2Fmedia&parent=522"}],"curies":[{"name":"wp","href":"https:\/\/api.w.org\/{rel}","templated":true}]}}