{"id":520,"date":"2010-10-03T01:21:23","date_gmt":"2010-10-03T01:21:23","guid":{"rendered":"http:\/\/www.categero.org.br\/?page_id=520"},"modified":"2017-10-18T21:21:31","modified_gmt":"2017-10-19T00:21:31","slug":"historia-da-paroquia-de-sao-pedro","status":"publish","type":"page","link":"https:\/\/categero.org.br\/antigo\/?page_id=520","title":{"rendered":"Hist\u00f3ria da Par\u00f3quia de S\u00e3o Pedro, Por Get\u00falio Tanajura Machado"},"content":{"rendered":"<div id=\"attachment_12736\" style=\"width: 509px\" class=\"wp-caption aligncenter\"><img loading=\"lazy\" decoding=\"async\" aria-describedby=\"caption-attachment-12736\" class=\"wp-image-12736\" src=\"http:\/\/categero.org.br\/wp-content\/uploads\/2010\/10\/Igr-Mtz-de-S\u00e3o-Pedro-GM-Denival-Lima-Out16-.jpg\" alt=\"\" width=\"499\" height=\"625\" srcset=\"https:\/\/categero.org.br\/antigo\/wp-content\/uploads\/2010\/10\/Igr-Mtz-de-S\u00e3o-Pedro-GM-Denival-Lima-Out16-.jpg 570w, https:\/\/categero.org.br\/antigo\/wp-content\/uploads\/2010\/10\/Igr-Mtz-de-S\u00e3o-Pedro-GM-Denival-Lima-Out16--239x300.jpg 239w, https:\/\/categero.org.br\/antigo\/wp-content\/uploads\/2010\/10\/Igr-Mtz-de-S\u00e3o-Pedro-GM-Denival-Lima-Out16--495x620.jpg 495w\" sizes=\"auto, (max-width: 499px) 100vw, 499px\" \/><p id=\"caption-attachment-12736\" class=\"wp-caption-text\">Foto da igreja Matriz de S\u00e3o Pedro, Salvador, na Bahia, clicada para o Googlemaps por Denival Lima, em Out16<\/p><\/div>\n<p>.<\/p>\n<p>A igreja S\u00e3o Pedro, de Salvador, na Bahia, deve ser a mais antiga devo\u00e7\u00e3o de Santo Antonio de Categer\u00f3 no Brasil. A informa\u00e7\u00e3o \u00e9 registrada no pr\u00f3prio hist\u00f3rico daquela organiza\u00e7\u00e3o religiosa.<br \/>\nForam retirados dois excertos (par\u00e1gaafos) da hist\u00f3ria da Matriz de S\u00e3o Pedro, em Salvador\/BA, do texto de autoria de Get\u00falioTanajura Machado, publicado no site http:\/\/www.paroquiadesaopedro.org\/anexos\/historia.pdf de um total de 18 p\u00e1ginas de texto, daquilo que nos parece significativo para Santo Antonio de Categer\u00f3.<\/p>\n<p style=\"text-align: left;\">Em 1661, foi erguida a portada do Forte, chamado de S\u00e3o Pedro, em pedra e cal. A Freguesia de S\u00e3o Pedro foi criada em 1.679, pelo primeiro arcebispo da Bahia, dom Gaspar Barata de Mendon\u00e7a. Em 9 de ezembro de 1692, uma carta-r\u00e9gia dirigida ao governador Ant\u00f4nio Luiz Gon\u00e7alves da C\u00e2mara Coutinho ordenava que se tratasse com Francisco Ferreira, administrador e mediato sucessor da capela que pertencia a Ant\u00f4nio Cordeiro, para ceder ao rei de Portugal, dom Pedro II, o padroado e direito livre da igreja. A mesma carta-r\u00e9gia dizia que e constru\u00edsse uma nova igreja a cargo da Fazenda Real por n\u00e3o ter o dito administrador e cursos para tal e, que o primitivo altar fosse transferido para a nova igreja que serviria de matriz da Freguesia. Segundo a tradi\u00e7\u00e3o, aquela capela estava em estado prec\u00e1rio e abalada a sua estrutura devido as vibra\u00e7\u00f5es causadas pelos tiros dos canh\u00f5es do forte.<br \/>\n&#8230;&#8230;&#8230;&#8230;&#8230;<br \/>\nOS ALTARES<br \/>\nNo altar-mor, composto por tr\u00eas nichos, est\u00e3o a imagens de S\u00e3o Pedro, o padroeiro, ao centro (em madeira, s\u00e9c. XVIII), de Nossa Senhora da Concei\u00e7\u00e3o, ao lado esquerdo, (em madeira), de S\u00e3o Jos\u00e9 (em gesso), ao lado direito do altar, com o sacr\u00e1rio de prata lavrada (s\u00e9c. XVIII) ao centro e abaixo da imagem de S\u00e3o Pedro. Ao lado esquerdo do altar-mor est\u00e1 a imagem de Santo Ant\u00f4nio de Categer\u00f3 (em madeira, s\u00e9c. XVIII), no lado oposto, em frente, a imagem de Santo Ant\u00f4nio de P\u00e1dua (em gesso). Nas seis capelas laterais est\u00e3o, \u00e0 direita de quem entra, no primeiro altar, a imagem de Nossa Senhora das Candeias (em madeira); no segundo, as imagens de S\u00e3o Paulo (em gesso), de S\u00e3o Jo\u00e3o de Deus (em madeira) e a de Santa M\u00f4nica (em madeira); no terceiro est\u00e3o a imagem do Senhor Bom Jesus da Paci\u00eancia (em madeira, s\u00e9c. XIX), encimado uma pequena gruta com as imagens de Nossa Senhora de Lourdes e Santa Bernadete (em gesso). No lado esquerdo de quem entra, no primeiro altar, est\u00e1 a imagem de Nossa Senhora das Dores (em madeira, de roca); no segundo, as imagens do Sagrado Cora\u00e7\u00e3o de Jesus (em gesso) e de Santa Margarida Maria (em madeira); no terceiro, a imagem de Nossa Senhora da Piedade (em madeira) e ainda em um terceiro altar de madeira a imagem de Santa Teresinha do Menino Jesus (em gesso, vinda de Lisieux, doada \u00e0 igreja pela fam\u00edlia de Isabel Loureiro Maior em 15\/12\/1992).<\/p>\n<p style=\"text-align: right;\">Dr.&nbsp;Get\u00falio Tanajura Machado<\/p>\n<p style=\"text-align: center;\">&#8230;&#8230;&#8230;&#8230;&#8230;&#8230;&#8230;<\/p>\n<p style=\"text-align: center;\"><img loading=\"lazy\" decoding=\"async\" class=\"aligncenter size-full wp-image-12737\" src=\"http:\/\/categero.org.br\/wp-content\/uploads\/2010\/10\/Sao-Pedro-SalvBA-1.jpg\" alt=\"\" width=\"397\" height=\"198\" srcset=\"https:\/\/categero.org.br\/antigo\/wp-content\/uploads\/2010\/10\/Sao-Pedro-SalvBA-1.jpg 397w, https:\/\/categero.org.br\/antigo\/wp-content\/uploads\/2010\/10\/Sao-Pedro-SalvBA-1-300x150.jpg 300w\" sizes=\"auto, (max-width: 397px) 100vw, 397px\" \/><\/p>\n","protected":false},"excerpt":{"rendered":"<p>. A igreja S\u00e3o Pedro, de Salvador, na Bahia, deve ser a mais antiga devo\u00e7\u00e3o de Santo Antonio de Categer\u00f3 no Brasil. A informa\u00e7\u00e3o \u00e9 registrada no pr\u00f3prio hist\u00f3rico daquela organiza\u00e7\u00e3o religiosa. Foram retirados dois excertos (par\u00e1gaafos) da hist\u00f3ria da Matriz de S\u00e3o Pedro, em Salvador\/BA, do texto de autoria de Get\u00falioTanajura Machado, publicado no [&hellip;]<\/p>\n","protected":false},"author":1,"featured_media":12737,"parent":3848,"menu_order":0,"comment_status":"closed","ping_status":"closed","template":"","meta":{"ngg_post_thumbnail":0,"footnotes":""},"class_list":["post-520","page","type-page","status-publish","has-post-thumbnail","hentry"],"_links":{"self":[{"href":"https:\/\/categero.org.br\/antigo\/index.php?rest_route=\/wp\/v2\/pages\/520","targetHints":{"allow":["GET"]}}],"collection":[{"href":"https:\/\/categero.org.br\/antigo\/index.php?rest_route=\/wp\/v2\/pages"}],"about":[{"href":"https:\/\/categero.org.br\/antigo\/index.php?rest_route=\/wp\/v2\/types\/page"}],"author":[{"embeddable":true,"href":"https:\/\/categero.org.br\/antigo\/index.php?rest_route=\/wp\/v2\/users\/1"}],"replies":[{"embeddable":true,"href":"https:\/\/categero.org.br\/antigo\/index.php?rest_route=%2Fwp%2Fv2%2Fcomments&post=520"}],"version-history":[{"count":7,"href":"https:\/\/categero.org.br\/antigo\/index.php?rest_route=\/wp\/v2\/pages\/520\/revisions"}],"predecessor-version":[{"id":12741,"href":"https:\/\/categero.org.br\/antigo\/index.php?rest_route=\/wp\/v2\/pages\/520\/revisions\/12741"}],"up":[{"embeddable":true,"href":"https:\/\/categero.org.br\/antigo\/index.php?rest_route=\/wp\/v2\/pages\/3848"}],"wp:featuredmedia":[{"embeddable":true,"href":"https:\/\/categero.org.br\/antigo\/index.php?rest_route=\/wp\/v2\/media\/12737"}],"wp:attachment":[{"href":"https:\/\/categero.org.br\/antigo\/index.php?rest_route=%2Fwp%2Fv2%2Fmedia&parent=520"}],"curies":[{"name":"wp","href":"https:\/\/api.w.org\/{rel}","templated":true}]}}